{"id":109737,"date":"2023-11-13T16:51:14","date_gmt":"2023-11-13T15:51:14","guid":{"rendered":"https:\/\/www.aivp.org\/?page_id=109737"},"modified":"2024-06-19T17:07:39","modified_gmt":"2024-06-19T15:07:39","slug":"self-assessment-of-the-agenda-2030-by-aivp","status":"publish","type":"page","link":"https:\/\/www.aivp.org\/en\/home\/our-initiatives\/agenda-2030\/self-assessment-of-the-agenda-2030-by-aivp\/","title":{"rendered":"Self-Assessment of the Agenda 2030 by AIVP"},"content":{"rendered":"<div class=\"block block-texte py-5  bg-white\" id=\"block_d44d4fc0cbfc8feee2bee48d32d8328b\">\n\n\t<div class=\"container\">\n\n\t\t<div class=\"row\">\n\n\t\t\t<div class=\"col-12 anime-in-view\">\n\t\t\t\t\n\t\t\t\t<p>After drawing up the Agenda 2030 in 2018 to adapt the UN&#8217;s Sustainable Development Goals to the context of port cities, AIVP wanted to support its members in implementing these goals in their development plans through the creation of a self-assessment tool. The aim of the self-assessment tool is to provide our port and city members with a tool to monitor their progress in implementing the 10 objectives of the Agenda 2030 by AIVP in their projects and general operations.<\/p>\n<p>The self-assessment tool allows the using entity to:<br \/>\n&#8211; establish a baseline of where the entity is at currently in the implementation process and, in the long-term, how they have progressed;<br \/>\n&#8211; obtain a holistic perspectiveof how their entity is doing in regards to all the goals of the Agenda 2030 and the UN SDGs;<br \/>\n&#8211; obtain ideas on next steps or highlight innovative projects already conducted by the entity.<\/p>\n\n\t\t\t<\/div>\n\t\t\t\n\t\t<\/div>\n\n\t<\/div>\n\n<\/div>\n\n<div class=\"block block-texte py-5  bg-white\" id=\"block_cac57a2f5ae8484f172fb8a0d7ec605b\">\n\n\t<div class=\"container\">\n\n\t\t<div class=\"row\">\n\n\t\t\t<div class=\"col-12 anime-in-view\">\n\t\t\t\t\n\t\t\t\t<h2>More about the tool<\/h2>\n<p>The Self-Assessment tool of the Agenda 2030 by AIVP is designed to assess your structure\u2019s progress on attaining the 10 goals the association has set its members for 2030 in order to develop sustainable port cities. The self-assessment tool comprises approximately 120 questions, both quantitative and qualitative in nature. The questions are designed to encourage self-reflection on the various goals and subgoals of the Agenda 2030 as well as serve as a basis of reference to understand how to advance in the following here. The AIVP strongly encourages for the structure to take time to discuss their answers internally, across different teams, as we do not expect one person to have all the answers.<\/p>\n<p>The Self-Assessment tool has been developed for AIVP\u2019s port and city members to use on a yearly basis to track their progress in regards to attaining the Agenda 2030 goals. All answers and results are private and will not be shared by the AIVP. We have confidence that our members answer the questions of the self-assessment tool in full honesty and based on the data they have available.<\/p>\n<p>The AIVP team can support our members in analyzing their results and suggesting ways to improve through benchmarks or master classes. If the user sees that one of their projects could be a good practice while answering the questionnaire, we strongly urge them to contact our team as well. If there is a project that meets several of the objectives, we recommend that they go look at the <a href=\"https:\/\/www.aivp.org\/en\/home\/acting-sustainably\/109775-2\/\">AIVP Prize Antoine Rufenacht<\/a>.<\/p>\n<p>The AIVP strongly encourages the users of the Self-assessment tool to contact the AIVP team if they have any questions regarding the questionnaire or their results <strong>(assessment@aivp.org)<\/strong>. <\/p>\n<p>&nbsp;<\/p>\n\n\t\t\t<\/div>\n\t\t\t\n\t\t<\/div>\n\n\t<\/div>\n\n<\/div>\n\n<div class=\"block block-texte py-5  bg-primary\" id=\"block_286cff5faf59e7418e1c92bf0ca65c96\">\n\n\t<div class=\"container\">\n\n\t\t<div class=\"row\">\n\n\t\t\t<div class=\"col-12 anime-in-view\">\n\t\t\t\t\n\t\t\t\t<h2 style=\"text-align: center\">Would you like to test your entity?<\/h2>\n<h2 style=\"text-align: center\"><a href=\"https:\/\/www.aivp-diagnostic.org\/auth\/login\" target=\"_blank\" rel=\"noopener\"><img loading=\"lazy\" decoding=\"async\" class=\"alignnone wp-image-114107\" src=\"https:\/\/www.aivp.org\/wp-content\/uploads\/2024\/01\/Self-Assessment-of-the-Agenda-2030-by-AIVP.png\" alt=\"\" width=\"339\" height=\"113\" srcset=\"https:\/\/www.aivp.org\/wp-content\/uploads\/2024\/01\/Self-Assessment-of-the-Agenda-2030-by-AIVP.png 300w, https:\/\/www.aivp.org\/wp-content\/uploads\/2024\/01\/Self-Assessment-of-the-Agenda-2030-by-AIVP-255x85.png 255w, https:\/\/www.aivp.org\/wp-content\/uploads\/2024\/01\/Self-Assessment-of-the-Agenda-2030-by-AIVP-171x57.png 171w\" sizes=\"auto, (max-width: 339px) 100vw, 339px\" \/><\/a><\/h2>\n\n\t\t\t<\/div>\n\t\t\t\n\t\t<\/div>\n\n\t<\/div>\n\n<\/div>\n\n<div class=\"block block-texte py-5  bg-white\" id=\"block_299559b54f6fb6cd90eebe75cc14185b\">\n\n\t<div class=\"container\">\n\n\t\t<div class=\"row\">\n\n\t\t\t<div class=\"col-12 anime-in-view\">\n\t\t\t\t\n\t\t\t\t<div class=\"miniplayer style-scope ytd-miniplayer\" role=\"dialog\">\n<div id=\"card\" class=\"style-scope ytd-miniplayer\">\n<div id=\"video-container\" class=\"style-scope ytd-miniplayer\">\n<div id=\"info-bar\" class=\"style-scope ytd-miniplayer\">\n<div class=\"metadata style-scope ytd-miniplayer\"><\/div>\n<\/div>\n<\/div>\n<\/div>\n<\/div>\n<div id=\"content\" class=\"style-scope ytd-app\">\n<div id=\"columns\" class=\"style-scope ytd-watch-flexy\">\n<div id=\"primary\" class=\"style-scope ytd-watch-flexy\">\n<div id=\"primary-inner\" class=\"style-scope ytd-watch-flexy\">\n<div id=\"below\" class=\"style-scope ytd-watch-flexy\">\n<div id=\"above-the-fold\" class=\"style-scope ytd-watch-metadata\">\n<div id=\"title\" class=\"style-scope ytd-watch-metadata\">\n<h1 class=\"style-scope ytd-watch-metadata\">AIVP Workshop on the Maritime Port Self assessment tool<\/h1>\n<\/div>\n<\/div>\n<\/div>\n<\/div>\n<\/div>\n<\/div>\n<\/div>\n\n\t\t\t<\/div>\n\t\t\t\n\t\t<\/div>\n\n\t<\/div>\n\n<\/div>\n\n<div class=\"video-article block-video \" >\n\n    <div class=\"col-video\">\n\n        <a class=\"video-link h-100 w-100 d-flex justify-content-center align-items-center position-relative\" data-fancybox=\"\" href=\"https:\/\/youtu.be\/oWYOQVPIf28%20\"> \n\n            <img loading=\"lazy\" decoding=\"async\" width=\"1920\" height=\"1080\" src=\"https:\/\/www.aivp.org\/wp-content\/uploads\/2024\/04\/webinaire-GB-AIVP-Workshop-on-the-Maritime-Port-Self-assessment-tool-16.04-1.png\" class=\"position-absolute img-bg\" alt=\"\" srcset=\"https:\/\/www.aivp.org\/wp-content\/uploads\/2024\/04\/webinaire-GB-AIVP-Workshop-on-the-Maritime-Port-Self-assessment-tool-16.04-1.png 1920w, https:\/\/www.aivp.org\/wp-content\/uploads\/2024\/04\/webinaire-GB-AIVP-Workshop-on-the-Maritime-Port-Self-assessment-tool-16.04-1-690x388.png 690w, https:\/\/www.aivp.org\/wp-content\/uploads\/2024\/04\/webinaire-GB-AIVP-Workshop-on-the-Maritime-Port-Self-assessment-tool-16.04-1-1140x641.png 1140w, https:\/\/www.aivp.org\/wp-content\/uploads\/2024\/04\/webinaire-GB-AIVP-Workshop-on-the-Maritime-Port-Self-assessment-tool-16.04-1-768x432.png 768w, https:\/\/www.aivp.org\/wp-content\/uploads\/2024\/04\/webinaire-GB-AIVP-Workshop-on-the-Maritime-Port-Self-assessment-tool-16.04-1-1536x864.png 1536w, https:\/\/www.aivp.org\/wp-content\/uploads\/2024\/04\/webinaire-GB-AIVP-Workshop-on-the-Maritime-Port-Self-assessment-tool-16.04-1-255x143.png 255w, https:\/\/www.aivp.org\/wp-content\/uploads\/2024\/04\/webinaire-GB-AIVP-Workshop-on-the-Maritime-Port-Self-assessment-tool-16.04-1-360x203.png 360w, https:\/\/www.aivp.org\/wp-content\/uploads\/2024\/04\/webinaire-GB-AIVP-Workshop-on-the-Maritime-Port-Self-assessment-tool-16.04-1-171x96.png 171w, https:\/\/www.aivp.org\/wp-content\/uploads\/2024\/04\/webinaire-GB-AIVP-Workshop-on-the-Maritime-Port-Self-assessment-tool-16.04-1-548x308.png 548w\" sizes=\"auto, (max-width: 1920px) 100vw, 1920px\" \/>\n            <img decoding=\"async\" class=\"img-play\" src=\"https:\/\/www.aivp.org\/wp-content\/themes\/lmc-aivp\/img\/btn-play.svg\"> \n\n            <span class=\"overlay position-absolute h-100 w-100\"><\/span>\n        <\/a>\n\n    <\/div>\n<\/div>\n\n<div class=\"block block-texte py-5  bg-white\" id=\"block_0955d2e0d1ae98726e00533199d4bfb2\">\n\n\t<div class=\"container\">\n\n\t\t<div class=\"row\">\n\n\t\t\t<div class=\"col-12 anime-in-view\">\n\t\t\t\t\n\t\t\t\t<h2>User Guide<\/h2>\n<p>Prior to connecting to the self-assessment tool, please reset your password on the AIVP webpage. The user can do so by clicking on \u201cMember area\u201d in the top right corner and then choosing \u201cFirst login or forgot your password\u201d and following the process.<\/p>\n<p>Currently, the Self-Assessment tool is only available to members of the AIVP. By using the log-in information for the AIVP website, members can also access the Self-assessment tool platform. The user can access the self-assessment tool by pressing the blue button. In order to collaborate with colleagues, we recommend using the same login information. This allows colleagues to be able to see what the others have done and discuss questions that may require a different perspective.<\/p>\n<p>Click here to download the user guide PDF: <a href=\"https:\/\/www.aivp.org\/wp-content\/uploads\/2024\/03\/User-guide-Self-assessment-tool.pdf\">User guide-Self-assessment tool<\/a><\/p>\n<p>&nbsp;<\/p>\n\n\t\t\t<\/div>\n\t\t\t\n\t\t<\/div>\n\n\t<\/div>\n\n<\/div>\n\n<div class=\"block block-texte py-5  bg-white\" id=\"block_550bbbcc1fcf8c5f7dc594376d1afe42\">\n\n\t<div class=\"container\">\n\n\t\t<div class=\"row\">\n\n\t\t\t<div class=\"col-12 anime-in-view\">\n\t\t\t\t\n\t\t\t\t<div class=\"miniplayer style-scope ytd-miniplayer\" role=\"dialog\">\n<div id=\"card\" class=\"style-scope ytd-miniplayer\">\n<div id=\"video-container\" class=\"style-scope ytd-miniplayer\">\n<div id=\"info-bar\" class=\"style-scope ytd-miniplayer\">\n<div class=\"metadata style-scope ytd-miniplayer\">\n<h3 class=\"channel style-scope ytd-miniplayer\">Tutorial &#8211; Self Assessment of the Agenda 2030 by AIVP<\/h3>\n<\/div>\n<\/div>\n<\/div>\n<\/div>\n<\/div>\n\n\t\t\t<\/div>\n\t\t\t\n\t\t<\/div>\n\n\t<\/div>\n\n<\/div>\n\n<div class=\"video-article block-video \" >\n\n    <div class=\"col-video\">\n\n        <a class=\"video-link h-100 w-100 d-flex justify-content-center align-items-center position-relative\" data-fancybox=\"\" href=\"https:\/\/www.youtube.com\/watch?v=-ldgadIgdEE\"> \n\n            <img loading=\"lazy\" decoding=\"async\" width=\"1920\" height=\"1080\" src=\"https:\/\/www.aivp.org\/wp-content\/uploads\/2024\/04\/Tutorial-Self-Assessment-of-the-Agenda-2030-by-AIVP-2.png\" class=\"position-absolute img-bg\" alt=\"\" srcset=\"https:\/\/www.aivp.org\/wp-content\/uploads\/2024\/04\/Tutorial-Self-Assessment-of-the-Agenda-2030-by-AIVP-2.png 1920w, https:\/\/www.aivp.org\/wp-content\/uploads\/2024\/04\/Tutorial-Self-Assessment-of-the-Agenda-2030-by-AIVP-2-690x388.png 690w, https:\/\/www.aivp.org\/wp-content\/uploads\/2024\/04\/Tutorial-Self-Assessment-of-the-Agenda-2030-by-AIVP-2-1140x641.png 1140w, https:\/\/www.aivp.org\/wp-content\/uploads\/2024\/04\/Tutorial-Self-Assessment-of-the-Agenda-2030-by-AIVP-2-768x432.png 768w, https:\/\/www.aivp.org\/wp-content\/uploads\/2024\/04\/Tutorial-Self-Assessment-of-the-Agenda-2030-by-AIVP-2-1536x864.png 1536w, https:\/\/www.aivp.org\/wp-content\/uploads\/2024\/04\/Tutorial-Self-Assessment-of-the-Agenda-2030-by-AIVP-2-255x143.png 255w, https:\/\/www.aivp.org\/wp-content\/uploads\/2024\/04\/Tutorial-Self-Assessment-of-the-Agenda-2030-by-AIVP-2-360x203.png 360w, https:\/\/www.aivp.org\/wp-content\/uploads\/2024\/04\/Tutorial-Self-Assessment-of-the-Agenda-2030-by-AIVP-2-171x96.png 171w, https:\/\/www.aivp.org\/wp-content\/uploads\/2024\/04\/Tutorial-Self-Assessment-of-the-Agenda-2030-by-AIVP-2-548x308.png 548w\" sizes=\"auto, (max-width: 1920px) 100vw, 1920px\" \/>\n            <img decoding=\"async\" class=\"img-play\" src=\"https:\/\/www.aivp.org\/wp-content\/themes\/lmc-aivp\/img\/btn-play.svg\"> \n\n            <span class=\"overlay position-absolute h-100 w-100\"><\/span>\n        <\/a>\n\n    <\/div>\n<\/div>\n\n<div class=\"block block-texte py-5  bg-info\" id=\"block_34ae6b35f51f9c58e0ac3954e337c7ce\">\n\n\t<div class=\"container\">\n\n\t\t<div class=\"row\">\n\n\t\t\t<div class=\"col-12 anime-in-view\">\n\t\t\t\t\n\t\t\t\t<h2 style=\"text-align: center\"><a href=\"https:\/\/www.aivp.org\/en\/faq\/#question-self-assessment\" target=\"_blank\" rel=\"noopener\">FAQ &#8211; Self-Assessment of the Agenda 2030 by AIVP<\/a><\/h2>\n\n\t\t\t<\/div>\n\t\t\t\n\t\t<\/div>\n\n\t<\/div>\n\n<\/div>\n\n<div class=\"block block-texte py-5  bg-white\" id=\"block_3c64a842bb1518d2fb284999c7a27b18\">\n\n\t<div class=\"container\">\n\n\t\t<div class=\"row\">\n\n\t\t\t<div class=\"col-12 anime-in-view\">\n\t\t\t\t\n\t\t\t\t<p><img loading=\"lazy\" decoding=\"async\" class=\"alignnone  wp-image-120191\" src=\"https:\/\/www.aivp.org\/wp-content\/uploads\/2024\/04\/secretariat-detat-charge-de-la-mer-et-de-la-biodiversite.png\" alt=\"\" width=\"172\" height=\"110\" srcset=\"https:\/\/www.aivp.org\/wp-content\/uploads\/2024\/04\/secretariat-detat-charge-de-la-mer-et-de-la-biodiversite.png 1145w, https:\/\/www.aivp.org\/wp-content\/uploads\/2024\/04\/secretariat-detat-charge-de-la-mer-et-de-la-biodiversite-690x441.png 690w, https:\/\/www.aivp.org\/wp-content\/uploads\/2024\/04\/secretariat-detat-charge-de-la-mer-et-de-la-biodiversite-1140x728.png 1140w, https:\/\/www.aivp.org\/wp-content\/uploads\/2024\/04\/secretariat-detat-charge-de-la-mer-et-de-la-biodiversite-768x490.png 768w, https:\/\/www.aivp.org\/wp-content\/uploads\/2024\/04\/secretariat-detat-charge-de-la-mer-et-de-la-biodiversite-255x163.png 255w, https:\/\/www.aivp.org\/wp-content\/uploads\/2024\/04\/secretariat-detat-charge-de-la-mer-et-de-la-biodiversite-360x230.png 360w, https:\/\/www.aivp.org\/wp-content\/uploads\/2024\/04\/secretariat-detat-charge-de-la-mer-et-de-la-biodiversite-171x109.png 171w, https:\/\/www.aivp.org\/wp-content\/uploads\/2024\/04\/secretariat-detat-charge-de-la-mer-et-de-la-biodiversite-548x350.png 548w\" sizes=\"auto, (max-width: 172px) 100vw, 172px\" \/><\/p>\n<p>Operation supported by the French government as part of the Fonds d&#8217;Intervention Maritime (FIM) operated by the Direction G\u00e9n\u00e9rale des Affaires Maritimes, de la P\u00eache et de l&#8217;Aquaculture (DGAMPA).<\/p>\n\n\t\t\t<\/div>\n\t\t\t\n\t\t<\/div>\n\n\t<\/div>\n\n<\/div>\n\n<div class=\"block image py-5 \" id=\"block_e8b1b59cf00343042501c827e077a2b3\" >\n\n    <div class=\"container \">\n\n        \n        \n    <\/div>\n\n<\/div>","protected":false},"excerpt":{"rendered":"","protected":false},"author":119,"featured_media":0,"parent":3262,"menu_order":0,"comment_status":"closed","ping_status":"closed","template":"","meta":{"_acf_changed":false,"footnotes":""},"class_list":["post-109737","page","type-page","status-publish","hentry"],"acf":[],"yoast_head":"<!-- This site is optimized with the Yoast SEO plugin v26.8 - https:\/\/yoast.com\/product\/yoast-seo-wordpress\/ -->\n<title>Self-Assessment of the Agenda 2030 by AIVP - AIVP<\/title>\n<meta name=\"robots\" content=\"index, follow, max-snippet:-1, max-image-preview:large, max-video-preview:-1\" \/>\n<link rel=\"canonical\" href=\"https:\/\/www.aivp.org\/en\/home\/our-initiatives\/agenda-2030\/self-assessment-of-the-agenda-2030-by-aivp\/\" \/>\n<meta property=\"og:locale\" content=\"en_US\" \/>\n<meta property=\"og:type\" content=\"article\" \/>\n<meta property=\"og:title\" content=\"Self-Assessment of the Agenda 2030 by AIVP - AIVP\" \/>\n<meta property=\"og:url\" content=\"https:\/\/www.aivp.org\/en\/home\/our-initiatives\/agenda-2030\/self-assessment-of-the-agenda-2030-by-aivp\/\" \/>\n<meta property=\"og:site_name\" content=\"AIVP\" \/>\n<meta property=\"article:modified_time\" content=\"2024-06-19T15:07:39+00:00\" \/>\n<meta name=\"twitter:card\" content=\"summary_large_image\" \/>\n<script type=\"application\/ld+json\" class=\"yoast-schema-graph\">{\"@context\":\"https:\/\/schema.org\",\"@graph\":[{\"@type\":\"WebPage\",\"@id\":\"https:\/\/www.aivp.org\/en\/home\/our-initiatives\/agenda-2030\/self-assessment-of-the-agenda-2030-by-aivp\/\",\"url\":\"https:\/\/www.aivp.org\/en\/home\/our-initiatives\/agenda-2030\/self-assessment-of-the-agenda-2030-by-aivp\/\",\"name\":\"Self-Assessment of the Agenda 2030 by AIVP - AIVP\",\"isPartOf\":{\"@id\":\"https:\/\/www.aivp.org\/en\/#website\"},\"datePublished\":\"2023-11-13T15:51:14+00:00\",\"dateModified\":\"2024-06-19T15:07:39+00:00\",\"breadcrumb\":{\"@id\":\"https:\/\/www.aivp.org\/en\/home\/our-initiatives\/agenda-2030\/self-assessment-of-the-agenda-2030-by-aivp\/#breadcrumb\"},\"inLanguage\":\"en-US\",\"potentialAction\":[{\"@type\":\"ReadAction\",\"target\":[\"https:\/\/www.aivp.org\/en\/home\/our-initiatives\/agenda-2030\/self-assessment-of-the-agenda-2030-by-aivp\/\"]}]},{\"@type\":\"BreadcrumbList\",\"@id\":\"https:\/\/www.aivp.org\/en\/home\/our-initiatives\/agenda-2030\/self-assessment-of-the-agenda-2030-by-aivp\/#breadcrumb\",\"itemListElement\":[{\"@type\":\"ListItem\",\"position\":1,\"name\":\"Home\",\"item\":\"https:\/\/www.aivp.org\/en\/\"},{\"@type\":\"ListItem\",\"position\":2,\"name\":\"Home\",\"item\":\"https:\/\/www.aivp.org\/en\/\"},{\"@type\":\"ListItem\",\"position\":3,\"name\":\"Our initiatives\",\"item\":\"https:\/\/www.aivp.org\/en\/home\/our-initiatives\/\"},{\"@type\":\"ListItem\",\"position\":4,\"name\":\"Agenda 2030\",\"item\":\"https:\/\/www.aivp.org\/en\/home\/our-initiatives\/agenda-2030\/\"},{\"@type\":\"ListItem\",\"position\":5,\"name\":\"Self-Assessment of the Agenda 2030 by AIVP\"}]},{\"@type\":\"WebSite\",\"@id\":\"https:\/\/www.aivp.org\/en\/#website\",\"url\":\"https:\/\/www.aivp.org\/en\/\",\"name\":\"AIVP\",\"description\":\"Inspiring people of port cities\",\"publisher\":{\"@id\":\"https:\/\/www.aivp.org\/en\/#organization\"},\"potentialAction\":[{\"@type\":\"SearchAction\",\"target\":{\"@type\":\"EntryPoint\",\"urlTemplate\":\"https:\/\/www.aivp.org\/en\/?s={search_term_string}\"},\"query-input\":{\"@type\":\"PropertyValueSpecification\",\"valueRequired\":true,\"valueName\":\"search_term_string\"}}],\"inLanguage\":\"en-US\"},{\"@type\":\"Organization\",\"@id\":\"https:\/\/www.aivp.org\/en\/#organization\",\"name\":\"AIVP\",\"url\":\"https:\/\/www.aivp.org\/en\/\",\"logo\":{\"@type\":\"ImageObject\",\"inLanguage\":\"en-US\",\"@id\":\"https:\/\/www.aivp.org\/en\/#\/schema\/logo\/image\/\",\"url\":\"https:\/\/www.aivp.org\/wp-content\/uploads\/2020\/07\/cropped-favicon.png\",\"contentUrl\":\"https:\/\/www.aivp.org\/wp-content\/uploads\/2020\/07\/cropped-favicon.png\",\"width\":512,\"height\":512,\"caption\":\"AIVP\"},\"image\":{\"@id\":\"https:\/\/www.aivp.org\/en\/#\/schema\/logo\/image\/\"}}]}<\/script>\n<!-- \/ Yoast SEO plugin. -->","yoast_head_json":{"title":"Self-Assessment of the Agenda 2030 by AIVP - AIVP","robots":{"index":"index","follow":"follow","max-snippet":"max-snippet:-1","max-image-preview":"max-image-preview:large","max-video-preview":"max-video-preview:-1"},"canonical":"https:\/\/www.aivp.org\/en\/home\/our-initiatives\/agenda-2030\/self-assessment-of-the-agenda-2030-by-aivp\/","og_locale":"en_US","og_type":"article","og_title":"Self-Assessment of the Agenda 2030 by AIVP - AIVP","og_url":"https:\/\/www.aivp.org\/en\/home\/our-initiatives\/agenda-2030\/self-assessment-of-the-agenda-2030-by-aivp\/","og_site_name":"AIVP","article_modified_time":"2024-06-19T15:07:39+00:00","twitter_card":"summary_large_image","schema":{"@context":"https:\/\/schema.org","@graph":[{"@type":"WebPage","@id":"https:\/\/www.aivp.org\/en\/home\/our-initiatives\/agenda-2030\/self-assessment-of-the-agenda-2030-by-aivp\/","url":"https:\/\/www.aivp.org\/en\/home\/our-initiatives\/agenda-2030\/self-assessment-of-the-agenda-2030-by-aivp\/","name":"Self-Assessment of the Agenda 2030 by AIVP - AIVP","isPartOf":{"@id":"https:\/\/www.aivp.org\/en\/#website"},"datePublished":"2023-11-13T15:51:14+00:00","dateModified":"2024-06-19T15:07:39+00:00","breadcrumb":{"@id":"https:\/\/www.aivp.org\/en\/home\/our-initiatives\/agenda-2030\/self-assessment-of-the-agenda-2030-by-aivp\/#breadcrumb"},"inLanguage":"en-US","potentialAction":[{"@type":"ReadAction","target":["https:\/\/www.aivp.org\/en\/home\/our-initiatives\/agenda-2030\/self-assessment-of-the-agenda-2030-by-aivp\/"]}]},{"@type":"BreadcrumbList","@id":"https:\/\/www.aivp.org\/en\/home\/our-initiatives\/agenda-2030\/self-assessment-of-the-agenda-2030-by-aivp\/#breadcrumb","itemListElement":[{"@type":"ListItem","position":1,"name":"Home","item":"https:\/\/www.aivp.org\/en\/"},{"@type":"ListItem","position":2,"name":"Home","item":"https:\/\/www.aivp.org\/en\/"},{"@type":"ListItem","position":3,"name":"Our initiatives","item":"https:\/\/www.aivp.org\/en\/home\/our-initiatives\/"},{"@type":"ListItem","position":4,"name":"Agenda 2030","item":"https:\/\/www.aivp.org\/en\/home\/our-initiatives\/agenda-2030\/"},{"@type":"ListItem","position":5,"name":"Self-Assessment of the Agenda 2030 by AIVP"}]},{"@type":"WebSite","@id":"https:\/\/www.aivp.org\/en\/#website","url":"https:\/\/www.aivp.org\/en\/","name":"AIVP","description":"Inspiring people of port cities","publisher":{"@id":"https:\/\/www.aivp.org\/en\/#organization"},"potentialAction":[{"@type":"SearchAction","target":{"@type":"EntryPoint","urlTemplate":"https:\/\/www.aivp.org\/en\/?s={search_term_string}"},"query-input":{"@type":"PropertyValueSpecification","valueRequired":true,"valueName":"search_term_string"}}],"inLanguage":"en-US"},{"@type":"Organization","@id":"https:\/\/www.aivp.org\/en\/#organization","name":"AIVP","url":"https:\/\/www.aivp.org\/en\/","logo":{"@type":"ImageObject","inLanguage":"en-US","@id":"https:\/\/www.aivp.org\/en\/#\/schema\/logo\/image\/","url":"https:\/\/www.aivp.org\/wp-content\/uploads\/2020\/07\/cropped-favicon.png","contentUrl":"https:\/\/www.aivp.org\/wp-content\/uploads\/2020\/07\/cropped-favicon.png","width":512,"height":512,"caption":"AIVP"},"image":{"@id":"https:\/\/www.aivp.org\/en\/#\/schema\/logo\/image\/"}}]}},"_links":{"self":[{"href":"https:\/\/www.aivp.org\/en\/wp-json\/wp\/v2\/pages\/109737","targetHints":{"allow":["GET"]}}],"collection":[{"href":"https:\/\/www.aivp.org\/en\/wp-json\/wp\/v2\/pages"}],"about":[{"href":"https:\/\/www.aivp.org\/en\/wp-json\/wp\/v2\/types\/page"}],"author":[{"embeddable":true,"href":"https:\/\/www.aivp.org\/en\/wp-json\/wp\/v2\/users\/119"}],"replies":[{"embeddable":true,"href":"https:\/\/www.aivp.org\/en\/wp-json\/wp\/v2\/comments?post=109737"}],"version-history":[{"count":3,"href":"https:\/\/www.aivp.org\/en\/wp-json\/wp\/v2\/pages\/109737\/revisions"}],"predecessor-version":[{"id":123109,"href":"https:\/\/www.aivp.org\/en\/wp-json\/wp\/v2\/pages\/109737\/revisions\/123109"}],"up":[{"embeddable":true,"href":"https:\/\/www.aivp.org\/en\/wp-json\/wp\/v2\/pages\/3262"}],"wp:attachment":[{"href":"https:\/\/www.aivp.org\/en\/wp-json\/wp\/v2\/media?parent=109737"}],"curies":[{"name":"wp","href":"https:\/\/api.w.org\/{rel}","templated":true}]}}