{"id":109775,"date":"2023-11-13T17:16:22","date_gmt":"2023-11-13T16:16:22","guid":{"rendered":"https:\/\/www.aivp.org\/?page_id=109775"},"modified":"2024-04-22T10:36:41","modified_gmt":"2024-04-22T08:36:41","slug":"aivp-prize-antoine-rufenacht","status":"publish","type":"page","link":"https:\/\/www.aivp.org\/en\/home\/our-initiatives\/aivp-prize-antoine-rufenacht\/","title":{"rendered":"AIVP Prize Antoine Rufenacht"},"content":{"rendered":"<div class=\"block image py-5 \" id=\"block_28a96b2efdddd728b4c6c52aea60c69f\" >\n\n    <div class=\"container \">\n\n        \n        <img loading=\"lazy\" decoding=\"async\" width=\"856\" height=\"402\" src=\"https:\/\/www.aivp.org\/wp-content\/uploads\/2023\/11\/par-gb.png\" class=\"img-fluid d-block mx-auto\" alt=\"\" srcset=\"https:\/\/www.aivp.org\/wp-content\/uploads\/2023\/11\/par-gb.png 856w, https:\/\/www.aivp.org\/wp-content\/uploads\/2023\/11\/par-gb-690x324.png 690w, https:\/\/www.aivp.org\/wp-content\/uploads\/2023\/11\/par-gb-768x361.png 768w, https:\/\/www.aivp.org\/wp-content\/uploads\/2023\/11\/par-gb-255x120.png 255w, https:\/\/www.aivp.org\/wp-content\/uploads\/2023\/11\/par-gb-360x169.png 360w, https:\/\/www.aivp.org\/wp-content\/uploads\/2023\/11\/par-gb-171x80.png 171w, https:\/\/www.aivp.org\/wp-content\/uploads\/2023\/11\/par-gb-548x257.png 548w\" sizes=\"auto, (max-width: 856px) 100vw, 856px\" \/>\n    <\/div>\n\n<\/div>\n\n<div class=\"block block-deux-colonnes py-5   bg-white\" id=\"block_4172ee72e14657c09a3992c0c1cbad38\">\n\n\t<div class=\"container with-waves\">\n\n\t\t<div class=\"row\">\n\t\t\t\n\t\t\t<div class=\"col-lg-6\">\n\n\t\t\t\t<div>\n\t\t\t\t\n\t\t\t\t\t\n\t\t\t\t\t\t<div class=\"anime-in-view\"><h2 class=\"aivp-split__left--title aos-init aos-animate\" data-aos=\"fade-down\" data-aos-delay=\"200\" data-aos-duration=\"700\">International recognition<\/h2>\n<div class=\"aivp-split__left--content aos-init aos-animate\" data-aos=\"fade-up\" data-aos-delay=\"200\" data-aos-duration=\"700\">\n<div class=\"page\" title=\"Page 1\">\n<div class=\"section\">\n<div class=\"layoutArea\">\n<div class=\"column\">\n<p><strong>To promote integrated, forward-looking development strategies<\/strong>\u00a0built around a global vision of what a port city should be.<\/p>\n<p><strong>To highlight the unique, high-quality work<\/strong>\u00a0done by the teams responsible for making the project a reality.<\/p>\n<p><strong>To support efforts by port cities around the world<\/strong>\u00a0to adopt a sustainable approach to development, in line with the goals identified in Agenda 2030 by AIVP, the International Association of Cities and Ports.<\/p>\n<\/div>\n<\/div>\n<\/div>\n<\/div>\n<\/div>\n<\/div>\n\n\t\t\t\t<\/div>\n\n\t\t\t<\/div>\n\n\t\t\t<div class=\"col-lg-6 mt-lg-0 mt-5\">\n\t\t\t\t\n\t\t\t\t\n\t\t\t\t\t<div class=\"anime-in-view\"><div class=\"page\" title=\"Page 1\">\n<div class=\"section\">\n<div class=\"layoutArea\">\n<div class=\"column\">\n<p>As port cities are on the front line when it comes to sustainable development issues, the\u00a0<a href=\"https:\/\/www.aivp.org\/en\/home\/acting-sustainably\/agenda-2030\/\">AIVP 2030 Agenda<\/a>\u00a0provides an invaluable framework for testing and deploying innovative practical solutions, while retaining the unique character of each port city.<\/p>\n<\/div>\n<\/div>\n<\/div>\n<\/div>\n<blockquote><p><em>\u201cThe creation of the AIVP Antoine Rufenacht Prize is designed to foster dialogue and encourage the replication of best practices for a safer and more sustainable future, to ensure our port cities remain sources of life, work, and pride.\u201d<\/em><\/p>\n<p><strong>\u00c9douard Philippe,<br \/>\n<\/strong>President of AIVP<br \/>\nMayor of Le Havre<br \/>\nFormer Prime Minister \u2013 France<\/p><\/blockquote>\n<\/div>\n\n\t\t\t<\/div>\n\n\t\t<\/div>\n\n\n\t\t<div class=\"waves position-absolute d-none d-xl-block\" id=\"wave_1\" >\n    <svg xmlns=\"http:\/\/www.w3.org\/2000\/svg\" width=\"83.591\" height=\"8\" viewBox=\"0 0 83.591 8\"><g transform=\"translate(-0.001 -123.628)\"><path class=\"wave\" style=\"stroke:none;\" d=\"M355.4,126.737a12.46,12.46,0,0,1,2.682,1.837c1.744,1.431,3.72,3.054,7.539,3.054s5.8-1.622,7.539-3.054c1.632-1.34,3.042-2.5,5.985-2.5a1.224,1.224,0,0,0,0-2.449c-3.819,0-5.8,1.622-7.539,3.054-1.632,1.34-3.042,2.5-5.985,2.5s-4.353-1.157-5.985-2.5a14.548,14.548,0,0,0-3.213-2.17,1.225,1.225,0,0,0-1.023,2.225Z\" transform=\"translate(-296.78)\"\/><path class=\"wave\" style=\"stroke:none;\" d=\"M1.225,126.078c2.942,0,4.352,1.157,5.985,2.5,1.743,1.431,3.719,3.053,7.539,3.053s5.8-1.622,7.539-3.053c1.632-1.34,3.042-2.5,5.985-2.5s4.352,1.157,5.985,2.5c1.743,1.431,3.719,3.053,7.539,3.053s5.8-1.622,7.539-3.053c1.583-1.3,2.95-2.422,5.7-2.494a1.224,1.224,0,0,0-.064-2.448,10.748,10.748,0,0,0-7.195,3.049c-1.632,1.34-3.042,2.5-5.985,2.5s-4.352-1.157-5.985-2.5c-1.743-1.431-3.719-3.054-7.538-3.054s-5.8,1.622-7.539,3.054c-1.632,1.34-3.042,2.5-5.985,2.5s-4.352-1.157-5.985-2.5c-1.743-1.431-3.719-3.054-7.539-3.054a1.224,1.224,0,0,0,0,2.449Z\" transform=\"translate(0 -0.001)\"\/><\/g><\/svg><\/div>\n<div class=\"waves position-absolute d-none d-xl-block\" id=\"wave_2\" >\n    <svg xmlns=\"http:\/\/www.w3.org\/2000\/svg\" width=\"83.591\" height=\"8\" viewBox=\"0 0 83.591 8\"><path class=\"wave\" style=\"stroke:none;\" d=\"M379.658,126.737a12.46,12.46,0,0,0-2.682,1.837c-1.744,1.431-3.72,3.053-7.539,3.053s-5.8-1.622-7.539-3.053c-1.632-1.34-3.042-2.5-5.985-2.5a1.224,1.224,0,0,1,0-2.449c3.819,0,5.8,1.622,7.539,3.053,1.633,1.34,3.042,2.5,5.985,2.5s4.353-1.157,5.985-2.5a14.548,14.548,0,0,1,3.213-2.17,1.225,1.225,0,0,1,1.023,2.225Z\" transform=\"translate(-354.688 -123.628)\"\/><path class=\"wave\" style=\"stroke:none;\" d=\"M55.007,126.078c-2.942,0-4.352,1.157-5.985,2.5-1.743,1.431-3.719,3.053-7.539,3.053s-5.8-1.622-7.539-3.053c-1.632-1.34-3.042-2.5-5.985-2.5s-4.352,1.157-5.985,2.5c-1.743,1.431-3.719,3.053-7.539,3.053s-5.8-1.622-7.539-3.053c-1.583-1.3-2.95-2.422-5.7-2.494a1.224,1.224,0,0,1,.064-2.448,10.748,10.748,0,0,1,7.195,3.049c1.632,1.34,3.042,2.5,5.985,2.5s4.352-1.157,5.985-2.5c1.743-1.431,3.719-3.053,7.539-3.053s5.8,1.622,7.539,3.053c1.632,1.34,3.042,2.5,5.985,2.5s4.352-1.157,5.985-2.5c1.743-1.431,3.719-3.053,7.539-3.053a1.224,1.224,0,0,1,0,2.449Z\" transform=\"translate(27.36 -123.629)\"\/><\/svg><\/div>\n\t<\/div>\n\n<\/div>\n\n<div class=\"block block-texte py-5  bg-info\" id=\"block_6eb74f719d7189cd55037971f0540aca\">\n\n\t<div class=\"container\">\n\n\t\t<div class=\"row\">\n\n\t\t\t<div class=\"col-12 anime-in-view\">\n\t\t\t\t\n\t\t\t\t<h1 style=\"text-align: center\">Learn more: <a href=\"https:\/\/aivp-rufenacht-prize.org\/en\/\" target=\"_blank\" rel=\"noopener\"><strong>HERE\u00a0<\/strong><\/a><\/h1>\n\n\t\t\t<\/div>\n\t\t\t\n\t\t<\/div>\n\n\t<\/div>\n\n<\/div>\n\n<div class=\"block block-deux-colonnes py-5   bg-white\" id=\"block_b471622a9b67231d390ef4ed5185b294\">\n\n\t<div class=\"container with-waves\">\n\n\t\t<div class=\"row\">\n\t\t\t\n\t\t\t<div class=\"col-lg-6\">\n\n\t\t\t\t<div>\n\t\t\t\t\n\t\t\t\t\t<img loading=\"lazy\" decoding=\"async\" width=\"690\" height=\"690\" src=\"https:\/\/www.aivp.org\/wp-content\/uploads\/2023\/11\/Antoine-Rufenacht-\u220f-Erik-Levilly-1-e1699433082447-690x690.jpg\" class=\"img-fluid mb-3 anime-in-view\" alt=\"\" srcset=\"https:\/\/www.aivp.org\/wp-content\/uploads\/2023\/11\/Antoine-Rufenacht-\u220f-Erik-Levilly-1-e1699433082447-690x690.jpg 690w, https:\/\/www.aivp.org\/wp-content\/uploads\/2023\/11\/Antoine-Rufenacht-\u220f-Erik-Levilly-1-e1699433082447-1140x1140.jpg 1140w, https:\/\/www.aivp.org\/wp-content\/uploads\/2023\/11\/Antoine-Rufenacht-\u220f-Erik-Levilly-1-e1699433082447-150x150.jpg 150w, https:\/\/www.aivp.org\/wp-content\/uploads\/2023\/11\/Antoine-Rufenacht-\u220f-Erik-Levilly-1-e1699433082447-768x768.jpg 768w, https:\/\/www.aivp.org\/wp-content\/uploads\/2023\/11\/Antoine-Rufenacht-\u220f-Erik-Levilly-1-e1699433082447-255x255.jpg 255w, https:\/\/www.aivp.org\/wp-content\/uploads\/2023\/11\/Antoine-Rufenacht-\u220f-Erik-Levilly-1-e1699433082447-360x360.jpg 360w, https:\/\/www.aivp.org\/wp-content\/uploads\/2023\/11\/Antoine-Rufenacht-\u220f-Erik-Levilly-1-e1699433082447-171x171.jpg 171w, https:\/\/www.aivp.org\/wp-content\/uploads\/2023\/11\/Antoine-Rufenacht-\u220f-Erik-Levilly-1-e1699433082447-548x548.jpg 548w, https:\/\/www.aivp.org\/wp-content\/uploads\/2023\/11\/Antoine-Rufenacht-\u220f-Erik-Levilly-1-e1699433082447.jpg 1328w\" sizes=\"auto, (max-width: 690px) 100vw, 690px\" \/>\n\t\t\t\t\t\t<div class=\"anime-in-view\"><\/div>\n\n\t\t\t\t<\/div>\n\n\t\t\t<\/div>\n\n\t\t\t<div class=\"col-lg-6 mt-lg-0 mt-5\">\n\t\t\t\t\n\t\t\t\t\n\t\t\t\t\t<div class=\"anime-in-view\"><h2 class=\"aivp-vision__title aos-init aos-animate\" data-aos=\"fade-down\" data-aos-duration=\"700\" data-aos-delay=\"200\" data-aos-easing=\"ease-in-out\">Antoine Rufenacht<\/h2>\n<div class=\"aivp-vision__content aos-init aos-animate\" data-aos=\"fade-up\" data-aos-delay=\"200\" data-aos-duration=\"700\" data-aos-easing=\"ease-in-out\">\n<div class=\"page\" title=\"Page 1\">\n<div class=\"section\">\n<div class=\"layoutArea\">\n<div class=\"column\">\n<p>Antoine Rufenacht was a highly respected French businessman and politician, who was Mayor of the city of Le Havre from 1995 and 2010. He was also the founding chairman of the AIVP from 1988 to 2002. He was first and foremost a Le Havre man, a devoted citizen of this French port city that suffered tremendous hardship during the Second World War and was unloved by its residents, widely mocked and misunderstood. Antoine Rufenacht sought to grasp what made it unique. He was quick to recognize the interlinkages between a city\u2019s influence and the port\u2019s appeal and saw that it is mutually beneficial to transcend the boundaries that separate the city and the port. Everything he did was guided by his visionary approach to development, resulting as a series of interlaced steps forming a coherent and indissociable whole, which combines his understanding of globalization and the role of port cities in the world, his open-mindedness, and his ambitions for Le Havre. His efforts radically transformed his city\u2019s image and identity.<\/p>\n<\/div>\n<\/div>\n<\/div>\n<\/div>\n<p><strong>The AIVP Antoine Rufenacht Prize pays tribute to a man of action and dialogue, and his far-sighted understanding of the port city as a coherent urban ensemble built for the long term, with an avant-garde vision.<\/strong><\/p>\n<\/div>\n<\/div>\n\n\t\t\t<\/div>\n\n\t\t<\/div>\n\n\n\t\t<div class=\"waves position-absolute d-none d-xl-block\" id=\"wave_1\" >\n    <svg xmlns=\"http:\/\/www.w3.org\/2000\/svg\" width=\"83.591\" height=\"8\" viewBox=\"0 0 83.591 8\"><g transform=\"translate(-0.001 -123.628)\"><path class=\"wave\" style=\"stroke:none;\" d=\"M355.4,126.737a12.46,12.46,0,0,1,2.682,1.837c1.744,1.431,3.72,3.054,7.539,3.054s5.8-1.622,7.539-3.054c1.632-1.34,3.042-2.5,5.985-2.5a1.224,1.224,0,0,0,0-2.449c-3.819,0-5.8,1.622-7.539,3.054-1.632,1.34-3.042,2.5-5.985,2.5s-4.353-1.157-5.985-2.5a14.548,14.548,0,0,0-3.213-2.17,1.225,1.225,0,0,0-1.023,2.225Z\" transform=\"translate(-296.78)\"\/><path class=\"wave\" style=\"stroke:none;\" d=\"M1.225,126.078c2.942,0,4.352,1.157,5.985,2.5,1.743,1.431,3.719,3.053,7.539,3.053s5.8-1.622,7.539-3.053c1.632-1.34,3.042-2.5,5.985-2.5s4.352,1.157,5.985,2.5c1.743,1.431,3.719,3.053,7.539,3.053s5.8-1.622,7.539-3.053c1.583-1.3,2.95-2.422,5.7-2.494a1.224,1.224,0,0,0-.064-2.448,10.748,10.748,0,0,0-7.195,3.049c-1.632,1.34-3.042,2.5-5.985,2.5s-4.352-1.157-5.985-2.5c-1.743-1.431-3.719-3.054-7.538-3.054s-5.8,1.622-7.539,3.054c-1.632,1.34-3.042,2.5-5.985,2.5s-4.352-1.157-5.985-2.5c-1.743-1.431-3.719-3.054-7.539-3.054a1.224,1.224,0,0,0,0,2.449Z\" transform=\"translate(0 -0.001)\"\/><\/g><\/svg><\/div>\n<div class=\"waves position-absolute d-none d-xl-block\" id=\"wave_2\" >\n    <svg xmlns=\"http:\/\/www.w3.org\/2000\/svg\" width=\"83.591\" height=\"8\" viewBox=\"0 0 83.591 8\"><path class=\"wave\" style=\"stroke:none;\" d=\"M379.658,126.737a12.46,12.46,0,0,0-2.682,1.837c-1.744,1.431-3.72,3.053-7.539,3.053s-5.8-1.622-7.539-3.053c-1.632-1.34-3.042-2.5-5.985-2.5a1.224,1.224,0,0,1,0-2.449c3.819,0,5.8,1.622,7.539,3.053,1.633,1.34,3.042,2.5,5.985,2.5s4.353-1.157,5.985-2.5a14.548,14.548,0,0,1,3.213-2.17,1.225,1.225,0,0,1,1.023,2.225Z\" transform=\"translate(-354.688 -123.628)\"\/><path class=\"wave\" style=\"stroke:none;\" d=\"M55.007,126.078c-2.942,0-4.352,1.157-5.985,2.5-1.743,1.431-3.719,3.053-7.539,3.053s-5.8-1.622-7.539-3.053c-1.632-1.34-3.042-2.5-5.985-2.5s-4.352,1.157-5.985,2.5c-1.743,1.431-3.719,3.053-7.539,3.053s-5.8-1.622-7.539-3.053c-1.583-1.3-2.95-2.422-5.7-2.494a1.224,1.224,0,0,1,.064-2.448,10.748,10.748,0,0,1,7.195,3.049c1.632,1.34,3.042,2.5,5.985,2.5s4.352-1.157,5.985-2.5c1.743-1.431,3.719-3.053,7.539-3.053s5.8,1.622,7.539,3.053c1.632,1.34,3.042,2.5,5.985,2.5s4.352-1.157,5.985-2.5c1.743-1.431,3.719-3.053,7.539-3.053a1.224,1.224,0,0,1,0,2.449Z\" transform=\"translate(27.36 -123.629)\"\/><\/svg><\/div>\n\t<\/div>\n\n<\/div>\n\n<div class=\"block block-texte py-5  bg-white\" id=\"block_5731722fdf2b94c2d57c7bf09c8b9d7a\">\n\n\t<div class=\"container\">\n\n\t\t<div class=\"row\">\n\n\t\t\t<div class=\"col-12 anime-in-view\">\n\t\t\t\t\n\t\t\t\t<p>Operation supported by the French government as part of the Fonds d&#8217;Intervention Maritime (FIM) operated by the Direction G\u00e9n\u00e9rale des Affaires Maritimes, de la P\u00eache et de l&#8217;Aquaculture (DGAMPA).<\/p>\n<p><img loading=\"lazy\" decoding=\"async\" class=\"wp-image-120190 alignleft\" src=\"https:\/\/www.aivp.org\/wp-content\/uploads\/2024\/04\/secretariat-detat-charge-de-la-mer-et-de-la-biodiversite-690x441.png\" alt=\"\" width=\"219\" height=\"140\" srcset=\"https:\/\/www.aivp.org\/wp-content\/uploads\/2024\/04\/secretariat-detat-charge-de-la-mer-et-de-la-biodiversite-690x441.png 690w, https:\/\/www.aivp.org\/wp-content\/uploads\/2024\/04\/secretariat-detat-charge-de-la-mer-et-de-la-biodiversite-1140x728.png 1140w, https:\/\/www.aivp.org\/wp-content\/uploads\/2024\/04\/secretariat-detat-charge-de-la-mer-et-de-la-biodiversite-768x490.png 768w, https:\/\/www.aivp.org\/wp-content\/uploads\/2024\/04\/secretariat-detat-charge-de-la-mer-et-de-la-biodiversite-255x163.png 255w, https:\/\/www.aivp.org\/wp-content\/uploads\/2024\/04\/secretariat-detat-charge-de-la-mer-et-de-la-biodiversite-360x230.png 360w, https:\/\/www.aivp.org\/wp-content\/uploads\/2024\/04\/secretariat-detat-charge-de-la-mer-et-de-la-biodiversite-171x109.png 171w, https:\/\/www.aivp.org\/wp-content\/uploads\/2024\/04\/secretariat-detat-charge-de-la-mer-et-de-la-biodiversite-548x350.png 548w, https:\/\/www.aivp.org\/wp-content\/uploads\/2024\/04\/secretariat-detat-charge-de-la-mer-et-de-la-biodiversite.png 1145w\" sizes=\"auto, (max-width: 219px) 100vw, 219px\" \/><\/p>\n\n\t\t\t<\/div>\n\t\t\t\n\t\t<\/div>\n\n\t<\/div>\n\n<\/div>","protected":false},"excerpt":{"rendered":"","protected":false},"author":119,"featured_media":0,"parent":3360,"menu_order":2,"comment_status":"closed","ping_status":"closed","template":"","meta":{"_acf_changed":false,"footnotes":""},"class_list":["post-109775","page","type-page","status-publish","hentry"],"acf":[],"yoast_head":"<!-- This site is optimized with the Yoast SEO plugin v26.8 - https:\/\/yoast.com\/product\/yoast-seo-wordpress\/ -->\n<title>AIVP Prize Antoine Rufenacht - AIVP<\/title>\n<meta name=\"robots\" content=\"index, follow, max-snippet:-1, max-image-preview:large, max-video-preview:-1\" \/>\n<link rel=\"canonical\" href=\"https:\/\/www.aivp.org\/en\/home\/our-initiatives\/aivp-prize-antoine-rufenacht\/\" \/>\n<meta property=\"og:locale\" content=\"en_US\" \/>\n<meta property=\"og:type\" content=\"article\" \/>\n<meta property=\"og:title\" content=\"AIVP Prize Antoine Rufenacht - AIVP\" \/>\n<meta property=\"og:url\" content=\"https:\/\/www.aivp.org\/en\/home\/our-initiatives\/aivp-prize-antoine-rufenacht\/\" \/>\n<meta property=\"og:site_name\" content=\"AIVP\" \/>\n<meta property=\"article:modified_time\" content=\"2024-04-22T08:36:41+00:00\" \/>\n<meta name=\"twitter:card\" content=\"summary_large_image\" \/>\n<script type=\"application\/ld+json\" class=\"yoast-schema-graph\">{\"@context\":\"https:\/\/schema.org\",\"@graph\":[{\"@type\":\"WebPage\",\"@id\":\"https:\/\/www.aivp.org\/en\/home\/our-initiatives\/aivp-prize-antoine-rufenacht\/\",\"url\":\"https:\/\/www.aivp.org\/en\/home\/our-initiatives\/aivp-prize-antoine-rufenacht\/\",\"name\":\"AIVP Prize Antoine Rufenacht - AIVP\",\"isPartOf\":{\"@id\":\"https:\/\/www.aivp.org\/en\/#website\"},\"datePublished\":\"2023-11-13T16:16:22+00:00\",\"dateModified\":\"2024-04-22T08:36:41+00:00\",\"breadcrumb\":{\"@id\":\"https:\/\/www.aivp.org\/en\/home\/our-initiatives\/aivp-prize-antoine-rufenacht\/#breadcrumb\"},\"inLanguage\":\"en-US\",\"potentialAction\":[{\"@type\":\"ReadAction\",\"target\":[\"https:\/\/www.aivp.org\/en\/home\/our-initiatives\/aivp-prize-antoine-rufenacht\/\"]}]},{\"@type\":\"BreadcrumbList\",\"@id\":\"https:\/\/www.aivp.org\/en\/home\/our-initiatives\/aivp-prize-antoine-rufenacht\/#breadcrumb\",\"itemListElement\":[{\"@type\":\"ListItem\",\"position\":1,\"name\":\"Home\",\"item\":\"https:\/\/www.aivp.org\/en\/\"},{\"@type\":\"ListItem\",\"position\":2,\"name\":\"Home\",\"item\":\"https:\/\/www.aivp.org\/en\/\"},{\"@type\":\"ListItem\",\"position\":3,\"name\":\"Our initiatives\",\"item\":\"https:\/\/www.aivp.org\/en\/home\/our-initiatives\/\"},{\"@type\":\"ListItem\",\"position\":4,\"name\":\"AIVP Prize Antoine Rufenacht\"}]},{\"@type\":\"WebSite\",\"@id\":\"https:\/\/www.aivp.org\/en\/#website\",\"url\":\"https:\/\/www.aivp.org\/en\/\",\"name\":\"AIVP\",\"description\":\"Inspiring people of port cities\",\"publisher\":{\"@id\":\"https:\/\/www.aivp.org\/en\/#organization\"},\"potentialAction\":[{\"@type\":\"SearchAction\",\"target\":{\"@type\":\"EntryPoint\",\"urlTemplate\":\"https:\/\/www.aivp.org\/en\/?s={search_term_string}\"},\"query-input\":{\"@type\":\"PropertyValueSpecification\",\"valueRequired\":true,\"valueName\":\"search_term_string\"}}],\"inLanguage\":\"en-US\"},{\"@type\":\"Organization\",\"@id\":\"https:\/\/www.aivp.org\/en\/#organization\",\"name\":\"AIVP\",\"url\":\"https:\/\/www.aivp.org\/en\/\",\"logo\":{\"@type\":\"ImageObject\",\"inLanguage\":\"en-US\",\"@id\":\"https:\/\/www.aivp.org\/en\/#\/schema\/logo\/image\/\",\"url\":\"https:\/\/www.aivp.org\/wp-content\/uploads\/2020\/07\/cropped-favicon.png\",\"contentUrl\":\"https:\/\/www.aivp.org\/wp-content\/uploads\/2020\/07\/cropped-favicon.png\",\"width\":512,\"height\":512,\"caption\":\"AIVP\"},\"image\":{\"@id\":\"https:\/\/www.aivp.org\/en\/#\/schema\/logo\/image\/\"}}]}<\/script>\n<!-- \/ Yoast SEO plugin. -->","yoast_head_json":{"title":"AIVP Prize Antoine Rufenacht - AIVP","robots":{"index":"index","follow":"follow","max-snippet":"max-snippet:-1","max-image-preview":"max-image-preview:large","max-video-preview":"max-video-preview:-1"},"canonical":"https:\/\/www.aivp.org\/en\/home\/our-initiatives\/aivp-prize-antoine-rufenacht\/","og_locale":"en_US","og_type":"article","og_title":"AIVP Prize Antoine Rufenacht - AIVP","og_url":"https:\/\/www.aivp.org\/en\/home\/our-initiatives\/aivp-prize-antoine-rufenacht\/","og_site_name":"AIVP","article_modified_time":"2024-04-22T08:36:41+00:00","twitter_card":"summary_large_image","schema":{"@context":"https:\/\/schema.org","@graph":[{"@type":"WebPage","@id":"https:\/\/www.aivp.org\/en\/home\/our-initiatives\/aivp-prize-antoine-rufenacht\/","url":"https:\/\/www.aivp.org\/en\/home\/our-initiatives\/aivp-prize-antoine-rufenacht\/","name":"AIVP Prize Antoine Rufenacht - AIVP","isPartOf":{"@id":"https:\/\/www.aivp.org\/en\/#website"},"datePublished":"2023-11-13T16:16:22+00:00","dateModified":"2024-04-22T08:36:41+00:00","breadcrumb":{"@id":"https:\/\/www.aivp.org\/en\/home\/our-initiatives\/aivp-prize-antoine-rufenacht\/#breadcrumb"},"inLanguage":"en-US","potentialAction":[{"@type":"ReadAction","target":["https:\/\/www.aivp.org\/en\/home\/our-initiatives\/aivp-prize-antoine-rufenacht\/"]}]},{"@type":"BreadcrumbList","@id":"https:\/\/www.aivp.org\/en\/home\/our-initiatives\/aivp-prize-antoine-rufenacht\/#breadcrumb","itemListElement":[{"@type":"ListItem","position":1,"name":"Home","item":"https:\/\/www.aivp.org\/en\/"},{"@type":"ListItem","position":2,"name":"Home","item":"https:\/\/www.aivp.org\/en\/"},{"@type":"ListItem","position":3,"name":"Our initiatives","item":"https:\/\/www.aivp.org\/en\/home\/our-initiatives\/"},{"@type":"ListItem","position":4,"name":"AIVP Prize Antoine Rufenacht"}]},{"@type":"WebSite","@id":"https:\/\/www.aivp.org\/en\/#website","url":"https:\/\/www.aivp.org\/en\/","name":"AIVP","description":"Inspiring people of port cities","publisher":{"@id":"https:\/\/www.aivp.org\/en\/#organization"},"potentialAction":[{"@type":"SearchAction","target":{"@type":"EntryPoint","urlTemplate":"https:\/\/www.aivp.org\/en\/?s={search_term_string}"},"query-input":{"@type":"PropertyValueSpecification","valueRequired":true,"valueName":"search_term_string"}}],"inLanguage":"en-US"},{"@type":"Organization","@id":"https:\/\/www.aivp.org\/en\/#organization","name":"AIVP","url":"https:\/\/www.aivp.org\/en\/","logo":{"@type":"ImageObject","inLanguage":"en-US","@id":"https:\/\/www.aivp.org\/en\/#\/schema\/logo\/image\/","url":"https:\/\/www.aivp.org\/wp-content\/uploads\/2020\/07\/cropped-favicon.png","contentUrl":"https:\/\/www.aivp.org\/wp-content\/uploads\/2020\/07\/cropped-favicon.png","width":512,"height":512,"caption":"AIVP"},"image":{"@id":"https:\/\/www.aivp.org\/en\/#\/schema\/logo\/image\/"}}]}},"_links":{"self":[{"href":"https:\/\/www.aivp.org\/en\/wp-json\/wp\/v2\/pages\/109775","targetHints":{"allow":["GET"]}}],"collection":[{"href":"https:\/\/www.aivp.org\/en\/wp-json\/wp\/v2\/pages"}],"about":[{"href":"https:\/\/www.aivp.org\/en\/wp-json\/wp\/v2\/types\/page"}],"author":[{"embeddable":true,"href":"https:\/\/www.aivp.org\/en\/wp-json\/wp\/v2\/users\/119"}],"replies":[{"embeddable":true,"href":"https:\/\/www.aivp.org\/en\/wp-json\/wp\/v2\/comments?post=109775"}],"version-history":[{"count":3,"href":"https:\/\/www.aivp.org\/en\/wp-json\/wp\/v2\/pages\/109775\/revisions"}],"predecessor-version":[{"id":120200,"href":"https:\/\/www.aivp.org\/en\/wp-json\/wp\/v2\/pages\/109775\/revisions\/120200"}],"up":[{"embeddable":true,"href":"https:\/\/www.aivp.org\/en\/wp-json\/wp\/v2\/pages\/3360"}],"wp:attachment":[{"href":"https:\/\/www.aivp.org\/en\/wp-json\/wp\/v2\/media?parent=109775"}],"curies":[{"name":"wp","href":"https:\/\/api.w.org\/{rel}","templated":true}]}}