{"id":78427,"date":"2021-02-10T10:48:54","date_gmt":"2021-02-10T09:48:54","guid":{"rendered":"https:\/\/www.aivp.org\/evenements-passes\/"},"modified":"2021-02-10T10:48:54","modified_gmt":"2021-02-10T09:48:54","slug":"evenements-passes","status":"publish","type":"page","link":"https:\/\/www.aivp.org\/en\/evenements-passes\/","title":{"rendered":"\u00c9v\u00e9nements pass\u00e9s"},"content":{"rendered":"\n<div class=\"block block-prochains-evenements \" id=\"block_6023abf0fcdee\">\n\n\t<div class=\"container py-5\">\n\n\t\t<div class=\"row justify-content-center\">\n\n\t\t\t<div class=\"col-lg-12\">\n\n\t\t\t\t<h2 class=\"anime-in-view\"><\/h2>\n\t\t\t\t<div class=\"anime-in-view\"><\/div>\n\n\t\t\t<\/div>\n\n\t\t<\/div>\n\n\t\t<div class=\"row py-4 mb-5\"><div class=\"col-12 mb-4 anime-in-view\"><div class=\"composant-event\">\n\n    <div class=\"row pt-4 pb-3 events-preview\">\n\n        <div class=\"col-3 col-md-3 \">\n            <div class=\"dates\">\n                \t<div class=\"dates-start dual-dates\">\n\t\t<span> <p class=\"text-primary\">from <\/p><p class=\"text-tertiary\">Tue<\/p><\/span><span><p class=\"text-secondary\">10<\/p><p class=\"text-secondary\">Mar<\/p><p class=\"text-quaternary\">2026<\/p> <\/span>\t<\/div>\n\t<div class=\"dates-end dual-dates\">\n\t\t<span><p class=\"text-primary\">to <\/p><p class=\"text-tertiary\">Thu<\/p><\/span><span><p class=\"text-secondary\">12<\/p><p class=\"text-secondary\">Mar<\/p><p class=\"text-quaternary\">2026<\/p> <\/span>\t<\/div>\n            <\/div>\n        <\/div>\n\n        <div class=\"col-9 col-md-7\">\n\n            <h3 class=\"entry-title\"><a href=\"https:\/\/www.aivp.org\/en\/events\/port-center-workshop-le-havre-france\/\">Port Center Workshop | Le Havre, France<\/a><\/h3>\n\n            <p class=\"location\">Le Havre, France<\/p>\n            <p><p>Introduction The Port Center Network working group will meet in Le Havre (France) on March [&hellip;]<\/p>\n<\/p>\n\n        <\/div>\n\n        <div class=\"col-9 offset-3 offset-md-0 col-md-3 text-md-right\">\n\n            <a href=\"https:\/\/www.aivp.org\/en\/events\/port-center-workshop-le-havre-france\/\" class=\"btn btn-info mb-3\">Learn more<\/a>\n\n            \n        <\/div>\n\n    <\/div>\n\n<\/div><\/div><div class=\"col-12 mb-4 anime-in-view\"><div class=\"composant-event\">\n\n    <div class=\"row pt-4 pb-3 events-preview\">\n\n        <div class=\"col-3 col-md-3 \">\n            <div class=\"dates\">\n                \t<div class=\"dates-start dual-dates\">\n\t\t<span> <p class=\"text-primary\">from <\/p><p class=\"text-tertiary\">Wed<\/p><\/span><span><p class=\"text-secondary\">04<\/p><p class=\"text-secondary\">Mar<\/p><p class=\"text-quaternary\">2026<\/p> <\/span>\t<\/div>\n\t<div class=\"dates-end dual-dates\">\n\t\t<span><p class=\"text-primary\">to <\/p><p class=\"text-tertiary\">Thu<\/p><\/span><span><p class=\"text-secondary\">05<\/p><p class=\"text-secondary\">Mar<\/p><p class=\"text-quaternary\">2026<\/p> <\/span>\t<\/div>\n            <\/div>\n        <\/div>\n\n        <div class=\"col-9 col-md-7\">\n\n            <h3 class=\"entry-title\"><a href=\"https:\/\/www.aivp.org\/en\/events\/river-port-cities-meeting-london\/\">River Port Cities Meeting | London<\/a><\/h3>\n\n            <p class=\"location\">London (United Kingdom)<\/p>\n            <p><p>For the 2026 Edition, the AIVP Working Group on River Port Cities will meet in London (United Kingdom) to discover the many projects happening in England&#8217;s capital city, March 4&#038;5.<\/p>\n<\/p>\n\n        <\/div>\n\n        <div class=\"col-9 offset-3 offset-md-0 col-md-3 text-md-right\">\n\n            <a href=\"https:\/\/www.aivp.org\/en\/events\/river-port-cities-meeting-london\/\" class=\"btn btn-info mb-3\">Learn more<\/a>\n\n            \n        <\/div>\n\n    <\/div>\n\n<\/div><\/div><div class=\"col-12 mb-4 anime-in-view\"><div class=\"composant-event\">\n\n    <div class=\"row pt-4 pb-3 events-preview\">\n\n        <div class=\"col-3 col-md-3 \">\n            <div class=\"dates\">\n                \t<div class=\"dates-start dual-dates\">\n\t\t<span> <p class=\"text-primary\">from <\/p><p class=\"text-tertiary\">Thu<\/p><\/span><span><p class=\"text-secondary\">19<\/p><p class=\"text-secondary\">Feb<\/p><p class=\"text-quaternary\">2026<\/p> <\/span>\t<\/div>\n\t<div class=\"dates-end dual-dates\">\n\t\t<span><p class=\"text-primary\">to <\/p><p class=\"text-tertiary\">Fri<\/p><\/span><span><p class=\"text-secondary\">20<\/p><p class=\"text-secondary\">Feb<\/p><p class=\"text-quaternary\">2026<\/p> <\/span>\t<\/div>\n            <\/div>\n        <\/div>\n\n        <div class=\"col-9 col-md-7\">\n\n            <h3 class=\"entry-title\"><a href=\"https:\/\/www.aivp.org\/en\/events\/cruises-port-cities-working-group-in-person-meeting\/\">Cruises &amp; Port Cities Working Group | In-Person Meeting<\/a><\/h3>\n\n            <p class=\"location\">Taranto, Italy<\/p>\n            <p><p>The Cruises &amp; Port Cities Working Group (AIVP\u2013MedCruise) will convene its next in-person meeting in [&hellip;]<\/p>\n<\/p>\n\n        <\/div>\n\n        <div class=\"col-9 offset-3 offset-md-0 col-md-3 text-md-right\">\n\n            <a href=\"https:\/\/www.aivp.org\/en\/events\/cruises-port-cities-working-group-in-person-meeting\/\" class=\"btn btn-info mb-3\">Learn more<\/a>\n\n            \n        <\/div>\n\n    <\/div>\n\n<\/div><\/div><div class=\"col-12 mb-4 anime-in-view\"><div class=\"composant-event\">\n\n    <div class=\"row pt-4 pb-3 events-preview\">\n\n        <div class=\"col-3 col-md-3 \">\n            <div class=\"dates\">\n                \t<div class=\"dates-start dual-dates\">\n\t\t<span> <p class=\"text-primary\">from <\/p><p class=\"text-tertiary\">Tue<\/p><\/span><span><p class=\"text-secondary\">18<\/p><p class=\"text-secondary\">Nov<\/p><p class=\"text-quaternary\">2025<\/p> <\/span>\t<\/div>\n\t<div class=\"dates-end dual-dates\">\n\t\t<span><p class=\"text-primary\">to <\/p><p class=\"text-tertiary\">Fri<\/p><\/span><span><p class=\"text-secondary\">21<\/p><p class=\"text-secondary\">Nov<\/p><p class=\"text-quaternary\">2025<\/p> <\/span>\t<\/div>\n            <\/div>\n        <\/div>\n\n        <div class=\"col-9 col-md-7\">\n\n            <h3 class=\"entry-title\"><a href=\"https:\/\/www.aivp.org\/en\/events\/world-conference-cities-and-ports-aivp-new-york-usa\/\">World Conference Cities &amp; Ports \/ AIVP \u2013 New York, USA<\/a><\/h3>\n\n            <p class=\"location\">New York, USA<\/p>\n            <p><p>The 2025 AIVP World Conference Cities &amp; Ports will be held in New York! We [&hellip;]<\/p>\n<\/p>\n\n        <\/div>\n\n        <div class=\"col-9 offset-3 offset-md-0 col-md-3 text-md-right\">\n\n            <a href=\"https:\/\/www.aivp.org\/en\/events\/world-conference-cities-and-ports-aivp-new-york-usa\/\" class=\"btn btn-info mb-3\">Learn more<\/a>\n\n                            <a href=\"https:\/\/aivpworldconference.org\/fr\/elementor-3904\/\" target=\"_blank\" class=\"btn btn-primary ml-3 mb-3\">Sign up<\/a>\n            \n        <\/div>\n\n    <\/div>\n\n<\/div><\/div><div class=\"col-12 mb-4 anime-in-view\"><div class=\"composant-event\">\n\n    <div class=\"row pt-4 pb-3 events-preview\">\n\n        <div class=\"col-3 col-md-3 \">\n            <div class=\"dates\">\n                \t<div class=\"dates-start dual-dates\">\n\t\t<span> <p class=\"text-primary\">from <\/p><p class=\"text-tertiary\">Wed<\/p><\/span><span><p class=\"text-secondary\">01<\/p><p class=\"text-secondary\">Oct<\/p><p class=\"text-quaternary\">2025<\/p> <\/span>\t<\/div>\n\t<div class=\"dates-end dual-dates\">\n\t\t<span><p class=\"text-primary\">to <\/p><p class=\"text-tertiary\">Wed<\/p><\/span><span><p class=\"text-secondary\">01<\/p><p class=\"text-secondary\">Oct<\/p><p class=\"text-quaternary\">2025<\/p> <\/span>\t<\/div>\n            <\/div>\n        <\/div>\n\n        <div class=\"col-9 col-md-7\">\n\n            <h3 class=\"entry-title\"><a href=\"https:\/\/www.aivp.org\/en\/events\/aivp-webinar-new-york-city-2025\/\">AIVP Webinar: NEW YORK CITY 2025<\/a><\/h3>\n\n            <p class=\"location\">ZOOM<\/p>\n            <p><p>October 1, 2025, at 5:30 p.m. (Paris time) | 11:30 a.m. (New York time) Free [&hellip;]<\/p>\n<\/p>\n\n        <\/div>\n\n        <div class=\"col-9 offset-3 offset-md-0 col-md-3 text-md-right\">\n\n            <a href=\"https:\/\/www.aivp.org\/en\/events\/aivp-webinar-new-york-city-2025\/\" class=\"btn btn-info mb-3\">Learn more<\/a>\n\n                            <a href=\"https:\/\/us06web.zoom.us\/webinar\/register\/WN__4cjgUcATcOnXGIL47ldlg\" target=\"_blank\" class=\"btn btn-primary ml-3 mb-3\">Sign up<\/a>\n            \n        <\/div>\n\n    <\/div>\n\n<\/div><\/div><div class=\"col-12 mb-4 anime-in-view\"><div class=\"composant-event\">\n\n    <div class=\"row pt-4 pb-3 events-preview\">\n\n        <div class=\"col-3 col-md-3 \">\n            <div class=\"dates\">\n                \t<div class=\"dates-start dual-dates\">\n\t\t<span> <p class=\"text-primary\">from <\/p><p class=\"text-tertiary\">Tue<\/p><\/span><span><p class=\"text-secondary\">09<\/p><p class=\"text-secondary\">Sep<\/p><p class=\"text-quaternary\">2025<\/p> <\/span>\t<\/div>\n\t<div class=\"dates-end dual-dates\">\n\t\t<span><p class=\"text-primary\">to <\/p><p class=\"text-tertiary\">Tue<\/p><\/span><span><p class=\"text-secondary\">09<\/p><p class=\"text-secondary\">Sep<\/p><p class=\"text-quaternary\">2025<\/p> <\/span>\t<\/div>\n            <\/div>\n        <\/div>\n\n        <div class=\"col-9 col-md-7\">\n\n            <h3 class=\"entry-title\"><a href=\"https:\/\/www.aivp.org\/en\/events\/webinar-new-york-2025\/\">Webinar: New York City 2025<\/a><\/h3>\n\n            <p class=\"location\">ZOOM<\/p>\n            <p><p>&#8220;Navigating Change: innovating port, cities and climate&#8221;, discover a preview of the highlights of the [&hellip;]<\/p>\n<\/p>\n\n        <\/div>\n\n        <div class=\"col-9 offset-3 offset-md-0 col-md-3 text-md-right\">\n\n            <a href=\"https:\/\/www.aivp.org\/en\/events\/webinar-new-york-2025\/\" class=\"btn btn-info mb-3\">Learn more<\/a>\n\n                            <a href=\"https:\/\/us06web.zoom.us\/webinar\/register\/WN_cQ0rUMxnRX2TQyir212SQg\" target=\"_blank\" class=\"btn btn-primary ml-3 mb-3\">Sign up<\/a>\n            \n        <\/div>\n\n    <\/div>\n\n<\/div><\/div><div class=\"col-12 mb-4 anime-in-view\"><div class=\"composant-event\">\n\n    <div class=\"row pt-4 pb-3 events-preview\">\n\n        <div class=\"col-3 col-md-3 \">\n            <div class=\"dates\">\n                \t<div class=\"dates-start dual-dates\">\n\t\t<span> <p class=\"text-primary\">from <\/p><p class=\"text-tertiary\">Wed<\/p><\/span><span><p class=\"text-secondary\">20<\/p><p class=\"text-secondary\">Aug<\/p><p class=\"text-quaternary\">2025<\/p> <\/span>\t<\/div>\n\t<div class=\"dates-end dual-dates\">\n\t\t<span><p class=\"text-primary\">to <\/p><p class=\"text-tertiary\">Wed<\/p><\/span><span><p class=\"text-secondary\">25<\/p><p class=\"text-secondary\">Mar<\/p><p class=\"text-quaternary\">2026<\/p> <\/span>\t<\/div>\n            <\/div>\n        <\/div>\n\n        <div class=\"col-9 col-md-7\">\n\n            <h3 class=\"entry-title\"><a href=\"https:\/\/www.aivp.org\/en\/events\/online-associate-degree-in-port-city-sustainability-in-spanish\/\">Online Associate Degree in Port City Sustainability (in Spanish) 2025-2026<\/a><\/h3>\n\n            <p class=\"location\">ZOOM<\/p>\n            <p><\/p>\n\n        <\/div>\n\n        <div class=\"col-9 offset-3 offset-md-0 col-md-3 text-md-right\">\n\n            <a href=\"https:\/\/www.aivp.org\/en\/events\/online-associate-degree-in-port-city-sustainability-in-spanish\/\" class=\"btn btn-info mb-3\">Learn more<\/a>\n\n                            <a href=\"https:\/\/www.aivp.org\/es\/accueil\/nuestros-servicios\/cursos-en-sostenibilidad-de-las-ciudades-puerto\/\" target=\"_blank\" class=\"btn btn-primary ml-3 mb-3\">Sign up<\/a>\n            \n        <\/div>\n\n    <\/div>\n\n<\/div><\/div><div class=\"col-12 mb-4 anime-in-view\"><div class=\"composant-event\">\n\n    <div class=\"row pt-4 pb-3 events-preview\">\n\n        <div class=\"col-3 col-md-3 \">\n            <div class=\"dates\">\n                \t<div class=\"dates-start dual-dates\">\n\t\t<span> <p class=\"text-primary\">from <\/p><p class=\"text-tertiary\">Tue<\/p><\/span><span><p class=\"text-secondary\">24<\/p><p class=\"text-secondary\">Jun<\/p><p class=\"text-quaternary\">2025<\/p> <\/span>\t<\/div>\n\t<div class=\"dates-end dual-dates\">\n\t\t<span><p class=\"text-primary\">to <\/p><p class=\"text-tertiary\">Wed<\/p><\/span><span><p class=\"text-secondary\">25<\/p><p class=\"text-secondary\">Jun<\/p><p class=\"text-quaternary\">2025<\/p> <\/span>\t<\/div>\n            <\/div>\n        <\/div>\n\n        <div class=\"col-9 col-md-7\">\n\n            <h3 class=\"entry-title\"><a href=\"https:\/\/www.aivp.org\/en\/events\/port-center-workshop-2026\/\">Port Center workshop &#8211; Rotterdam<\/a><\/h3>\n\n            <p class=\"location\">Rotterdam <\/p>\n            <p><p>Introduction The Port Center Working Group will meet on June 24-25, 2025, in Rotterdam (Netherlands). [&hellip;]<\/p>\n<\/p>\n\n        <\/div>\n\n        <div class=\"col-9 offset-3 offset-md-0 col-md-3 text-md-right\">\n\n            <a href=\"https:\/\/www.aivp.org\/en\/events\/port-center-workshop-2026\/\" class=\"btn btn-info mb-3\">Learn more<\/a>\n\n            \n        <\/div>\n\n    <\/div>\n\n<\/div><\/div><div class=\"col-12 mb-4 anime-in-view\"><div class=\"composant-event\">\n\n    <div class=\"row pt-4 pb-3 events-preview\">\n\n        <div class=\"col-3 col-md-3 \">\n            <div class=\"dates\">\n                \t<div class=\"dates-start dual-dates\">\n\t\t<span> <p class=\"text-primary\">from <\/p><p class=\"text-tertiary\">Mon<\/p><\/span><span><p class=\"text-secondary\">09<\/p><p class=\"text-secondary\">Jun<\/p><p class=\"text-quaternary\">2025<\/p> <\/span>\t<\/div>\n\t<div class=\"dates-end dual-dates\">\n\t\t<span><p class=\"text-primary\">to <\/p><p class=\"text-tertiary\">Fri<\/p><\/span><span><p class=\"text-secondary\">13<\/p><p class=\"text-secondary\">Jun<\/p><p class=\"text-quaternary\">2025<\/p> <\/span>\t<\/div>\n            <\/div>\n        <\/div>\n\n        <div class=\"col-9 col-md-7\">\n\n            <h3 class=\"entry-title\"><a href=\"https:\/\/www.aivp.org\/en\/events\/third-united-nations-ocean-conference-nice-2025\/\">Third United Nations Ocean Conference Nice 2025<\/a><\/h3>\n\n            <p class=\"location\">NICE &#8211; FRANCE<\/p>\n            <p><p>This third Ocean Conference will seek to support the implementation of Sustainable Development Goal 14 [&hellip;]<\/p>\n<\/p>\n\n        <\/div>\n\n        <div class=\"col-9 offset-3 offset-md-0 col-md-3 text-md-right\">\n\n            <a href=\"https:\/\/www.aivp.org\/en\/events\/third-united-nations-ocean-conference-nice-2025\/\" class=\"btn btn-info mb-3\">Learn more<\/a>\n\n                            <a href=\"https:\/\/unocnice2025.org\/en\/\" target=\"_blank\" class=\"btn btn-primary ml-3 mb-3\">Sign up<\/a>\n            \n        <\/div>\n\n    <\/div>\n\n<\/div><\/div><div class=\"col-12 mb-4 anime-in-view\"><div class=\"composant-event\">\n\n    <div class=\"row pt-4 pb-3 events-preview\">\n\n        <div class=\"col-3 col-md-3 \">\n            <div class=\"dates\">\n                \n\t\t<span><p class=\"text-primary\">On <\/p><p class=\"text-tertiary\">Sat<\/p><\/span><span><p class=\"text-secondary\">07<\/p><p class=\"text-secondary\">Jun<\/p><p class=\"text-quaternary\">2025<\/p><\/span>\n            <\/div>\n        <\/div>\n\n        <div class=\"col-9 col-md-7\">\n\n            <h3 class=\"entry-title\"><a href=\"https:\/\/www.aivp.org\/en\/events\/ocean-rise-coastal-resilience-summit\/\">Ocean rise &#038; coastal resilience summit<\/a><\/h3>\n\n            <p class=\"location\">NICE &#8211; FRANCE<\/p>\n            <p><p>Coastal cities and regions are at the forefront of climate change. Faced with more intense [&hellip;]<\/p>\n<\/p>\n\n        <\/div>\n\n        <div class=\"col-9 offset-3 offset-md-0 col-md-3 text-md-right\">\n\n            <a href=\"https:\/\/www.aivp.org\/en\/events\/ocean-rise-coastal-resilience-summit\/\" class=\"btn btn-info mb-3\">Learn more<\/a>\n\n                            <a href=\"https:\/\/oceanrise-coalition.org\/\" target=\"_blank\" class=\"btn btn-primary ml-3 mb-3\">Sign up<\/a>\n            \n        <\/div>\n\n    <\/div>\n\n<\/div><\/div><div class=\"col-12 mb-4 anime-in-view\"><div class=\"composant-event\">\n\n    <div class=\"row pt-4 pb-3 events-preview\">\n\n        <div class=\"col-3 col-md-3 \">\n            <div class=\"dates\">\n                \n\t\t<span><p class=\"text-primary\">On <\/p><p class=\"text-tertiary\">Thu<\/p><\/span><span><p class=\"text-secondary\">22<\/p><p class=\"text-secondary\">May<\/p><p class=\"text-quaternary\">2025<\/p><\/span>\n            <\/div>\n        <\/div>\n\n        <div class=\"col-9 col-md-7\">\n\n            <h3 class=\"entry-title\"><a href=\"https:\/\/www.aivp.org\/en\/events\/masterclass-impact-of-drug-trafficking-in-port-cities\/\">Masterclass: impact of drug trafficking in port cities<\/a><\/h3>\n\n            <p class=\"location\">ZOOM<\/p>\n            <p><p>The AIVP, in partnership with IIPC, invites you to take part in a Masterclass hosted [&hellip;]<\/p>\n<\/p>\n\n        <\/div>\n\n        <div class=\"col-9 offset-3 offset-md-0 col-md-3 text-md-right\">\n\n            <a href=\"https:\/\/www.aivp.org\/en\/events\/masterclass-impact-of-drug-trafficking-in-port-cities\/\" class=\"btn btn-info mb-3\">Learn more<\/a>\n\n                            <a href=\"https:\/\/us06web.zoom.us\/webinar\/register\/WN_DaEy6bBpQQWkyqN6Dlppzg#\/registration\" target=\"_blank\" class=\"btn btn-primary ml-3 mb-3\">Sign up<\/a>\n            \n        <\/div>\n\n    <\/div>\n\n<\/div><\/div><div class=\"col-12 mb-4 anime-in-view\"><div class=\"composant-event\">\n\n    <div class=\"row pt-4 pb-3 events-preview\">\n\n        <div class=\"col-3 col-md-3 \">\n            <div class=\"dates\">\n                \t<div class=\"dates-start dual-dates\">\n\t\t<span> <p class=\"text-primary\">from <\/p><p class=\"text-tertiary\">Tue<\/p><\/span><span><p class=\"text-secondary\">06<\/p><p class=\"text-secondary\">May<\/p><p class=\"text-quaternary\">2025<\/p> <\/span>\t<\/div>\n\t<div class=\"dates-end dual-dates\">\n\t\t<span><p class=\"text-primary\">to <\/p><p class=\"text-tertiary\">Wed<\/p><\/span><span><p class=\"text-secondary\">07<\/p><p class=\"text-secondary\">May<\/p><p class=\"text-quaternary\">2025<\/p> <\/span>\t<\/div>\n            <\/div>\n        <\/div>\n\n        <div class=\"col-9 col-md-7\">\n\n            <h3 class=\"entry-title\"><a href=\"https:\/\/www.aivp.org\/en\/events\/aivp-executive-board\/\">AIVP Executive Board<\/a><\/h3>\n\n            <p class=\"location\">MARSEILLES &#8211; FRANCE<\/p>\n            <p><p>In the presence of Edouard Philippe, President of the AIVP, our working programme will include [&hellip;]<\/p>\n<\/p>\n\n        <\/div>\n\n        <div class=\"col-9 offset-3 offset-md-0 col-md-3 text-md-right\">\n\n            <a href=\"https:\/\/www.aivp.org\/en\/events\/aivp-executive-board\/\" class=\"btn btn-info mb-3\">Learn more<\/a>\n\n            \n        <\/div>\n\n    <\/div>\n\n<\/div><\/div><\/div>\n\t\t<div class=\"container pb-5\">\n\t\t\t\n\t<nav class=\"navigation pagination\" aria-label=\"Posts\">\n\t\t<h2 class=\"screen-reader-text\">Posts navigation<\/h2>\n\t\t<div class=\"nav-links\"><span aria-current=\"page\" class=\"page-numbers current\">1<\/span>\n<a class=\"page-numbers\" href=\"https:\/\/www.aivp.org\/en\/wp-json\/wp\/v2\/pages\/78427\/page\/2\/\">2<\/a>\n<span class=\"page-numbers dots\">&hellip;<\/span>\n<a class=\"page-numbers\" href=\"https:\/\/www.aivp.org\/en\/wp-json\/wp\/v2\/pages\/78427\/page\/4\/\">4<\/a>\n<a class=\"next page-numbers\" href=\"https:\/\/www.aivp.org\/en\/wp-json\/wp\/v2\/pages\/78427\/page\/2\/\">Next<\/a><\/div>\n\t<\/nav>\t\t<\/div>\n\n\t<\/div>\n\n<\/div>","protected":false},"excerpt":{"rendered":"","protected":false},"author":1,"featured_media":0,"parent":0,"menu_order":42,"comment_status":"closed","ping_status":"closed","template":"","meta":{"_acf_changed":false,"footnotes":""},"class_list":["post-78427","page","type-page","status-publish","hentry"],"acf":[],"yoast_head":"<!-- This site is optimized with the Yoast SEO plugin v26.8 - https:\/\/yoast.com\/product\/yoast-seo-wordpress\/ -->\n<title>\u00c9v\u00e9nements pass\u00e9s - AIVP<\/title>\n<meta name=\"robots\" content=\"index, follow, max-snippet:-1, max-image-preview:large, max-video-preview:-1\" \/>\n<link rel=\"canonical\" href=\"https:\/\/www.aivp.org\/en\/evenements-passes\/\" \/>\n<meta property=\"og:locale\" content=\"en_US\" \/>\n<meta property=\"og:type\" content=\"article\" \/>\n<meta property=\"og:title\" content=\"\u00c9v\u00e9nements pass\u00e9s - AIVP\" \/>\n<meta property=\"og:url\" content=\"https:\/\/www.aivp.org\/en\/evenements-passes\/\" \/>\n<meta property=\"og:site_name\" content=\"AIVP\" \/>\n<meta name=\"twitter:card\" content=\"summary_large_image\" \/>\n<script type=\"application\/ld+json\" class=\"yoast-schema-graph\">{\"@context\":\"https:\/\/schema.org\",\"@graph\":[{\"@type\":\"WebPage\",\"@id\":\"https:\/\/www.aivp.org\/en\/evenements-passes\/\",\"url\":\"https:\/\/www.aivp.org\/en\/evenements-passes\/\",\"name\":\"\u00c9v\u00e9nements pass\u00e9s - AIVP\",\"isPartOf\":{\"@id\":\"https:\/\/www.aivp.org\/en\/#website\"},\"datePublished\":\"2021-02-10T09:48:54+00:00\",\"breadcrumb\":{\"@id\":\"https:\/\/www.aivp.org\/en\/evenements-passes\/#breadcrumb\"},\"inLanguage\":\"en-US\",\"potentialAction\":[{\"@type\":\"ReadAction\",\"target\":[\"https:\/\/www.aivp.org\/en\/evenements-passes\/\"]}]},{\"@type\":\"BreadcrumbList\",\"@id\":\"https:\/\/www.aivp.org\/en\/evenements-passes\/#breadcrumb\",\"itemListElement\":[{\"@type\":\"ListItem\",\"position\":1,\"name\":\"Home\",\"item\":\"https:\/\/www.aivp.org\/en\/\"},{\"@type\":\"ListItem\",\"position\":2,\"name\":\"\u00c9v\u00e9nements pass\u00e9s\"}]},{\"@type\":\"WebSite\",\"@id\":\"https:\/\/www.aivp.org\/en\/#website\",\"url\":\"https:\/\/www.aivp.org\/en\/\",\"name\":\"AIVP\",\"description\":\"Inspiring people of port cities\",\"publisher\":{\"@id\":\"https:\/\/www.aivp.org\/en\/#organization\"},\"potentialAction\":[{\"@type\":\"SearchAction\",\"target\":{\"@type\":\"EntryPoint\",\"urlTemplate\":\"https:\/\/www.aivp.org\/en\/?s={search_term_string}\"},\"query-input\":{\"@type\":\"PropertyValueSpecification\",\"valueRequired\":true,\"valueName\":\"search_term_string\"}}],\"inLanguage\":\"en-US\"},{\"@type\":\"Organization\",\"@id\":\"https:\/\/www.aivp.org\/en\/#organization\",\"name\":\"AIVP\",\"url\":\"https:\/\/www.aivp.org\/en\/\",\"logo\":{\"@type\":\"ImageObject\",\"inLanguage\":\"en-US\",\"@id\":\"https:\/\/www.aivp.org\/en\/#\/schema\/logo\/image\/\",\"url\":\"https:\/\/www.aivp.org\/wp-content\/uploads\/2020\/07\/cropped-favicon.png\",\"contentUrl\":\"https:\/\/www.aivp.org\/wp-content\/uploads\/2020\/07\/cropped-favicon.png\",\"width\":512,\"height\":512,\"caption\":\"AIVP\"},\"image\":{\"@id\":\"https:\/\/www.aivp.org\/en\/#\/schema\/logo\/image\/\"}}]}<\/script>\n<!-- \/ Yoast SEO plugin. -->","yoast_head_json":{"title":"\u00c9v\u00e9nements pass\u00e9s - AIVP","robots":{"index":"index","follow":"follow","max-snippet":"max-snippet:-1","max-image-preview":"max-image-preview:large","max-video-preview":"max-video-preview:-1"},"canonical":"https:\/\/www.aivp.org\/en\/evenements-passes\/","og_locale":"en_US","og_type":"article","og_title":"\u00c9v\u00e9nements pass\u00e9s - AIVP","og_url":"https:\/\/www.aivp.org\/en\/evenements-passes\/","og_site_name":"AIVP","twitter_card":"summary_large_image","schema":{"@context":"https:\/\/schema.org","@graph":[{"@type":"WebPage","@id":"https:\/\/www.aivp.org\/en\/evenements-passes\/","url":"https:\/\/www.aivp.org\/en\/evenements-passes\/","name":"\u00c9v\u00e9nements pass\u00e9s - AIVP","isPartOf":{"@id":"https:\/\/www.aivp.org\/en\/#website"},"datePublished":"2021-02-10T09:48:54+00:00","breadcrumb":{"@id":"https:\/\/www.aivp.org\/en\/evenements-passes\/#breadcrumb"},"inLanguage":"en-US","potentialAction":[{"@type":"ReadAction","target":["https:\/\/www.aivp.org\/en\/evenements-passes\/"]}]},{"@type":"BreadcrumbList","@id":"https:\/\/www.aivp.org\/en\/evenements-passes\/#breadcrumb","itemListElement":[{"@type":"ListItem","position":1,"name":"Home","item":"https:\/\/www.aivp.org\/en\/"},{"@type":"ListItem","position":2,"name":"\u00c9v\u00e9nements pass\u00e9s"}]},{"@type":"WebSite","@id":"https:\/\/www.aivp.org\/en\/#website","url":"https:\/\/www.aivp.org\/en\/","name":"AIVP","description":"Inspiring people of port cities","publisher":{"@id":"https:\/\/www.aivp.org\/en\/#organization"},"potentialAction":[{"@type":"SearchAction","target":{"@type":"EntryPoint","urlTemplate":"https:\/\/www.aivp.org\/en\/?s={search_term_string}"},"query-input":{"@type":"PropertyValueSpecification","valueRequired":true,"valueName":"search_term_string"}}],"inLanguage":"en-US"},{"@type":"Organization","@id":"https:\/\/www.aivp.org\/en\/#organization","name":"AIVP","url":"https:\/\/www.aivp.org\/en\/","logo":{"@type":"ImageObject","inLanguage":"en-US","@id":"https:\/\/www.aivp.org\/en\/#\/schema\/logo\/image\/","url":"https:\/\/www.aivp.org\/wp-content\/uploads\/2020\/07\/cropped-favicon.png","contentUrl":"https:\/\/www.aivp.org\/wp-content\/uploads\/2020\/07\/cropped-favicon.png","width":512,"height":512,"caption":"AIVP"},"image":{"@id":"https:\/\/www.aivp.org\/en\/#\/schema\/logo\/image\/"}}]}},"_links":{"self":[{"href":"https:\/\/www.aivp.org\/en\/wp-json\/wp\/v2\/pages\/78427","targetHints":{"allow":["GET"]}}],"collection":[{"href":"https:\/\/www.aivp.org\/en\/wp-json\/wp\/v2\/pages"}],"about":[{"href":"https:\/\/www.aivp.org\/en\/wp-json\/wp\/v2\/types\/page"}],"author":[{"embeddable":true,"href":"https:\/\/www.aivp.org\/en\/wp-json\/wp\/v2\/users\/1"}],"replies":[{"embeddable":true,"href":"https:\/\/www.aivp.org\/en\/wp-json\/wp\/v2\/comments?post=78427"}],"version-history":[{"count":0,"href":"https:\/\/www.aivp.org\/en\/wp-json\/wp\/v2\/pages\/78427\/revisions"}],"wp:attachment":[{"href":"https:\/\/www.aivp.org\/en\/wp-json\/wp\/v2\/media?parent=78427"}],"curies":[{"name":"wp","href":"https:\/\/api.w.org\/{rel}","templated":true}]}}