{"id":109740,"date":"2023-11-13T16:52:10","date_gmt":"2023-11-13T15:52:10","guid":{"rendered":"https:\/\/www.aivp.org\/?page_id=109740"},"modified":"2024-06-19T17:06:39","modified_gmt":"2024-06-19T15:06:39","slug":"autodiagnostico-de-la-agenda-2030-by-aivp","status":"publish","type":"page","link":"https:\/\/www.aivp.org\/es\/accueil\/nuestras-iniciatives\/agenda-2030\/autodiagnostico-de-la-agenda-2030-by-aivp\/","title":{"rendered":"Autodiagn\u00f3stico de la Agenda 2030 by AIVP"},"content":{"rendered":"<div class=\"block block-texte py-5  bg-white\" id=\"block_88f43e43d2705cff5fca15157183a052\">\n\n\t<div class=\"container\">\n\n\t\t<div class=\"row\">\n\n\t\t\t<div class=\"col-12 anime-in-view\">\n\t\t\t\t\n\t\t\t\t<p>Tras la elaboraci\u00f3n de la Agenda 2030 en 2018 para adaptar los Objetivos de Desarrollo Sostenible de la ONU al contexto de las ciudades portuarias, la AIVP ha querido apoyar a sus miembros en la aplicaci\u00f3n de estos objetivos en sus planes de desarrollo mediante la creaci\u00f3n de una herramienta de autodiagn\u00f3stico. El objetivo de la herramienta de autodiagn\u00f3stico es proporcionar a nuestros miembros de puertos y ciudades una herramienta para supervisar su progreso en la implementaci\u00f3n de los 10 objetivos de la Agenda 2030 por parte de la AIVP en sus proyectos y operaciones generales.<\/p>\n<p>La herramienta de autodiagn\u00f3stico permite a la entidad usuaria:<br \/>\n&#8211; establecer una l\u00ednea de base de d\u00f3nde se encuentra la entidad actualmente en el proceso de implementaci\u00f3n y, a largo plazo, c\u00f3mo han progresado<br \/>\n&#8211; obtener una perspectiva hol\u00edstica de c\u00f3mo lo est\u00e1 haciendo su entidad con respecto a todos los objetivos de la Agenda 2030 y los ODS de la ONU<br \/>\n&#8211; obtener ideas sobre los pr\u00f3ximos pasos o destacar proyectos innovadores ya realizados por la entidad.<\/p>\n\n\t\t\t<\/div>\n\t\t\t\n\t\t<\/div>\n\n\t<\/div>\n\n<\/div>\n\n<div class=\"block block-texte py-5  bg-white\" id=\"block_fe23650b68ea9815ac241638426afd23\">\n\n\t<div class=\"container\">\n\n\t\t<div class=\"row\">\n\n\t\t\t<div class=\"col-12 anime-in-view\">\n\t\t\t\t\n\t\t\t\t<h2>M\u00e1s informaci\u00f3n sobre la herramienta<\/h2>\n<p>La herramienta de autodiagn\u00f3stico de la Agenda 2030 de la AIVP est\u00e1 dise\u00f1ada para evaluar los progresos de su estructura en la consecuci\u00f3n de los 10 objetivos que la asociaci\u00f3n ha fijado a sus miembros para 2030 con el fin de desarrollar ciudades portuarias sostenibles. La herramienta de autodiagn\u00f3stico consta de unas 120 preguntas, de naturaleza tanto cuantitativa como cualitativa. Las preguntas est\u00e1n dise\u00f1adas para fomentar la autorreflexi\u00f3n sobre los distintos objetivos y subobjetivos de la Agenda 2030, as\u00ed como para servir de base de referencia para comprender c\u00f3mo avanzar en lo sucesivo. La AIVP anima encarecidamente a que la estructura dedique tiempo a debatir sus respuestas internamente, en diferentes equipos, ya que no esperamos que una sola persona tenga todas las respuestas.<\/p>\n<p>La herramienta de autodiagn\u00f3stico ha sido desarrollada para que los miembros portuarios y municipales de la AIVP la utilicen anualmente para hacer un seguimiento de sus avances en relaci\u00f3n con la consecuci\u00f3n de los objetivos de la Agenda 2030. Todas las respuestas y resultados son privados y no ser\u00e1n compartidos por la AIVP. Confiamos en que nuestros miembros respondan a las preguntas de la herramienta de autodiagn\u00f3stico con total honestidad y bas\u00e1ndose en los datos de que disponen.<\/p>\n<p>El equipo de la AIVP puede ayudar a nuestros miembros a analizar sus resultados y sugerirles formas de mejorar a trav\u00e9s de puntos de referencia o clases magistrales. Si el usuario ve que uno de sus proyectos podr\u00eda ser una buena pr\u00e1ctica al responder al cuestionario, le instamos encarecidamente a que tambi\u00e9n se ponga en contacto con nuestro equipo. Si hay un proyecto que cumple varios de los objetivos, les recomendamos que vayan a ver el <a href=\"https:\/\/www.aivp.org\/es\/accueil\/actuar-de-forma-sostenible\/premio-aivp-antoine-rufenacht\/\">AIVP Prize Antoine Rufenacht<\/a>.<\/p>\n<p>La AIVP anima encarecidamente a los usuarios de la herramienta de autodiagn\u00f3stico a ponerse en contacto con el equipo de la AIVP si tienen alguna pregunta sobre el cuestionario o sus resultados <strong>(assessment@aivp.org)<\/strong>. <\/p>\n\n\t\t\t<\/div>\n\t\t\t\n\t\t<\/div>\n\n\t<\/div>\n\n<\/div>\n\n<div class=\"block block-texte py-5  bg-primary\" id=\"block_f0dd3a6aec882e44aec4bf37354b4f20\">\n\n\t<div class=\"container\">\n\n\t\t<div class=\"row\">\n\n\t\t\t<div class=\"col-12 anime-in-view\">\n\t\t\t\t\n\t\t\t\t<h1 style=\"text-align: center\">\u00bfDesea poner a prueba su entidad?<\/h1>\n<h1 style=\"text-align: center\"><a href=\"https:\/\/www.aivp-diagnostic.org\/auth\/login\" target=\"_blank\" rel=\"noopener\"><img loading=\"lazy\" decoding=\"async\" class=\"alignnone wp-image-116867 size-full\" src=\"https:\/\/www.aivp.org\/wp-content\/uploads\/2024\/03\/es-Autodiagnostico.png\" alt=\"\" width=\"300\" height=\"100\" srcset=\"https:\/\/www.aivp.org\/wp-content\/uploads\/2024\/03\/es-Autodiagnostico.png 300w, https:\/\/www.aivp.org\/wp-content\/uploads\/2024\/03\/es-Autodiagnostico-255x85.png 255w, https:\/\/www.aivp.org\/wp-content\/uploads\/2024\/03\/es-Autodiagnostico-171x57.png 171w\" sizes=\"auto, (max-width: 300px) 100vw, 300px\" \/><\/a><\/h1>\n\n\t\t\t<\/div>\n\t\t\t\n\t\t<\/div>\n\n\t<\/div>\n\n<\/div>\n\n<div class=\"block block-texte py-5  bg-white\" id=\"block_11ac8ebf70d5c63894bbed3197edbbd8\">\n\n\t<div class=\"container\">\n\n\t\t<div class=\"row\">\n\n\t\t\t<div class=\"col-12 anime-in-view\">\n\t\t\t\t\n\t\t\t\t<h1 class=\"style-scope ytd-watch-metadata\">Taller AIVP sobre el autodiagn\u00f3stico para los puertos mar\u00edtimos<\/h1>\n\n\t\t\t<\/div>\n\t\t\t\n\t\t<\/div>\n\n\t<\/div>\n\n<\/div>\n\n<div class=\"video-article block-video \" >\n\n    <div class=\"col-video\">\n\n        <a class=\"video-link h-100 w-100 d-flex justify-content-center align-items-center position-relative\" data-fancybox=\"\" href=\"https:\/\/youtu.be\/obeUTlWGIXQ%20\"> \n\n            <img loading=\"lazy\" decoding=\"async\" width=\"1920\" height=\"1080\" src=\"https:\/\/www.aivp.org\/wp-content\/uploads\/2024\/04\/ES-Taller-AIVP-sobre-el-autodiagnostico-para-los-puertos-maritimos-17.04-1.png\" class=\"position-absolute img-bg\" alt=\"\" srcset=\"https:\/\/www.aivp.org\/wp-content\/uploads\/2024\/04\/ES-Taller-AIVP-sobre-el-autodiagnostico-para-los-puertos-maritimos-17.04-1.png 1920w, https:\/\/www.aivp.org\/wp-content\/uploads\/2024\/04\/ES-Taller-AIVP-sobre-el-autodiagnostico-para-los-puertos-maritimos-17.04-1-690x388.png 690w, https:\/\/www.aivp.org\/wp-content\/uploads\/2024\/04\/ES-Taller-AIVP-sobre-el-autodiagnostico-para-los-puertos-maritimos-17.04-1-1140x641.png 1140w, https:\/\/www.aivp.org\/wp-content\/uploads\/2024\/04\/ES-Taller-AIVP-sobre-el-autodiagnostico-para-los-puertos-maritimos-17.04-1-768x432.png 768w, https:\/\/www.aivp.org\/wp-content\/uploads\/2024\/04\/ES-Taller-AIVP-sobre-el-autodiagnostico-para-los-puertos-maritimos-17.04-1-1536x864.png 1536w, https:\/\/www.aivp.org\/wp-content\/uploads\/2024\/04\/ES-Taller-AIVP-sobre-el-autodiagnostico-para-los-puertos-maritimos-17.04-1-255x143.png 255w, https:\/\/www.aivp.org\/wp-content\/uploads\/2024\/04\/ES-Taller-AIVP-sobre-el-autodiagnostico-para-los-puertos-maritimos-17.04-1-360x203.png 360w, https:\/\/www.aivp.org\/wp-content\/uploads\/2024\/04\/ES-Taller-AIVP-sobre-el-autodiagnostico-para-los-puertos-maritimos-17.04-1-171x96.png 171w, https:\/\/www.aivp.org\/wp-content\/uploads\/2024\/04\/ES-Taller-AIVP-sobre-el-autodiagnostico-para-los-puertos-maritimos-17.04-1-548x308.png 548w\" sizes=\"auto, (max-width: 1920px) 100vw, 1920px\" \/>\n            <img decoding=\"async\" class=\"img-play\" src=\"https:\/\/www.aivp.org\/wp-content\/themes\/lmc-aivp\/img\/btn-play.svg\"> \n\n            <span class=\"overlay position-absolute h-100 w-100\"><\/span>\n        <\/a>\n\n    <\/div>\n<\/div>\n\n<div class=\"block block-texte py-5  bg-white\" id=\"block_eede99ac0cc409da9f350ab814c63f0a\">\n\n\t<div class=\"container\">\n\n\t\t<div class=\"row\">\n\n\t\t\t<div class=\"col-12 anime-in-view\">\n\t\t\t\t\n\t\t\t\t<h2>Gu\u00eda del usuario<\/h2>\n<p>Antes de conectarse a la herramienta de autodiagn\u00f3stico, le rogamos que restablezca su contrase\u00f1a en la p\u00e1gina web de la AIVP. El usuario puede hacerlo haciendo clic en \u00ab\u00c1rea de miembros\u00bb en la esquina superior derecha y eligiendo a continuaci\u00f3n \u00abPrimer acceso u olvido de contrase\u00f1a\u00bb y siguiendo el proceso.<\/p>\n<p>Actualmente, la herramienta de autodiagn\u00f3stico s\u00f3lo est\u00e1 disponible para los miembros de la AIVP. Utilizando la informaci\u00f3n de inicio de sesi\u00f3n del sitio web de la AIVP, los miembros tambi\u00e9n pueden acceder a la plataforma de la herramienta de autodiagn\u00f3stico. El usuario puede acceder a la herramienta de autoevaluaci\u00f3n pulsando el bot\u00f3n azul. Para colaborar con colegas, recomendamos utilizar la misma informaci\u00f3n de inicio de sesi\u00f3n. Esto permite a los colegas poder ver lo que han hecho los dem\u00e1s y discutir cuestiones que puedan requerir una perspectiva diferente.<\/p>\n<p>Pulse aqu\u00ed para descargar la gu\u00eda del usuario en PDF: <a href=\"https:\/\/www.aivp.org\/wp-content\/uploads\/2024\/03\/Guia-del-usuario-Herramienta-de-autodiagnostico.pdf\">Gu\u00eda del usuario-Herramienta de autodiagn\u00f3stico<\/a><\/p>\n\n\t\t\t<\/div>\n\t\t\t\n\t\t<\/div>\n\n\t<\/div>\n\n<\/div>\n\n<div class=\"block block-texte py-5  bg-white\" id=\"block_412ea115f09fdcf357fa33de81915ca0\">\n\n\t<div class=\"container\">\n\n\t\t<div class=\"row\">\n\n\t\t\t<div class=\"col-12 anime-in-view\">\n\t\t\t\t\n\t\t\t\t<div class=\"miniplayer style-scope ytd-miniplayer\" role=\"dialog\">\n<div id=\"card\" class=\"style-scope ytd-miniplayer\">\n<div id=\"video-container\" class=\"style-scope ytd-miniplayer\">\n<div id=\"info-bar\" class=\"style-scope ytd-miniplayer\">\n<div class=\"metadata style-scope ytd-miniplayer\"><\/div>\n<\/div>\n<\/div>\n<\/div>\n<\/div>\n<div id=\"content\" class=\"style-scope ytd-app\">\n<div id=\"columns\" class=\"style-scope ytd-watch-flexy\">\n<div id=\"primary\" class=\"style-scope ytd-watch-flexy\">\n<div id=\"primary-inner\" class=\"style-scope ytd-watch-flexy\">\n<div id=\"below\" class=\"style-scope ytd-watch-flexy\">\n<h2 id=\"limited-state\" class=\"attached-message style-scope ytd-watch-flexy\">Tuto &#8211; Autodiagn\u00f3stico de la Agenda 2030 by AIVP<\/h2>\n<\/div>\n<\/div>\n<\/div>\n<\/div>\n<\/div>\n\n\t\t\t<\/div>\n\t\t\t\n\t\t<\/div>\n\n\t<\/div>\n\n<\/div>\n\n<div class=\"video-article block-video \" >\n\n    <div class=\"col-video\">\n\n        <a class=\"video-link h-100 w-100 d-flex justify-content-center align-items-center position-relative\" data-fancybox=\"\" href=\"https:\/\/youtu.be\/qPlMYWMaEpI%20\"> \n\n            <img loading=\"lazy\" decoding=\"async\" width=\"1920\" height=\"1080\" src=\"https:\/\/www.aivp.org\/wp-content\/uploads\/2024\/04\/Tuto-Autodiagnostico-de-la-Agenda-2030-by-AIVP-1.png\" class=\"position-absolute img-bg\" alt=\"\" srcset=\"https:\/\/www.aivp.org\/wp-content\/uploads\/2024\/04\/Tuto-Autodiagnostico-de-la-Agenda-2030-by-AIVP-1.png 1920w, https:\/\/www.aivp.org\/wp-content\/uploads\/2024\/04\/Tuto-Autodiagnostico-de-la-Agenda-2030-by-AIVP-1-690x388.png 690w, https:\/\/www.aivp.org\/wp-content\/uploads\/2024\/04\/Tuto-Autodiagnostico-de-la-Agenda-2030-by-AIVP-1-1140x641.png 1140w, https:\/\/www.aivp.org\/wp-content\/uploads\/2024\/04\/Tuto-Autodiagnostico-de-la-Agenda-2030-by-AIVP-1-768x432.png 768w, https:\/\/www.aivp.org\/wp-content\/uploads\/2024\/04\/Tuto-Autodiagnostico-de-la-Agenda-2030-by-AIVP-1-1536x864.png 1536w, https:\/\/www.aivp.org\/wp-content\/uploads\/2024\/04\/Tuto-Autodiagnostico-de-la-Agenda-2030-by-AIVP-1-255x143.png 255w, https:\/\/www.aivp.org\/wp-content\/uploads\/2024\/04\/Tuto-Autodiagnostico-de-la-Agenda-2030-by-AIVP-1-360x203.png 360w, https:\/\/www.aivp.org\/wp-content\/uploads\/2024\/04\/Tuto-Autodiagnostico-de-la-Agenda-2030-by-AIVP-1-171x96.png 171w, https:\/\/www.aivp.org\/wp-content\/uploads\/2024\/04\/Tuto-Autodiagnostico-de-la-Agenda-2030-by-AIVP-1-548x308.png 548w\" sizes=\"auto, (max-width: 1920px) 100vw, 1920px\" \/>\n            <img decoding=\"async\" class=\"img-play\" src=\"https:\/\/www.aivp.org\/wp-content\/themes\/lmc-aivp\/img\/btn-play.svg\"> \n\n            <span class=\"overlay position-absolute h-100 w-100\"><\/span>\n        <\/a>\n\n    <\/div>\n<\/div>\n\n<div class=\"block block-texte py-5  bg-info\" id=\"block_3e694d8e744a32c43e6ca7afdaabc39e\">\n\n\t<div class=\"container\">\n\n\t\t<div class=\"row\">\n\n\t\t\t<div class=\"col-12 anime-in-view\">\n\t\t\t\t\n\t\t\t\t<h2 style=\"text-align: center\"><a href=\"https:\/\/www.aivp.org\/es\/faq\/#question-autodiagnostico\" target=\"_blank\" rel=\"noopener\">FAQ &#8211; Autodiagn\u00f3stico de la Agenda 2030 by AIVP<\/a><\/h2>\n\n\t\t\t<\/div>\n\t\t\t\n\t\t<\/div>\n\n\t<\/div>\n\n<\/div>\n\n<div class=\"block block-texte py-5  bg-white\" id=\"block_a801ea97eab9f67ec76fa1c014ebb456\">\n\n\t<div class=\"container\">\n\n\t\t<div class=\"row\">\n\n\t\t\t<div class=\"col-12 anime-in-view\">\n\t\t\t\t\n\t\t\t\t<p><img loading=\"lazy\" decoding=\"async\" class=\"alignnone  wp-image-120192\" src=\"https:\/\/www.aivp.org\/wp-content\/uploads\/2024\/04\/secretariat-detat-charge-de-la-mer-et-de-la-biodiversite.png\" alt=\"\" width=\"197\" height=\"126\" srcset=\"https:\/\/www.aivp.org\/wp-content\/uploads\/2024\/04\/secretariat-detat-charge-de-la-mer-et-de-la-biodiversite.png 1145w, https:\/\/www.aivp.org\/wp-content\/uploads\/2024\/04\/secretariat-detat-charge-de-la-mer-et-de-la-biodiversite-690x441.png 690w, https:\/\/www.aivp.org\/wp-content\/uploads\/2024\/04\/secretariat-detat-charge-de-la-mer-et-de-la-biodiversite-1140x728.png 1140w, https:\/\/www.aivp.org\/wp-content\/uploads\/2024\/04\/secretariat-detat-charge-de-la-mer-et-de-la-biodiversite-768x490.png 768w, https:\/\/www.aivp.org\/wp-content\/uploads\/2024\/04\/secretariat-detat-charge-de-la-mer-et-de-la-biodiversite-255x163.png 255w, https:\/\/www.aivp.org\/wp-content\/uploads\/2024\/04\/secretariat-detat-charge-de-la-mer-et-de-la-biodiversite-360x230.png 360w, https:\/\/www.aivp.org\/wp-content\/uploads\/2024\/04\/secretariat-detat-charge-de-la-mer-et-de-la-biodiversite-171x109.png 171w, https:\/\/www.aivp.org\/wp-content\/uploads\/2024\/04\/secretariat-detat-charge-de-la-mer-et-de-la-biodiversite-548x350.png 548w\" sizes=\"auto, (max-width: 197px) 100vw, 197px\" \/>Operaci\u00f3n apoyada por el Gobierno franc\u00e9s en el marco del Fondo de Intervenci\u00f3n Mar\u00edtima (FIM) gestionado por la Direcci\u00f3n General de Asuntos Mar\u00edtimos, Pesca y Acuicultura (DGAMPA).<\/p>\n\n\t\t\t<\/div>\n\t\t\t\n\t\t<\/div>\n\n\t<\/div>\n\n<\/div>","protected":false},"excerpt":{"rendered":"","protected":false},"author":119,"featured_media":0,"parent":3263,"menu_order":0,"comment_status":"closed","ping_status":"closed","template":"","meta":{"_acf_changed":false,"footnotes":""},"class_list":["post-109740","page","type-page","status-publish","hentry"],"acf":[],"yoast_head":"<!-- This site is optimized with the Yoast SEO plugin v26.8 - https:\/\/yoast.com\/product\/yoast-seo-wordpress\/ -->\n<title>Autodiagn\u00f3stico de la Agenda 2030 by AIVP - AIVP<\/title>\n<meta name=\"robots\" content=\"index, follow, max-snippet:-1, max-image-preview:large, max-video-preview:-1\" \/>\n<link rel=\"canonical\" href=\"https:\/\/www.aivp.org\/es\/accueil\/nuestras-iniciatives\/agenda-2030\/autodiagnostico-de-la-agenda-2030-by-aivp\/\" \/>\n<meta property=\"og:locale\" content=\"es_ES\" \/>\n<meta property=\"og:type\" content=\"article\" \/>\n<meta property=\"og:title\" content=\"Autodiagn\u00f3stico de la Agenda 2030 by AIVP - AIVP\" \/>\n<meta property=\"og:url\" content=\"https:\/\/www.aivp.org\/es\/accueil\/nuestras-iniciatives\/agenda-2030\/autodiagnostico-de-la-agenda-2030-by-aivp\/\" \/>\n<meta property=\"og:site_name\" content=\"AIVP\" \/>\n<meta property=\"article:modified_time\" content=\"2024-06-19T15:06:39+00:00\" \/>\n<meta name=\"twitter:card\" content=\"summary_large_image\" \/>\n<script type=\"application\/ld+json\" class=\"yoast-schema-graph\">{\"@context\":\"https:\/\/schema.org\",\"@graph\":[{\"@type\":\"WebPage\",\"@id\":\"https:\/\/www.aivp.org\/es\/accueil\/nuestras-iniciatives\/agenda-2030\/autodiagnostico-de-la-agenda-2030-by-aivp\/\",\"url\":\"https:\/\/www.aivp.org\/es\/accueil\/nuestras-iniciatives\/agenda-2030\/autodiagnostico-de-la-agenda-2030-by-aivp\/\",\"name\":\"Autodiagn\u00f3stico de la Agenda 2030 by AIVP - AIVP\",\"isPartOf\":{\"@id\":\"https:\/\/www.aivp.org\/es\/#website\"},\"datePublished\":\"2023-11-13T15:52:10+00:00\",\"dateModified\":\"2024-06-19T15:06:39+00:00\",\"breadcrumb\":{\"@id\":\"https:\/\/www.aivp.org\/es\/accueil\/nuestras-iniciatives\/agenda-2030\/autodiagnostico-de-la-agenda-2030-by-aivp\/#breadcrumb\"},\"inLanguage\":\"es\",\"potentialAction\":[{\"@type\":\"ReadAction\",\"target\":[\"https:\/\/www.aivp.org\/es\/accueil\/nuestras-iniciatives\/agenda-2030\/autodiagnostico-de-la-agenda-2030-by-aivp\/\"]}]},{\"@type\":\"BreadcrumbList\",\"@id\":\"https:\/\/www.aivp.org\/es\/accueil\/nuestras-iniciatives\/agenda-2030\/autodiagnostico-de-la-agenda-2030-by-aivp\/#breadcrumb\",\"itemListElement\":[{\"@type\":\"ListItem\",\"position\":1,\"name\":\"Home\",\"item\":\"https:\/\/www.aivp.org\/es\/\"},{\"@type\":\"ListItem\",\"position\":2,\"name\":\"P\u00e1gina de inicio\",\"item\":\"https:\/\/www.aivp.org\/es\/\"},{\"@type\":\"ListItem\",\"position\":3,\"name\":\"Nuestras iniciatives\",\"item\":\"https:\/\/www.aivp.org\/es\/accueil\/nuestras-iniciatives\/\"},{\"@type\":\"ListItem\",\"position\":4,\"name\":\"Agenda 2030\",\"item\":\"https:\/\/www.aivp.org\/es\/accueil\/nuestras-iniciatives\/agenda-2030\/\"},{\"@type\":\"ListItem\",\"position\":5,\"name\":\"Autodiagn\u00f3stico de la Agenda 2030 by AIVP\"}]},{\"@type\":\"WebSite\",\"@id\":\"https:\/\/www.aivp.org\/es\/#website\",\"url\":\"https:\/\/www.aivp.org\/es\/\",\"name\":\"AIVP\",\"description\":\"Inspiring people of port cities\",\"publisher\":{\"@id\":\"https:\/\/www.aivp.org\/es\/#organization\"},\"potentialAction\":[{\"@type\":\"SearchAction\",\"target\":{\"@type\":\"EntryPoint\",\"urlTemplate\":\"https:\/\/www.aivp.org\/es\/?s={search_term_string}\"},\"query-input\":{\"@type\":\"PropertyValueSpecification\",\"valueRequired\":true,\"valueName\":\"search_term_string\"}}],\"inLanguage\":\"es\"},{\"@type\":\"Organization\",\"@id\":\"https:\/\/www.aivp.org\/es\/#organization\",\"name\":\"AIVP\",\"url\":\"https:\/\/www.aivp.org\/es\/\",\"logo\":{\"@type\":\"ImageObject\",\"inLanguage\":\"es\",\"@id\":\"https:\/\/www.aivp.org\/es\/#\/schema\/logo\/image\/\",\"url\":\"https:\/\/www.aivp.org\/wp-content\/uploads\/2020\/07\/cropped-favicon.png\",\"contentUrl\":\"https:\/\/www.aivp.org\/wp-content\/uploads\/2020\/07\/cropped-favicon.png\",\"width\":512,\"height\":512,\"caption\":\"AIVP\"},\"image\":{\"@id\":\"https:\/\/www.aivp.org\/es\/#\/schema\/logo\/image\/\"}}]}<\/script>\n<!-- \/ Yoast SEO plugin. -->","yoast_head_json":{"title":"Autodiagn\u00f3stico de la Agenda 2030 by AIVP - AIVP","robots":{"index":"index","follow":"follow","max-snippet":"max-snippet:-1","max-image-preview":"max-image-preview:large","max-video-preview":"max-video-preview:-1"},"canonical":"https:\/\/www.aivp.org\/es\/accueil\/nuestras-iniciatives\/agenda-2030\/autodiagnostico-de-la-agenda-2030-by-aivp\/","og_locale":"es_ES","og_type":"article","og_title":"Autodiagn\u00f3stico de la Agenda 2030 by AIVP - AIVP","og_url":"https:\/\/www.aivp.org\/es\/accueil\/nuestras-iniciatives\/agenda-2030\/autodiagnostico-de-la-agenda-2030-by-aivp\/","og_site_name":"AIVP","article_modified_time":"2024-06-19T15:06:39+00:00","twitter_card":"summary_large_image","schema":{"@context":"https:\/\/schema.org","@graph":[{"@type":"WebPage","@id":"https:\/\/www.aivp.org\/es\/accueil\/nuestras-iniciatives\/agenda-2030\/autodiagnostico-de-la-agenda-2030-by-aivp\/","url":"https:\/\/www.aivp.org\/es\/accueil\/nuestras-iniciatives\/agenda-2030\/autodiagnostico-de-la-agenda-2030-by-aivp\/","name":"Autodiagn\u00f3stico de la Agenda 2030 by AIVP - AIVP","isPartOf":{"@id":"https:\/\/www.aivp.org\/es\/#website"},"datePublished":"2023-11-13T15:52:10+00:00","dateModified":"2024-06-19T15:06:39+00:00","breadcrumb":{"@id":"https:\/\/www.aivp.org\/es\/accueil\/nuestras-iniciatives\/agenda-2030\/autodiagnostico-de-la-agenda-2030-by-aivp\/#breadcrumb"},"inLanguage":"es","potentialAction":[{"@type":"ReadAction","target":["https:\/\/www.aivp.org\/es\/accueil\/nuestras-iniciatives\/agenda-2030\/autodiagnostico-de-la-agenda-2030-by-aivp\/"]}]},{"@type":"BreadcrumbList","@id":"https:\/\/www.aivp.org\/es\/accueil\/nuestras-iniciatives\/agenda-2030\/autodiagnostico-de-la-agenda-2030-by-aivp\/#breadcrumb","itemListElement":[{"@type":"ListItem","position":1,"name":"Home","item":"https:\/\/www.aivp.org\/es\/"},{"@type":"ListItem","position":2,"name":"P\u00e1gina de inicio","item":"https:\/\/www.aivp.org\/es\/"},{"@type":"ListItem","position":3,"name":"Nuestras iniciatives","item":"https:\/\/www.aivp.org\/es\/accueil\/nuestras-iniciatives\/"},{"@type":"ListItem","position":4,"name":"Agenda 2030","item":"https:\/\/www.aivp.org\/es\/accueil\/nuestras-iniciatives\/agenda-2030\/"},{"@type":"ListItem","position":5,"name":"Autodiagn\u00f3stico de la Agenda 2030 by AIVP"}]},{"@type":"WebSite","@id":"https:\/\/www.aivp.org\/es\/#website","url":"https:\/\/www.aivp.org\/es\/","name":"AIVP","description":"Inspiring people of port cities","publisher":{"@id":"https:\/\/www.aivp.org\/es\/#organization"},"potentialAction":[{"@type":"SearchAction","target":{"@type":"EntryPoint","urlTemplate":"https:\/\/www.aivp.org\/es\/?s={search_term_string}"},"query-input":{"@type":"PropertyValueSpecification","valueRequired":true,"valueName":"search_term_string"}}],"inLanguage":"es"},{"@type":"Organization","@id":"https:\/\/www.aivp.org\/es\/#organization","name":"AIVP","url":"https:\/\/www.aivp.org\/es\/","logo":{"@type":"ImageObject","inLanguage":"es","@id":"https:\/\/www.aivp.org\/es\/#\/schema\/logo\/image\/","url":"https:\/\/www.aivp.org\/wp-content\/uploads\/2020\/07\/cropped-favicon.png","contentUrl":"https:\/\/www.aivp.org\/wp-content\/uploads\/2020\/07\/cropped-favicon.png","width":512,"height":512,"caption":"AIVP"},"image":{"@id":"https:\/\/www.aivp.org\/es\/#\/schema\/logo\/image\/"}}]}},"_links":{"self":[{"href":"https:\/\/www.aivp.org\/es\/wp-json\/wp\/v2\/pages\/109740","targetHints":{"allow":["GET"]}}],"collection":[{"href":"https:\/\/www.aivp.org\/es\/wp-json\/wp\/v2\/pages"}],"about":[{"href":"https:\/\/www.aivp.org\/es\/wp-json\/wp\/v2\/types\/page"}],"author":[{"embeddable":true,"href":"https:\/\/www.aivp.org\/es\/wp-json\/wp\/v2\/users\/119"}],"replies":[{"embeddable":true,"href":"https:\/\/www.aivp.org\/es\/wp-json\/wp\/v2\/comments?post=109740"}],"version-history":[{"count":3,"href":"https:\/\/www.aivp.org\/es\/wp-json\/wp\/v2\/pages\/109740\/revisions"}],"predecessor-version":[{"id":123108,"href":"https:\/\/www.aivp.org\/es\/wp-json\/wp\/v2\/pages\/109740\/revisions\/123108"}],"up":[{"embeddable":true,"href":"https:\/\/www.aivp.org\/es\/wp-json\/wp\/v2\/pages\/3263"}],"wp:attachment":[{"href":"https:\/\/www.aivp.org\/es\/wp-json\/wp\/v2\/media?parent=109740"}],"curies":[{"name":"wp","href":"https:\/\/api.w.org\/{rel}","templated":true}]}}