{"id":109786,"date":"2023-11-13T17:23:11","date_gmt":"2023-11-13T16:23:11","guid":{"rendered":"https:\/\/www.aivp.org\/?page_id=109786"},"modified":"2024-04-22T10:37:17","modified_gmt":"2024-04-22T08:37:17","slug":"premio-aivp-antoine-rufenacht","status":"publish","type":"page","link":"https:\/\/www.aivp.org\/es\/accueil\/nuestras-iniciatives\/premio-aivp-antoine-rufenacht\/","title":{"rendered":"Premio AIVP Antoine Rufenacht"},"content":{"rendered":"<div class=\"block image py-5 \" id=\"block_79b07cb5d1ef716daa48ce5f48a27b38\" >\n\n    <div class=\"container \">\n\n        \n        <img loading=\"lazy\" decoding=\"async\" width=\"856\" height=\"402\" src=\"https:\/\/www.aivp.org\/wp-content\/uploads\/2023\/11\/par-gb.png\" class=\"img-fluid d-block mx-auto\" alt=\"\" srcset=\"https:\/\/www.aivp.org\/wp-content\/uploads\/2023\/11\/par-gb.png 856w, https:\/\/www.aivp.org\/wp-content\/uploads\/2023\/11\/par-gb-690x324.png 690w, https:\/\/www.aivp.org\/wp-content\/uploads\/2023\/11\/par-gb-768x361.png 768w, https:\/\/www.aivp.org\/wp-content\/uploads\/2023\/11\/par-gb-255x120.png 255w, https:\/\/www.aivp.org\/wp-content\/uploads\/2023\/11\/par-gb-360x169.png 360w, https:\/\/www.aivp.org\/wp-content\/uploads\/2023\/11\/par-gb-171x80.png 171w, https:\/\/www.aivp.org\/wp-content\/uploads\/2023\/11\/par-gb-548x257.png 548w\" sizes=\"auto, (max-width: 856px) 100vw, 856px\" \/>\n    <\/div>\n\n<\/div>\n\n<div class=\"block block-deux-colonnes py-5   bg-white\" id=\"block_aa8b4c2840831fc0ba7dd3eb95be82ad\">\n\n\t<div class=\"container with-waves\">\n\n\t\t<div class=\"row\">\n\t\t\t\n\t\t\t<div class=\"col-lg-6\">\n\n\t\t\t\t<div>\n\t\t\t\t\n\t\t\t\t\t\n\t\t\t\t\t\t<div class=\"anime-in-view\"><h3>Un premio internacional<\/h3>\n<ul>\n<li><strong>Reconocer las estrategias integradas de desarrollo<\/strong> que transmiten una visi\u00f3n global y decididamente moderna de la ciudad portuaria.<\/li>\n<\/ul>\n<p>&nbsp;<\/p>\n<ul>\n<li><strong>Destacar la calidad y la singularidad<\/strong> del trabajo realizado por los equipos de gesti\u00f3n que han contribuido a la realizaci\u00f3n operativa del proyecto de desarrollo.<\/li>\n<\/ul>\n<p>&nbsp;<\/p>\n<ul>\n<li><strong>Apoyar a las ciudades portuarias del mundo<\/strong> en sus iniciativas de desarrollo sostenible, en consonancia con los objetivos establecidos en la Agenda 2030 de la AIVP.<\/li>\n<\/ul>\n<\/div>\n\n\t\t\t\t<\/div>\n\n\t\t\t<\/div>\n\n\t\t\t<div class=\"col-lg-6 mt-lg-0 mt-5\">\n\t\t\t\t\n\t\t\t\t\n\t\t\t\t\t<div class=\"anime-in-view\"><p>Dado que las ciudades portuarias se encuentran en primera l\u00ednea para hacer frente a los retos del desarrollo sostenible, la Agenda 2030 de la AIVP ofrece un marco de acci\u00f3n para experimentar y aplicar soluciones concretas e innovadoras, afirmando al mismo tiempo su singularidad.<\/p>\n<p>\u00abLa creaci\u00f3n del Premio AIVP Antoine Rufenacht se inscribe en este enfoque: estimular los intercambios y la emulaci\u00f3n al servicio de un futuro m\u00e1s seguro y sostenible, para que nuestras ciudades portuarias sigan siendo fuentes de vida, de trabajo y de orgullo\u00bb.<\/p>\n<p>\u00c9douard Philippe<br \/>\nPresidente de la AIVP<br \/>\nAlcalde de Le Havre<br \/>\nEx Primer Ministro<\/p>\n<\/div>\n\n\t\t\t<\/div>\n\n\t\t<\/div>\n\n\n\t\t<div class=\"waves position-absolute d-none d-xl-block\" id=\"wave_1\" >\n    <svg xmlns=\"http:\/\/www.w3.org\/2000\/svg\" width=\"83.591\" height=\"8\" viewBox=\"0 0 83.591 8\"><g transform=\"translate(-0.001 -123.628)\"><path class=\"wave\" style=\"stroke:none;\" d=\"M355.4,126.737a12.46,12.46,0,0,1,2.682,1.837c1.744,1.431,3.72,3.054,7.539,3.054s5.8-1.622,7.539-3.054c1.632-1.34,3.042-2.5,5.985-2.5a1.224,1.224,0,0,0,0-2.449c-3.819,0-5.8,1.622-7.539,3.054-1.632,1.34-3.042,2.5-5.985,2.5s-4.353-1.157-5.985-2.5a14.548,14.548,0,0,0-3.213-2.17,1.225,1.225,0,0,0-1.023,2.225Z\" transform=\"translate(-296.78)\"\/><path class=\"wave\" style=\"stroke:none;\" d=\"M1.225,126.078c2.942,0,4.352,1.157,5.985,2.5,1.743,1.431,3.719,3.053,7.539,3.053s5.8-1.622,7.539-3.053c1.632-1.34,3.042-2.5,5.985-2.5s4.352,1.157,5.985,2.5c1.743,1.431,3.719,3.053,7.539,3.053s5.8-1.622,7.539-3.053c1.583-1.3,2.95-2.422,5.7-2.494a1.224,1.224,0,0,0-.064-2.448,10.748,10.748,0,0,0-7.195,3.049c-1.632,1.34-3.042,2.5-5.985,2.5s-4.352-1.157-5.985-2.5c-1.743-1.431-3.719-3.054-7.538-3.054s-5.8,1.622-7.539,3.054c-1.632,1.34-3.042,2.5-5.985,2.5s-4.352-1.157-5.985-2.5c-1.743-1.431-3.719-3.054-7.539-3.054a1.224,1.224,0,0,0,0,2.449Z\" transform=\"translate(0 -0.001)\"\/><\/g><\/svg><\/div>\n<div class=\"waves position-absolute d-none d-xl-block\" id=\"wave_2\" >\n    <svg xmlns=\"http:\/\/www.w3.org\/2000\/svg\" width=\"83.591\" height=\"8\" viewBox=\"0 0 83.591 8\"><path class=\"wave\" style=\"stroke:none;\" d=\"M379.658,126.737a12.46,12.46,0,0,0-2.682,1.837c-1.744,1.431-3.72,3.053-7.539,3.053s-5.8-1.622-7.539-3.053c-1.632-1.34-3.042-2.5-5.985-2.5a1.224,1.224,0,0,1,0-2.449c3.819,0,5.8,1.622,7.539,3.053,1.633,1.34,3.042,2.5,5.985,2.5s4.353-1.157,5.985-2.5a14.548,14.548,0,0,1,3.213-2.17,1.225,1.225,0,0,1,1.023,2.225Z\" transform=\"translate(-354.688 -123.628)\"\/><path class=\"wave\" style=\"stroke:none;\" d=\"M55.007,126.078c-2.942,0-4.352,1.157-5.985,2.5-1.743,1.431-3.719,3.053-7.539,3.053s-5.8-1.622-7.539-3.053c-1.632-1.34-3.042-2.5-5.985-2.5s-4.352,1.157-5.985,2.5c-1.743,1.431-3.719,3.053-7.539,3.053s-5.8-1.622-7.539-3.053c-1.583-1.3-2.95-2.422-5.7-2.494a1.224,1.224,0,0,1,.064-2.448,10.748,10.748,0,0,1,7.195,3.049c1.632,1.34,3.042,2.5,5.985,2.5s4.352-1.157,5.985-2.5c1.743-1.431,3.719-3.053,7.539-3.053s5.8,1.622,7.539,3.053c1.632,1.34,3.042,2.5,5.985,2.5s4.352-1.157,5.985-2.5c1.743-1.431,3.719-3.053,7.539-3.053a1.224,1.224,0,0,1,0,2.449Z\" transform=\"translate(27.36 -123.629)\"\/><\/svg><\/div>\n\t<\/div>\n\n<\/div>\n\n<div class=\"block block-texte py-5  bg-info\" id=\"block_4d4e41e4dccac0d14b23d2f7b8b98edc\">\n\n\t<div class=\"container\">\n\n\t\t<div class=\"row\">\n\n\t\t\t<div class=\"col-12 anime-in-view\">\n\t\t\t\t\n\t\t\t\t<h1 style=\"text-align: center\">Para m\u00e1s informaci\u00f3n: <a href=\"https:\/\/aivp-rufenacht-prize.org\/en\/\" target=\"_blank\" rel=\"noopener\">aqu\u00ed<\/a><\/h1>\n\n\t\t\t<\/div>\n\t\t\t\n\t\t<\/div>\n\n\t<\/div>\n\n<\/div>\n\n<div class=\"block block-deux-colonnes py-5   bg-white\" id=\"block_91292376629d0b8798b5ebf8c249c44e\">\n\n\t<div class=\"container with-waves\">\n\n\t\t<div class=\"row\">\n\t\t\t\n\t\t\t<div class=\"col-lg-6\">\n\n\t\t\t\t<div>\n\t\t\t\t\n\t\t\t\t\t<img loading=\"lazy\" decoding=\"async\" width=\"690\" height=\"690\" src=\"https:\/\/www.aivp.org\/wp-content\/uploads\/2023\/11\/Antoine-Rufenacht-\u220f-Erik-Levilly-1-e1699433082447-690x690.jpg\" class=\"img-fluid mb-3 anime-in-view\" alt=\"\" srcset=\"https:\/\/www.aivp.org\/wp-content\/uploads\/2023\/11\/Antoine-Rufenacht-\u220f-Erik-Levilly-1-e1699433082447-690x690.jpg 690w, https:\/\/www.aivp.org\/wp-content\/uploads\/2023\/11\/Antoine-Rufenacht-\u220f-Erik-Levilly-1-e1699433082447-1140x1140.jpg 1140w, https:\/\/www.aivp.org\/wp-content\/uploads\/2023\/11\/Antoine-Rufenacht-\u220f-Erik-Levilly-1-e1699433082447-150x150.jpg 150w, https:\/\/www.aivp.org\/wp-content\/uploads\/2023\/11\/Antoine-Rufenacht-\u220f-Erik-Levilly-1-e1699433082447-768x768.jpg 768w, https:\/\/www.aivp.org\/wp-content\/uploads\/2023\/11\/Antoine-Rufenacht-\u220f-Erik-Levilly-1-e1699433082447-255x255.jpg 255w, https:\/\/www.aivp.org\/wp-content\/uploads\/2023\/11\/Antoine-Rufenacht-\u220f-Erik-Levilly-1-e1699433082447-360x360.jpg 360w, https:\/\/www.aivp.org\/wp-content\/uploads\/2023\/11\/Antoine-Rufenacht-\u220f-Erik-Levilly-1-e1699433082447-171x171.jpg 171w, https:\/\/www.aivp.org\/wp-content\/uploads\/2023\/11\/Antoine-Rufenacht-\u220f-Erik-Levilly-1-e1699433082447-548x548.jpg 548w, https:\/\/www.aivp.org\/wp-content\/uploads\/2023\/11\/Antoine-Rufenacht-\u220f-Erik-Levilly-1-e1699433082447.jpg 1328w\" sizes=\"auto, (max-width: 690px) 100vw, 690px\" \/>\n\t\t\t\t\t\t<div class=\"anime-in-view\"><\/div>\n\n\t\t\t\t<\/div>\n\n\t\t\t<\/div>\n\n\t\t\t<div class=\"col-lg-6 mt-lg-0 mt-5\">\n\t\t\t\t\n\t\t\t\t\n\t\t\t\t\t<div class=\"anime-in-view\"><h3>Antoine Rufenacht<\/h3>\n<p>Alcalde de Le Havre de 1995 a 2010 y Presidente fundador de la Asociaci\u00f3n Internacional de Ciudades y Puertos (AIVP) de 1988 a 2002, Antoine Rufenacht fue un l\u00edder empresarial y pol\u00edtico franc\u00e9s eminentemente reconocido por sus pares. M\u00e1s que ninguna otra cosa, le apasionaba Le Havre, ciudad portuaria, m\u00e1rtir de la Segunda Guerra Mundial, poco querida por sus habitantes, incomprendida y escarnecida, cuya singularidad se propuso comprender. El entrelazamiento de la influencia urbana y el atractivo portuario le resultaba evidente, al igual que el inter\u00e9s mutuo por trascender los l\u00edmites de la ciudad y el puerto. Su visi\u00f3n del desarrollo como un conjunto de operaciones que encajan para formar un todo coherente e indisociable, su comprensi\u00f3n de la globalizaci\u00f3n y del papel de las ciudades portuarias en el mundo, su capacidad de escucha, su amplitud de miras y su ambici\u00f3n para Le Havre habr\u00e1n guiado todas sus acciones y tenido un impacto duradero en la imagen y la identidad de su ciudad.<\/p>\n<p><strong>El Premio AIVP Antoine Rufenacht rinde homenaje a Antoine Rufenacht como hombre de proyectos y de di\u00e1logo, y destaca su visi\u00f3n de la ciudad portuaria como una combinaci\u00f3n de visi\u00f3n a largo plazo, coherencia urbana y vanguardismo.<\/strong><\/p>\n<\/div>\n\n\t\t\t<\/div>\n\n\t\t<\/div>\n\n\n\t\t<div class=\"waves position-absolute d-none d-xl-block\" id=\"wave_1\" >\n    <svg xmlns=\"http:\/\/www.w3.org\/2000\/svg\" width=\"83.591\" height=\"8\" viewBox=\"0 0 83.591 8\"><g transform=\"translate(-0.001 -123.628)\"><path class=\"wave\" style=\"stroke:none;\" d=\"M355.4,126.737a12.46,12.46,0,0,1,2.682,1.837c1.744,1.431,3.72,3.054,7.539,3.054s5.8-1.622,7.539-3.054c1.632-1.34,3.042-2.5,5.985-2.5a1.224,1.224,0,0,0,0-2.449c-3.819,0-5.8,1.622-7.539,3.054-1.632,1.34-3.042,2.5-5.985,2.5s-4.353-1.157-5.985-2.5a14.548,14.548,0,0,0-3.213-2.17,1.225,1.225,0,0,0-1.023,2.225Z\" transform=\"translate(-296.78)\"\/><path class=\"wave\" style=\"stroke:none;\" d=\"M1.225,126.078c2.942,0,4.352,1.157,5.985,2.5,1.743,1.431,3.719,3.053,7.539,3.053s5.8-1.622,7.539-3.053c1.632-1.34,3.042-2.5,5.985-2.5s4.352,1.157,5.985,2.5c1.743,1.431,3.719,3.053,7.539,3.053s5.8-1.622,7.539-3.053c1.583-1.3,2.95-2.422,5.7-2.494a1.224,1.224,0,0,0-.064-2.448,10.748,10.748,0,0,0-7.195,3.049c-1.632,1.34-3.042,2.5-5.985,2.5s-4.352-1.157-5.985-2.5c-1.743-1.431-3.719-3.054-7.538-3.054s-5.8,1.622-7.539,3.054c-1.632,1.34-3.042,2.5-5.985,2.5s-4.352-1.157-5.985-2.5c-1.743-1.431-3.719-3.054-7.539-3.054a1.224,1.224,0,0,0,0,2.449Z\" transform=\"translate(0 -0.001)\"\/><\/g><\/svg><\/div>\n<div class=\"waves position-absolute d-none d-xl-block\" id=\"wave_2\" >\n    <svg xmlns=\"http:\/\/www.w3.org\/2000\/svg\" width=\"83.591\" height=\"8\" viewBox=\"0 0 83.591 8\"><path class=\"wave\" style=\"stroke:none;\" d=\"M379.658,126.737a12.46,12.46,0,0,0-2.682,1.837c-1.744,1.431-3.72,3.053-7.539,3.053s-5.8-1.622-7.539-3.053c-1.632-1.34-3.042-2.5-5.985-2.5a1.224,1.224,0,0,1,0-2.449c3.819,0,5.8,1.622,7.539,3.053,1.633,1.34,3.042,2.5,5.985,2.5s4.353-1.157,5.985-2.5a14.548,14.548,0,0,1,3.213-2.17,1.225,1.225,0,0,1,1.023,2.225Z\" transform=\"translate(-354.688 -123.628)\"\/><path class=\"wave\" style=\"stroke:none;\" d=\"M55.007,126.078c-2.942,0-4.352,1.157-5.985,2.5-1.743,1.431-3.719,3.053-7.539,3.053s-5.8-1.622-7.539-3.053c-1.632-1.34-3.042-2.5-5.985-2.5s-4.352,1.157-5.985,2.5c-1.743,1.431-3.719,3.053-7.539,3.053s-5.8-1.622-7.539-3.053c-1.583-1.3-2.95-2.422-5.7-2.494a1.224,1.224,0,0,1,.064-2.448,10.748,10.748,0,0,1,7.195,3.049c1.632,1.34,3.042,2.5,5.985,2.5s4.352-1.157,5.985-2.5c1.743-1.431,3.719-3.053,7.539-3.053s5.8,1.622,7.539,3.053c1.632,1.34,3.042,2.5,5.985,2.5s4.352-1.157,5.985-2.5c1.743-1.431,3.719-3.053,7.539-3.053a1.224,1.224,0,0,1,0,2.449Z\" transform=\"translate(27.36 -123.629)\"\/><\/svg><\/div>\n\t<\/div>\n\n<\/div>\n\n<div class=\"block block-texte py-5  bg-white\" id=\"block_686b36fc5f1e7162a81fa594e34a17a5\">\n\n\t<div class=\"container\">\n\n\t\t<div class=\"row\">\n\n\t\t\t<div class=\"col-12 anime-in-view\">\n\t\t\t\t\n\t\t\t\t<p>Operaci\u00f3n apoyada por el Gobierno franc\u00e9s en el marco del Fondo de Intervenci\u00f3n Mar\u00edtima (FIM) gestionado por la Direcci\u00f3n General de Asuntos Mar\u00edtimos, Pesca y Acuicultura (DGAMPA).<\/p>\n<p><img loading=\"lazy\" decoding=\"async\" class=\"wp-image-120190 alignleft\" src=\"https:\/\/www.aivp.org\/wp-content\/uploads\/2024\/04\/secretariat-detat-charge-de-la-mer-et-de-la-biodiversite-690x441.png\" alt=\"\" width=\"219\" height=\"140\" srcset=\"https:\/\/www.aivp.org\/wp-content\/uploads\/2024\/04\/secretariat-detat-charge-de-la-mer-et-de-la-biodiversite-690x441.png 690w, https:\/\/www.aivp.org\/wp-content\/uploads\/2024\/04\/secretariat-detat-charge-de-la-mer-et-de-la-biodiversite-1140x728.png 1140w, https:\/\/www.aivp.org\/wp-content\/uploads\/2024\/04\/secretariat-detat-charge-de-la-mer-et-de-la-biodiversite-768x490.png 768w, https:\/\/www.aivp.org\/wp-content\/uploads\/2024\/04\/secretariat-detat-charge-de-la-mer-et-de-la-biodiversite-255x163.png 255w, https:\/\/www.aivp.org\/wp-content\/uploads\/2024\/04\/secretariat-detat-charge-de-la-mer-et-de-la-biodiversite-360x230.png 360w, https:\/\/www.aivp.org\/wp-content\/uploads\/2024\/04\/secretariat-detat-charge-de-la-mer-et-de-la-biodiversite-171x109.png 171w, https:\/\/www.aivp.org\/wp-content\/uploads\/2024\/04\/secretariat-detat-charge-de-la-mer-et-de-la-biodiversite-548x350.png 548w, https:\/\/www.aivp.org\/wp-content\/uploads\/2024\/04\/secretariat-detat-charge-de-la-mer-et-de-la-biodiversite.png 1145w\" sizes=\"auto, (max-width: 219px) 100vw, 219px\" \/><\/p>\n\n\t\t\t<\/div>\n\t\t\t\n\t\t<\/div>\n\n\t<\/div>\n\n<\/div>","protected":false},"excerpt":{"rendered":"","protected":false},"author":119,"featured_media":0,"parent":3361,"menu_order":2,"comment_status":"closed","ping_status":"closed","template":"","meta":{"_acf_changed":false,"footnotes":""},"class_list":["post-109786","page","type-page","status-publish","hentry"],"acf":[],"yoast_head":"<!-- This site is optimized with the Yoast SEO plugin v26.8 - https:\/\/yoast.com\/product\/yoast-seo-wordpress\/ -->\n<title>Premio AIVP Antoine Rufenacht - AIVP<\/title>\n<meta name=\"robots\" content=\"index, follow, max-snippet:-1, max-image-preview:large, max-video-preview:-1\" \/>\n<link rel=\"canonical\" href=\"https:\/\/www.aivp.org\/es\/accueil\/nuestras-iniciatives\/premio-aivp-antoine-rufenacht\/\" \/>\n<meta property=\"og:locale\" content=\"es_ES\" \/>\n<meta property=\"og:type\" content=\"article\" \/>\n<meta property=\"og:title\" content=\"Premio AIVP Antoine Rufenacht - AIVP\" \/>\n<meta property=\"og:url\" content=\"https:\/\/www.aivp.org\/es\/accueil\/nuestras-iniciatives\/premio-aivp-antoine-rufenacht\/\" \/>\n<meta property=\"og:site_name\" content=\"AIVP\" \/>\n<meta property=\"article:modified_time\" content=\"2024-04-22T08:37:17+00:00\" \/>\n<meta name=\"twitter:card\" content=\"summary_large_image\" \/>\n<script type=\"application\/ld+json\" class=\"yoast-schema-graph\">{\"@context\":\"https:\/\/schema.org\",\"@graph\":[{\"@type\":\"WebPage\",\"@id\":\"https:\/\/www.aivp.org\/es\/accueil\/nuestras-iniciatives\/premio-aivp-antoine-rufenacht\/\",\"url\":\"https:\/\/www.aivp.org\/es\/accueil\/nuestras-iniciatives\/premio-aivp-antoine-rufenacht\/\",\"name\":\"Premio AIVP Antoine Rufenacht - AIVP\",\"isPartOf\":{\"@id\":\"https:\/\/www.aivp.org\/es\/#website\"},\"datePublished\":\"2023-11-13T16:23:11+00:00\",\"dateModified\":\"2024-04-22T08:37:17+00:00\",\"breadcrumb\":{\"@id\":\"https:\/\/www.aivp.org\/es\/accueil\/nuestras-iniciatives\/premio-aivp-antoine-rufenacht\/#breadcrumb\"},\"inLanguage\":\"es\",\"potentialAction\":[{\"@type\":\"ReadAction\",\"target\":[\"https:\/\/www.aivp.org\/es\/accueil\/nuestras-iniciatives\/premio-aivp-antoine-rufenacht\/\"]}]},{\"@type\":\"BreadcrumbList\",\"@id\":\"https:\/\/www.aivp.org\/es\/accueil\/nuestras-iniciatives\/premio-aivp-antoine-rufenacht\/#breadcrumb\",\"itemListElement\":[{\"@type\":\"ListItem\",\"position\":1,\"name\":\"Home\",\"item\":\"https:\/\/www.aivp.org\/es\/\"},{\"@type\":\"ListItem\",\"position\":2,\"name\":\"P\u00e1gina de inicio\",\"item\":\"https:\/\/www.aivp.org\/es\/\"},{\"@type\":\"ListItem\",\"position\":3,\"name\":\"Nuestras iniciatives\",\"item\":\"https:\/\/www.aivp.org\/es\/accueil\/nuestras-iniciatives\/\"},{\"@type\":\"ListItem\",\"position\":4,\"name\":\"Premio AIVP Antoine Rufenacht\"}]},{\"@type\":\"WebSite\",\"@id\":\"https:\/\/www.aivp.org\/es\/#website\",\"url\":\"https:\/\/www.aivp.org\/es\/\",\"name\":\"AIVP\",\"description\":\"Inspiring people of port cities\",\"publisher\":{\"@id\":\"https:\/\/www.aivp.org\/es\/#organization\"},\"potentialAction\":[{\"@type\":\"SearchAction\",\"target\":{\"@type\":\"EntryPoint\",\"urlTemplate\":\"https:\/\/www.aivp.org\/es\/?s={search_term_string}\"},\"query-input\":{\"@type\":\"PropertyValueSpecification\",\"valueRequired\":true,\"valueName\":\"search_term_string\"}}],\"inLanguage\":\"es\"},{\"@type\":\"Organization\",\"@id\":\"https:\/\/www.aivp.org\/es\/#organization\",\"name\":\"AIVP\",\"url\":\"https:\/\/www.aivp.org\/es\/\",\"logo\":{\"@type\":\"ImageObject\",\"inLanguage\":\"es\",\"@id\":\"https:\/\/www.aivp.org\/es\/#\/schema\/logo\/image\/\",\"url\":\"https:\/\/www.aivp.org\/wp-content\/uploads\/2020\/07\/cropped-favicon.png\",\"contentUrl\":\"https:\/\/www.aivp.org\/wp-content\/uploads\/2020\/07\/cropped-favicon.png\",\"width\":512,\"height\":512,\"caption\":\"AIVP\"},\"image\":{\"@id\":\"https:\/\/www.aivp.org\/es\/#\/schema\/logo\/image\/\"}}]}<\/script>\n<!-- \/ Yoast SEO plugin. -->","yoast_head_json":{"title":"Premio AIVP Antoine Rufenacht - AIVP","robots":{"index":"index","follow":"follow","max-snippet":"max-snippet:-1","max-image-preview":"max-image-preview:large","max-video-preview":"max-video-preview:-1"},"canonical":"https:\/\/www.aivp.org\/es\/accueil\/nuestras-iniciatives\/premio-aivp-antoine-rufenacht\/","og_locale":"es_ES","og_type":"article","og_title":"Premio AIVP Antoine Rufenacht - AIVP","og_url":"https:\/\/www.aivp.org\/es\/accueil\/nuestras-iniciatives\/premio-aivp-antoine-rufenacht\/","og_site_name":"AIVP","article_modified_time":"2024-04-22T08:37:17+00:00","twitter_card":"summary_large_image","schema":{"@context":"https:\/\/schema.org","@graph":[{"@type":"WebPage","@id":"https:\/\/www.aivp.org\/es\/accueil\/nuestras-iniciatives\/premio-aivp-antoine-rufenacht\/","url":"https:\/\/www.aivp.org\/es\/accueil\/nuestras-iniciatives\/premio-aivp-antoine-rufenacht\/","name":"Premio AIVP Antoine Rufenacht - AIVP","isPartOf":{"@id":"https:\/\/www.aivp.org\/es\/#website"},"datePublished":"2023-11-13T16:23:11+00:00","dateModified":"2024-04-22T08:37:17+00:00","breadcrumb":{"@id":"https:\/\/www.aivp.org\/es\/accueil\/nuestras-iniciatives\/premio-aivp-antoine-rufenacht\/#breadcrumb"},"inLanguage":"es","potentialAction":[{"@type":"ReadAction","target":["https:\/\/www.aivp.org\/es\/accueil\/nuestras-iniciatives\/premio-aivp-antoine-rufenacht\/"]}]},{"@type":"BreadcrumbList","@id":"https:\/\/www.aivp.org\/es\/accueil\/nuestras-iniciatives\/premio-aivp-antoine-rufenacht\/#breadcrumb","itemListElement":[{"@type":"ListItem","position":1,"name":"Home","item":"https:\/\/www.aivp.org\/es\/"},{"@type":"ListItem","position":2,"name":"P\u00e1gina de inicio","item":"https:\/\/www.aivp.org\/es\/"},{"@type":"ListItem","position":3,"name":"Nuestras iniciatives","item":"https:\/\/www.aivp.org\/es\/accueil\/nuestras-iniciatives\/"},{"@type":"ListItem","position":4,"name":"Premio AIVP Antoine Rufenacht"}]},{"@type":"WebSite","@id":"https:\/\/www.aivp.org\/es\/#website","url":"https:\/\/www.aivp.org\/es\/","name":"AIVP","description":"Inspiring people of port cities","publisher":{"@id":"https:\/\/www.aivp.org\/es\/#organization"},"potentialAction":[{"@type":"SearchAction","target":{"@type":"EntryPoint","urlTemplate":"https:\/\/www.aivp.org\/es\/?s={search_term_string}"},"query-input":{"@type":"PropertyValueSpecification","valueRequired":true,"valueName":"search_term_string"}}],"inLanguage":"es"},{"@type":"Organization","@id":"https:\/\/www.aivp.org\/es\/#organization","name":"AIVP","url":"https:\/\/www.aivp.org\/es\/","logo":{"@type":"ImageObject","inLanguage":"es","@id":"https:\/\/www.aivp.org\/es\/#\/schema\/logo\/image\/","url":"https:\/\/www.aivp.org\/wp-content\/uploads\/2020\/07\/cropped-favicon.png","contentUrl":"https:\/\/www.aivp.org\/wp-content\/uploads\/2020\/07\/cropped-favicon.png","width":512,"height":512,"caption":"AIVP"},"image":{"@id":"https:\/\/www.aivp.org\/es\/#\/schema\/logo\/image\/"}}]}},"_links":{"self":[{"href":"https:\/\/www.aivp.org\/es\/wp-json\/wp\/v2\/pages\/109786","targetHints":{"allow":["GET"]}}],"collection":[{"href":"https:\/\/www.aivp.org\/es\/wp-json\/wp\/v2\/pages"}],"about":[{"href":"https:\/\/www.aivp.org\/es\/wp-json\/wp\/v2\/types\/page"}],"author":[{"embeddable":true,"href":"https:\/\/www.aivp.org\/es\/wp-json\/wp\/v2\/users\/119"}],"replies":[{"embeddable":true,"href":"https:\/\/www.aivp.org\/es\/wp-json\/wp\/v2\/comments?post=109786"}],"version-history":[{"count":3,"href":"https:\/\/www.aivp.org\/es\/wp-json\/wp\/v2\/pages\/109786\/revisions"}],"predecessor-version":[{"id":120201,"href":"https:\/\/www.aivp.org\/es\/wp-json\/wp\/v2\/pages\/109786\/revisions\/120201"}],"up":[{"embeddable":true,"href":"https:\/\/www.aivp.org\/es\/wp-json\/wp\/v2\/pages\/3361"}],"wp:attachment":[{"href":"https:\/\/www.aivp.org\/es\/wp-json\/wp\/v2\/media?parent=109786"}],"curies":[{"name":"wp","href":"https:\/\/api.w.org\/{rel}","templated":true}]}}