{"id":112509,"date":"2023-12-20T09:22:03","date_gmt":"2023-12-20T08:22:03","guid":{"rendered":"https:\/\/www.aivp.org\/inscription-evenement\/inscription-tva-16\/"},"modified":"2025-04-30T12:03:09","modified_gmt":"2025-04-30T10:03:09","slug":"inscription-tva-16","status":"publish","type":"page","link":"https:\/\/www.aivp.org\/es\/inscription-evenement-rotterdam2025-es\/inscription-tva-16\/","title":{"rendered":"Taller Port Center &#8211; Inscripci\u00f3n 16% IVA"},"content":{"rendered":"<div class=\"block block-texte py-5  bg-white\" id=\"block_10569e6dbebc164b0803d824f7322ffc\">\n\n\t<div class=\"container\">\n\n\t\t<div class=\"row\">\n\n\t\t\t<div class=\"col-12 anime-in-view\">\n\t\t\t\t\n\t\t\t\t<p><a class=\"weezevent-widget-integration\" title=\"Venta de entradas en l\u00ednea\" href=\"https:\/\/widget.weezevent.com\/ticket\/b6f006ad-8926-48ed-b7a0-90c304bc09a0?id_evenement=1324088&amp;locale=es-ES&amp;code=29999\" target=\"_blank\" rel=\"noopener\" data-src=\"https:\/\/widget.weezevent.com\/ticket\/b6f006ad-8926-48ed-b7a0-90c304bc09a0?id_evenement=1324088&amp;locale=es-ES&amp;code=29999\" data-width=\"650\" data-height=\"600\" data-resize=\"1\" data-nopb=\"0\" data-type=\"neo\" data-width_auto=\"1\" data-noscroll=\"0\" data-id=\"1324088\"><img loading=\"lazy\" decoding=\"async\" class=\"alignnone size-full wp-image-138119\" src=\"https:\/\/www.aivp.org\/wp-content\/uploads\/2025\/04\/es-inscripcion.png\" alt=\"\" width=\"300\" height=\"100\" srcset=\"https:\/\/www.aivp.org\/wp-content\/uploads\/2025\/04\/es-inscripcion.png 300w, https:\/\/www.aivp.org\/wp-content\/uploads\/2025\/04\/es-inscripcion-255x85.png 255w, https:\/\/www.aivp.org\/wp-content\/uploads\/2025\/04\/es-inscripcion-171x57.png 171w\" sizes=\"auto, (max-width: 300px) 100vw, 300px\" \/><\/a><\/p>\n<p><a class=\"weezevent-widget-integration\" title=\"Venta de entradas en l\u00ednea\" href=\"https:\/\/widget.weezevent.com\/ticket\/b6f006ad-8926-48ed-b7a0-90c304bc09a0?id_evenement=1324088&amp;locale=es-ES&amp;code=29999\" target=\"_blank\" rel=\"noopener\" data-src=\"https:\/\/widget.weezevent.com\/ticket\/b6f006ad-8926-48ed-b7a0-90c304bc09a0?id_evenement=1324088&amp;locale=es-ES&amp;code=29999\" data-width=\"650\" data-height=\"600\" data-resize=\"1\" data-nopb=\"0\" data-type=\"neo\" data-width_auto=\"1\" data-noscroll=\"0\" data-id=\"1324088\">Venta de entradas Weezevent<\/a><\/p>\n<p>CONDICIONES DE CANCELACI\u00d3N<\/p>\n<p>&#8211; Las cancelaciones deben enviarse a la AIVP por correo electr\u00f3nico a aivp@aivp. org o por correo postal.<\/p>\n<p>&#8211; Cancelaciones recibidas antes del 30 de mayo de 2025: reembolso de los gastos de inscripci\u00f3n.<\/p>\n<p>&#8211; Cancelaciones recibidas despu\u00e9s del 30 de mayo de 2025, o en caso de no asistencia al evento: no se realizar\u00e1 ning\u00fan reembolso.<\/p>\n\n\t\t\t<\/div>\n\t\t\t\n\t\t<\/div>\n\n\t<\/div>\n\n<\/div>","protected":false},"excerpt":{"rendered":"","protected":false},"author":248,"featured_media":0,"parent":138061,"menu_order":0,"comment_status":"closed","ping_status":"closed","template":"","meta":{"_acf_changed":false,"footnotes":""},"class_list":["post-112509","page","type-page","status-publish","hentry"],"acf":[],"yoast_head":"<!-- This site is optimized with the Yoast SEO plugin v26.8 - https:\/\/yoast.com\/product\/yoast-seo-wordpress\/ -->\n<title>Taller Port Center - Inscripci\u00f3n 16% IVA - AIVP<\/title>\n<meta name=\"robots\" content=\"index, follow, max-snippet:-1, max-image-preview:large, max-video-preview:-1\" \/>\n<link rel=\"canonical\" href=\"https:\/\/www.aivp.org\/es\/inscription-evenement-rotterdam2025-es\/inscription-tva-16\/\" \/>\n<meta property=\"og:locale\" content=\"es_ES\" \/>\n<meta property=\"og:type\" content=\"article\" \/>\n<meta property=\"og:title\" content=\"Taller Port Center - Inscripci\u00f3n 16% IVA - AIVP\" \/>\n<meta property=\"og:url\" content=\"https:\/\/www.aivp.org\/es\/inscription-evenement-rotterdam2025-es\/inscription-tva-16\/\" \/>\n<meta property=\"og:site_name\" content=\"AIVP\" \/>\n<meta property=\"article:modified_time\" content=\"2025-04-30T10:03:09+00:00\" \/>\n<meta name=\"twitter:card\" content=\"summary_large_image\" \/>\n<script type=\"application\/ld+json\" class=\"yoast-schema-graph\">{\"@context\":\"https:\/\/schema.org\",\"@graph\":[{\"@type\":\"WebPage\",\"@id\":\"https:\/\/www.aivp.org\/es\/inscription-evenement-rotterdam2025-es\/inscription-tva-16\/\",\"url\":\"https:\/\/www.aivp.org\/es\/inscription-evenement-rotterdam2025-es\/inscription-tva-16\/\",\"name\":\"Taller Port Center - Inscripci\u00f3n 16% IVA - AIVP\",\"isPartOf\":{\"@id\":\"https:\/\/www.aivp.org\/es\/#website\"},\"datePublished\":\"2023-12-20T08:22:03+00:00\",\"dateModified\":\"2025-04-30T10:03:09+00:00\",\"breadcrumb\":{\"@id\":\"https:\/\/www.aivp.org\/es\/inscription-evenement-rotterdam2025-es\/inscription-tva-16\/#breadcrumb\"},\"inLanguage\":\"es\",\"potentialAction\":[{\"@type\":\"ReadAction\",\"target\":[\"https:\/\/www.aivp.org\/es\/inscription-evenement-rotterdam2025-es\/inscription-tva-16\/\"]}]},{\"@type\":\"BreadcrumbList\",\"@id\":\"https:\/\/www.aivp.org\/es\/inscription-evenement-rotterdam2025-es\/inscription-tva-16\/#breadcrumb\",\"itemListElement\":[{\"@type\":\"ListItem\",\"position\":1,\"name\":\"Home\",\"item\":\"https:\/\/www.aivp.org\/es\/\"},{\"@type\":\"ListItem\",\"position\":2,\"name\":\"Inscripci\u00f3n &#8211; Taller Port Center Montr\u00e9al 2024\",\"item\":\"https:\/\/www.aivp.org\/es\/inscription-evenement\/\"},{\"@type\":\"ListItem\",\"position\":3,\"name\":\"Taller Port Center &#8211; Inscripci\u00f3n 16% IVA\"}]},{\"@type\":\"WebSite\",\"@id\":\"https:\/\/www.aivp.org\/es\/#website\",\"url\":\"https:\/\/www.aivp.org\/es\/\",\"name\":\"AIVP\",\"description\":\"Inspiring people of port cities\",\"publisher\":{\"@id\":\"https:\/\/www.aivp.org\/es\/#organization\"},\"potentialAction\":[{\"@type\":\"SearchAction\",\"target\":{\"@type\":\"EntryPoint\",\"urlTemplate\":\"https:\/\/www.aivp.org\/es\/?s={search_term_string}\"},\"query-input\":{\"@type\":\"PropertyValueSpecification\",\"valueRequired\":true,\"valueName\":\"search_term_string\"}}],\"inLanguage\":\"es\"},{\"@type\":\"Organization\",\"@id\":\"https:\/\/www.aivp.org\/es\/#organization\",\"name\":\"AIVP\",\"url\":\"https:\/\/www.aivp.org\/es\/\",\"logo\":{\"@type\":\"ImageObject\",\"inLanguage\":\"es\",\"@id\":\"https:\/\/www.aivp.org\/es\/#\/schema\/logo\/image\/\",\"url\":\"https:\/\/www.aivp.org\/wp-content\/uploads\/2020\/07\/cropped-favicon.png\",\"contentUrl\":\"https:\/\/www.aivp.org\/wp-content\/uploads\/2020\/07\/cropped-favicon.png\",\"width\":512,\"height\":512,\"caption\":\"AIVP\"},\"image\":{\"@id\":\"https:\/\/www.aivp.org\/es\/#\/schema\/logo\/image\/\"}}]}<\/script>\n<!-- \/ Yoast SEO plugin. -->","yoast_head_json":{"title":"Taller Port Center - Inscripci\u00f3n 16% IVA - AIVP","robots":{"index":"index","follow":"follow","max-snippet":"max-snippet:-1","max-image-preview":"max-image-preview:large","max-video-preview":"max-video-preview:-1"},"canonical":"https:\/\/www.aivp.org\/es\/inscription-evenement-rotterdam2025-es\/inscription-tva-16\/","og_locale":"es_ES","og_type":"article","og_title":"Taller Port Center - Inscripci\u00f3n 16% IVA - AIVP","og_url":"https:\/\/www.aivp.org\/es\/inscription-evenement-rotterdam2025-es\/inscription-tva-16\/","og_site_name":"AIVP","article_modified_time":"2025-04-30T10:03:09+00:00","twitter_card":"summary_large_image","schema":{"@context":"https:\/\/schema.org","@graph":[{"@type":"WebPage","@id":"https:\/\/www.aivp.org\/es\/inscription-evenement-rotterdam2025-es\/inscription-tva-16\/","url":"https:\/\/www.aivp.org\/es\/inscription-evenement-rotterdam2025-es\/inscription-tva-16\/","name":"Taller Port Center - Inscripci\u00f3n 16% IVA - AIVP","isPartOf":{"@id":"https:\/\/www.aivp.org\/es\/#website"},"datePublished":"2023-12-20T08:22:03+00:00","dateModified":"2025-04-30T10:03:09+00:00","breadcrumb":{"@id":"https:\/\/www.aivp.org\/es\/inscription-evenement-rotterdam2025-es\/inscription-tva-16\/#breadcrumb"},"inLanguage":"es","potentialAction":[{"@type":"ReadAction","target":["https:\/\/www.aivp.org\/es\/inscription-evenement-rotterdam2025-es\/inscription-tva-16\/"]}]},{"@type":"BreadcrumbList","@id":"https:\/\/www.aivp.org\/es\/inscription-evenement-rotterdam2025-es\/inscription-tva-16\/#breadcrumb","itemListElement":[{"@type":"ListItem","position":1,"name":"Home","item":"https:\/\/www.aivp.org\/es\/"},{"@type":"ListItem","position":2,"name":"Inscripci\u00f3n &#8211; Taller Port Center Montr\u00e9al 2024","item":"https:\/\/www.aivp.org\/es\/inscription-evenement\/"},{"@type":"ListItem","position":3,"name":"Taller Port Center &#8211; Inscripci\u00f3n 16% IVA"}]},{"@type":"WebSite","@id":"https:\/\/www.aivp.org\/es\/#website","url":"https:\/\/www.aivp.org\/es\/","name":"AIVP","description":"Inspiring people of port cities","publisher":{"@id":"https:\/\/www.aivp.org\/es\/#organization"},"potentialAction":[{"@type":"SearchAction","target":{"@type":"EntryPoint","urlTemplate":"https:\/\/www.aivp.org\/es\/?s={search_term_string}"},"query-input":{"@type":"PropertyValueSpecification","valueRequired":true,"valueName":"search_term_string"}}],"inLanguage":"es"},{"@type":"Organization","@id":"https:\/\/www.aivp.org\/es\/#organization","name":"AIVP","url":"https:\/\/www.aivp.org\/es\/","logo":{"@type":"ImageObject","inLanguage":"es","@id":"https:\/\/www.aivp.org\/es\/#\/schema\/logo\/image\/","url":"https:\/\/www.aivp.org\/wp-content\/uploads\/2020\/07\/cropped-favicon.png","contentUrl":"https:\/\/www.aivp.org\/wp-content\/uploads\/2020\/07\/cropped-favicon.png","width":512,"height":512,"caption":"AIVP"},"image":{"@id":"https:\/\/www.aivp.org\/es\/#\/schema\/logo\/image\/"}}]}},"_links":{"self":[{"href":"https:\/\/www.aivp.org\/es\/wp-json\/wp\/v2\/pages\/112509","targetHints":{"allow":["GET"]}}],"collection":[{"href":"https:\/\/www.aivp.org\/es\/wp-json\/wp\/v2\/pages"}],"about":[{"href":"https:\/\/www.aivp.org\/es\/wp-json\/wp\/v2\/types\/page"}],"author":[{"embeddable":true,"href":"https:\/\/www.aivp.org\/es\/wp-json\/wp\/v2\/users\/248"}],"replies":[{"embeddable":true,"href":"https:\/\/www.aivp.org\/es\/wp-json\/wp\/v2\/comments?post=112509"}],"version-history":[{"count":2,"href":"https:\/\/www.aivp.org\/es\/wp-json\/wp\/v2\/pages\/112509\/revisions"}],"predecessor-version":[{"id":138124,"href":"https:\/\/www.aivp.org\/es\/wp-json\/wp\/v2\/pages\/112509\/revisions\/138124"}],"up":[{"embeddable":true,"href":"https:\/\/www.aivp.org\/es\/wp-json\/wp\/v2\/pages\/138061"}],"wp:attachment":[{"href":"https:\/\/www.aivp.org\/es\/wp-json\/wp\/v2\/media?parent=112509"}],"curies":[{"name":"wp","href":"https:\/\/api.w.org\/{rel}","templated":true}]}}