{"id":123140,"date":"2024-06-20T09:35:23","date_gmt":"2024-06-20T07:35:23","guid":{"rendered":"https:\/\/www.aivp.org\/?page_id=123140"},"modified":"2024-06-20T09:37:56","modified_gmt":"2024-06-20T07:37:56","slug":"opiniones-de-los-alumnos","status":"publish","type":"page","link":"https:\/\/www.aivp.org\/es\/opiniones-de-los-alumnos\/","title":{"rendered":"Opiniones de los alumnos"},"content":{"rendered":"<style>.wp-block-kadence-advancedheading.kt-adv-heading123140_fb10ea-db, .wp-block-kadence-advancedheading.kt-adv-heading123140_fb10ea-db[data-kb-block=\"kb-adv-heading123140_fb10ea-db\"]{font-style:normal;}.wp-block-kadence-advancedheading.kt-adv-heading123140_fb10ea-db mark.kt-highlight, .wp-block-kadence-advancedheading.kt-adv-heading123140_fb10ea-db[data-kb-block=\"kb-adv-heading123140_fb10ea-db\"] mark.kt-highlight{font-style:normal;color:#f76a0c;-webkit-box-decoration-break:clone;box-decoration-break:clone;padding-top:0px;padding-right:0px;padding-bottom:0px;padding-left:0px;}.wp-block-kadence-advancedheading.kt-adv-heading123140_fb10ea-db img.kb-inline-image, .wp-block-kadence-advancedheading.kt-adv-heading123140_fb10ea-db[data-kb-block=\"kb-adv-heading123140_fb10ea-db\"] img.kb-inline-image{width:150px;vertical-align:baseline;}<\/style>\n<h2 class=\"kt-adv-heading123140_fb10ea-db wp-block-kadence-advancedheading\" data-kb-block=\"kb-adv-heading123140_fb10ea-db\"><\/h2>\n\n\n<div class=\"block block-texte py-5  bg-white\" id=\"block_55b9967ab2f353688840ac10c98d61c5\">\n\n\t<div class=\"container\">\n\n\t\t<div class=\"row\">\n\n\t\t\t<div class=\"col-12 anime-in-view\">\n\t\t\t\t\n\t\t\t\t<table width=\"924\">\n<tbody>\n<tr>\n<td width=\"344\"><strong>Maruja Arredondo,<\/strong><br \/>\n<span style=\"font-family: inherit;font-size: inherit\">Generaci\u00f3n 2023-2024.<br \/>\n<\/span>Docente-Investigadora, Universidad Aut\u00f3noma Metropolitana, M\u00e9xico.<\/td>\n<td width=\"580\">El Programa del curso me ha parecido <strong>excelente, ha rebasado mis espectativas<\/strong> en cuanto a lo que esperaba de el. (&#8230;) todos los m\u00f3dulos tuvieron contenidos tan interesantes y tan de actualidad que realmente nos ha brindado un panorama muy completo sobre las ciudades portuarias y las potencialidades de un puerto.<\/td>\n<\/tr>\n<tr>\n<td width=\"344\"><strong>Paula de Vale,<\/strong><br \/>\nGeneraci\u00f3n 2023-2024.<br \/>\nDoctoranda, Instituto Superior T\u00e9cnico, Portugal.<\/td>\n<td width=\"580\">El programa es muy interesante, <strong>alinea la teor\u00eda y la pr\u00e1ctica<\/strong> y, sin duda, puede contribuir en mucho al futuro desarrollo de las ciudades portuarias.<\/td>\n<\/tr>\n<tr>\n<td width=\"344\"><strong>Alfredo Ceballos,<\/strong><br \/>\nGeneraci\u00f3n 2023-2024.<br \/>\nMiembro de la Junta Directiva, Sociedad Portuaria Regional de Buenaventura S.A. Colombia.<\/td>\n<td width=\"580\">Una<strong> actualizaci\u00f3n<\/strong> en los temas mas importantes en el concepto Ciudad.Puerto; de manera especial, en el futuro de la actividad portuaria .<\/td>\n<\/tr>\n<tr>\n<td width=\"344\"><strong>Antoni Ginard,<\/strong><br \/>\nGeneraci\u00f3n 2023-2024<br \/>\nDirector, Autoridad Portuaria de Baleares, Espa\u00f1a.<\/td>\n<td width=\"580\">El modulo de gobernanza me aport\u00f3 nuevos conociemientos y una nueva visi\u00f3n sobre la manera de interactuar entre la ciudad y el puerto. El m\u00f3dulo de econom\u00eda me ayud\u00f3 a refrescar conceptos que puedo utilizar en mi trabajo.<\/td>\n<\/tr>\n<tr>\n<td width=\"344\"><strong>Laura Molano,<\/strong><br \/>\nGeneraci\u00f3n 2023-2024<br \/>\nJefa de gobierno corporativo, Comunicaci\u00f3n y RSC, Autoridad Portuaria de Baleares, Espa\u00f1a.<\/td>\n<td width=\"580\">El modulo de Gobernanza me ha resultado muy interesante, pr\u00e1ctico y enriquecedor. De hecho, me apunt\u00e9 al curso por este m\u00f3dulo, y me siento satisfecha con la elecci\u00f3n.<\/td>\n<\/tr>\n<tr>\n<td width=\"344\"><strong>Fabian Suarez,<\/strong><br \/>\nGeneraci\u00f3n 2023-2024.<br \/>\nEncargado de ambiente y sostenibilidad Administraci\u00f3n portuaria del puerto de Comodoro Rivadavia (APPCR), Argentina.<\/td>\n<td width=\"580\">Me ayud\u00f3 a comprender los alcances de las acciones que se desarrollan en los puertos y sus implicancias globales.<\/td>\n<\/tr>\n<tr>\n<td width=\"344\"><strong>Jenny Trillo,<\/strong><br \/>\nGeneraci\u00f3n 2023-2024.<br \/>\nSubgerente de recursos humanos, Gobierno local, Per\u00fa.<\/td>\n<td width=\"580\">Estoy agradecida por la forma y modo en que se han creado espacios de aprendizajes, atendiendo la problem\u00e1tica de los diferentes puertos. Muy agradecida con la calidad de los docentes.<\/td>\n<\/tr>\n<tr>\n<td width=\"344\"><strong>Monica Ararat,<\/strong><br \/>\nGeneraci\u00f3n 2023-2024.<br \/>\nCoordinadora de Comunicaciones, Sociedad Portuaria Regional de Buenaventura, Colombia.<\/td>\n<td width=\"580\">Entender desde los <strong>ejemplos la importancia de la sostenibilidad<\/strong> de una ciudad puerto, pero tambi\u00e9n interiorizar el alcance que al menos en nuestro caso como terminal mar\u00edtimo podemos tener, y la gesti\u00f3n o articulaci\u00f3n que podemos lograr para garantizar ciertos aspectos en la ciudad puerto.<\/td>\n<\/tr>\n<\/tbody>\n<\/table>\n\n\t\t\t<\/div>\n\t\t\t\n\t\t<\/div>\n\n\t<\/div>\n\n<\/div>\n\n<div class=\"block block-texte py-5  bg-secondary\" id=\"block_9b09b387f4705c025ea7efa077e95659\">\n\n\t<div class=\"container\">\n\n\t\t<div class=\"row\">\n\n\t\t\t<div class=\"col-12 anime-in-view\">\n\t\t\t\t\n\t\t\t\t<h2 style=\"text-align: center\">M\u00e1s informaci\u00f3n sobre el programa corus :\u00a0 <a href=\"https:\/\/www.aivp.org\/es\/accueil\/nuestros-servicios\/cursos-en-sostenibilidad-de-las-ciudades-puerto\/\">haga clic aqu\u00ed<\/a><\/h2>\n\n\t\t\t<\/div>\n\t\t\t\n\t\t<\/div>\n\n\t<\/div>\n\n<\/div>","protected":false},"excerpt":{"rendered":"","protected":false},"author":119,"featured_media":0,"parent":0,"menu_order":0,"comment_status":"closed","ping_status":"closed","template":"","meta":{"_acf_changed":false,"footnotes":""},"class_list":["post-123140","page","type-page","status-publish","hentry"],"acf":[],"yoast_head":"<!-- This site is optimized with the Yoast SEO plugin v26.8 - https:\/\/yoast.com\/product\/yoast-seo-wordpress\/ -->\n<title>Opiniones de los alumnos - AIVP<\/title>\n<meta name=\"robots\" content=\"index, follow, max-snippet:-1, max-image-preview:large, max-video-preview:-1\" \/>\n<link rel=\"canonical\" href=\"https:\/\/www.aivp.org\/es\/opiniones-de-los-alumnos\/\" \/>\n<meta property=\"og:locale\" content=\"es_ES\" \/>\n<meta property=\"og:type\" content=\"article\" \/>\n<meta property=\"og:title\" content=\"Opiniones de los alumnos - AIVP\" \/>\n<meta property=\"og:url\" content=\"https:\/\/www.aivp.org\/es\/opiniones-de-los-alumnos\/\" \/>\n<meta property=\"og:site_name\" content=\"AIVP\" \/>\n<meta property=\"article:modified_time\" content=\"2024-06-20T07:37:56+00:00\" \/>\n<meta name=\"twitter:card\" content=\"summary_large_image\" \/>\n<script type=\"application\/ld+json\" class=\"yoast-schema-graph\">{\"@context\":\"https:\/\/schema.org\",\"@graph\":[{\"@type\":\"WebPage\",\"@id\":\"https:\/\/www.aivp.org\/es\/opiniones-de-los-alumnos\/\",\"url\":\"https:\/\/www.aivp.org\/es\/opiniones-de-los-alumnos\/\",\"name\":\"Opiniones de los alumnos - AIVP\",\"isPartOf\":{\"@id\":\"https:\/\/www.aivp.org\/es\/#website\"},\"datePublished\":\"2024-06-20T07:35:23+00:00\",\"dateModified\":\"2024-06-20T07:37:56+00:00\",\"breadcrumb\":{\"@id\":\"https:\/\/www.aivp.org\/es\/opiniones-de-los-alumnos\/#breadcrumb\"},\"inLanguage\":\"es\",\"potentialAction\":[{\"@type\":\"ReadAction\",\"target\":[\"https:\/\/www.aivp.org\/es\/opiniones-de-los-alumnos\/\"]}]},{\"@type\":\"BreadcrumbList\",\"@id\":\"https:\/\/www.aivp.org\/es\/opiniones-de-los-alumnos\/#breadcrumb\",\"itemListElement\":[{\"@type\":\"ListItem\",\"position\":1,\"name\":\"Home\",\"item\":\"https:\/\/www.aivp.org\/es\/\"},{\"@type\":\"ListItem\",\"position\":2,\"name\":\"Opiniones de los alumnos\"}]},{\"@type\":\"WebSite\",\"@id\":\"https:\/\/www.aivp.org\/es\/#website\",\"url\":\"https:\/\/www.aivp.org\/es\/\",\"name\":\"AIVP\",\"description\":\"Inspiring people of port cities\",\"publisher\":{\"@id\":\"https:\/\/www.aivp.org\/es\/#organization\"},\"potentialAction\":[{\"@type\":\"SearchAction\",\"target\":{\"@type\":\"EntryPoint\",\"urlTemplate\":\"https:\/\/www.aivp.org\/es\/?s={search_term_string}\"},\"query-input\":{\"@type\":\"PropertyValueSpecification\",\"valueRequired\":true,\"valueName\":\"search_term_string\"}}],\"inLanguage\":\"es\"},{\"@type\":\"Organization\",\"@id\":\"https:\/\/www.aivp.org\/es\/#organization\",\"name\":\"AIVP\",\"url\":\"https:\/\/www.aivp.org\/es\/\",\"logo\":{\"@type\":\"ImageObject\",\"inLanguage\":\"es\",\"@id\":\"https:\/\/www.aivp.org\/es\/#\/schema\/logo\/image\/\",\"url\":\"https:\/\/www.aivp.org\/wp-content\/uploads\/2020\/07\/cropped-favicon.png\",\"contentUrl\":\"https:\/\/www.aivp.org\/wp-content\/uploads\/2020\/07\/cropped-favicon.png\",\"width\":512,\"height\":512,\"caption\":\"AIVP\"},\"image\":{\"@id\":\"https:\/\/www.aivp.org\/es\/#\/schema\/logo\/image\/\"}}]}<\/script>\n<!-- \/ Yoast SEO plugin. -->","yoast_head_json":{"title":"Opiniones de los alumnos - AIVP","robots":{"index":"index","follow":"follow","max-snippet":"max-snippet:-1","max-image-preview":"max-image-preview:large","max-video-preview":"max-video-preview:-1"},"canonical":"https:\/\/www.aivp.org\/es\/opiniones-de-los-alumnos\/","og_locale":"es_ES","og_type":"article","og_title":"Opiniones de los alumnos - AIVP","og_url":"https:\/\/www.aivp.org\/es\/opiniones-de-los-alumnos\/","og_site_name":"AIVP","article_modified_time":"2024-06-20T07:37:56+00:00","twitter_card":"summary_large_image","schema":{"@context":"https:\/\/schema.org","@graph":[{"@type":"WebPage","@id":"https:\/\/www.aivp.org\/es\/opiniones-de-los-alumnos\/","url":"https:\/\/www.aivp.org\/es\/opiniones-de-los-alumnos\/","name":"Opiniones de los alumnos - AIVP","isPartOf":{"@id":"https:\/\/www.aivp.org\/es\/#website"},"datePublished":"2024-06-20T07:35:23+00:00","dateModified":"2024-06-20T07:37:56+00:00","breadcrumb":{"@id":"https:\/\/www.aivp.org\/es\/opiniones-de-los-alumnos\/#breadcrumb"},"inLanguage":"es","potentialAction":[{"@type":"ReadAction","target":["https:\/\/www.aivp.org\/es\/opiniones-de-los-alumnos\/"]}]},{"@type":"BreadcrumbList","@id":"https:\/\/www.aivp.org\/es\/opiniones-de-los-alumnos\/#breadcrumb","itemListElement":[{"@type":"ListItem","position":1,"name":"Home","item":"https:\/\/www.aivp.org\/es\/"},{"@type":"ListItem","position":2,"name":"Opiniones de los alumnos"}]},{"@type":"WebSite","@id":"https:\/\/www.aivp.org\/es\/#website","url":"https:\/\/www.aivp.org\/es\/","name":"AIVP","description":"Inspiring people of port cities","publisher":{"@id":"https:\/\/www.aivp.org\/es\/#organization"},"potentialAction":[{"@type":"SearchAction","target":{"@type":"EntryPoint","urlTemplate":"https:\/\/www.aivp.org\/es\/?s={search_term_string}"},"query-input":{"@type":"PropertyValueSpecification","valueRequired":true,"valueName":"search_term_string"}}],"inLanguage":"es"},{"@type":"Organization","@id":"https:\/\/www.aivp.org\/es\/#organization","name":"AIVP","url":"https:\/\/www.aivp.org\/es\/","logo":{"@type":"ImageObject","inLanguage":"es","@id":"https:\/\/www.aivp.org\/es\/#\/schema\/logo\/image\/","url":"https:\/\/www.aivp.org\/wp-content\/uploads\/2020\/07\/cropped-favicon.png","contentUrl":"https:\/\/www.aivp.org\/wp-content\/uploads\/2020\/07\/cropped-favicon.png","width":512,"height":512,"caption":"AIVP"},"image":{"@id":"https:\/\/www.aivp.org\/es\/#\/schema\/logo\/image\/"}}]}},"_links":{"self":[{"href":"https:\/\/www.aivp.org\/es\/wp-json\/wp\/v2\/pages\/123140","targetHints":{"allow":["GET"]}}],"collection":[{"href":"https:\/\/www.aivp.org\/es\/wp-json\/wp\/v2\/pages"}],"about":[{"href":"https:\/\/www.aivp.org\/es\/wp-json\/wp\/v2\/types\/page"}],"author":[{"embeddable":true,"href":"https:\/\/www.aivp.org\/es\/wp-json\/wp\/v2\/users\/119"}],"replies":[{"embeddable":true,"href":"https:\/\/www.aivp.org\/es\/wp-json\/wp\/v2\/comments?post=123140"}],"version-history":[{"count":2,"href":"https:\/\/www.aivp.org\/es\/wp-json\/wp\/v2\/pages\/123140\/revisions"}],"predecessor-version":[{"id":123145,"href":"https:\/\/www.aivp.org\/es\/wp-json\/wp\/v2\/pages\/123140\/revisions\/123145"}],"wp:attachment":[{"href":"https:\/\/www.aivp.org\/es\/wp-json\/wp\/v2\/media?parent=123140"}],"curies":[{"name":"wp","href":"https:\/\/api.w.org\/{rel}","templated":true}]}}