{"id":138673,"date":"2025-05-09T15:46:38","date_gmt":"2025-05-09T13:46:38","guid":{"rendered":"https:\/\/www.aivp.org\/?page_id=138673"},"modified":"2025-05-09T16:12:42","modified_gmt":"2025-05-09T14:12:42","slug":"grupo-de-trabajo-sobre-cruceros-y-ciudades-portuarias","status":"publish","type":"page","link":"https:\/\/www.aivp.org\/es\/grupo-de-trabajo-sobre-cruceros-y-ciudades-portuarias\/","title":{"rendered":"Grupo de Trabajo sobre Cruceros y Ciudades Portuarias\u00a0"},"content":{"rendered":"<div class=\"block block-texte py-5  bg-white\" id=\"block_d293c6c7639978de8a8feca35f8666bd\">\n\n\t<div class=\"container\">\n\n\t\t<div class=\"row\">\n\n\t\t\t<div class=\"col-12 anime-in-view\">\n\t\t\t\t\n\t\t\t\t<p><span data-contrast=\"auto\">En noviembre de 2021, la Asociaci\u00f3n Internacional de Ciudades y Puertos (AIVP) y MedCruise formalizaron una asociaci\u00f3n mediante un Memorando de Entendimiento, lanzando conjuntamente el <\/span><i><span data-contrast=\"auto\">Grupo de Trabajo sobre Cruceros y Ciudades Portuarias<\/span><\/i><span data-contrast=\"auto\">. Esta iniciativa re\u00fane a miembros de ambas organizaciones para fomentar relaciones m\u00e1s sostenibles entre la actividad de cruceros y las comunidades urbanas portuarias.<\/span><span data-ccp-props=\"{}\">\u00a0<\/span><\/p>\n<p><img loading=\"lazy\" decoding=\"async\" class=\"wp-image-108682 aligncenter\" src=\"https:\/\/www.aivp.org\/wp-content\/uploads\/2023\/10\/Working-group-cruise.png\" alt=\"\" width=\"345\" height=\"276\" srcset=\"https:\/\/www.aivp.org\/wp-content\/uploads\/2023\/10\/Working-group-cruise.png 720w, https:\/\/www.aivp.org\/wp-content\/uploads\/2023\/10\/Working-group-cruise-690x552.png 690w, https:\/\/www.aivp.org\/wp-content\/uploads\/2023\/10\/Working-group-cruise-255x204.png 255w, https:\/\/www.aivp.org\/wp-content\/uploads\/2023\/10\/Working-group-cruise-360x288.png 360w, https:\/\/www.aivp.org\/wp-content\/uploads\/2023\/10\/Working-group-cruise-171x137.png 171w, https:\/\/www.aivp.org\/wp-content\/uploads\/2023\/10\/Working-group-cruise-548x438.png 548w\" sizes=\"auto, (max-width: 345px) 100vw, 345px\" \/><\/p>\n<p>&nbsp;<\/p>\n<h2><b><span data-contrast=\"auto\">Objetivos<\/span><\/b><span data-ccp-props=\"{}\">\u00a0<\/span><\/h2>\n<p><span data-contrast=\"auto\">El Grupo de Trabajo es una plataforma de colaboraci\u00f3n para autoridades portuarias, representantes municipales, operadores de cruceros y otros actores clave, con el fin de abordar los desaf\u00edos y oportunidades del turismo de cruceros en las ciudades portuarias. <\/span><span data-contrast=\"auto\">Sus principales objetivos son:<\/span><span data-ccp-props=\"{}\">\u00a0<\/span><\/p>\n<ul>\n<li data-leveltext=\"\uf0b7\" data-font=\"Symbol\" data-listid=\"3\" data-list-defn-props=\"{&quot;335552541&quot;:1,&quot;335559685&quot;:720,&quot;335559991&quot;:360,&quot;469769226&quot;:&quot;Symbol&quot;,&quot;469769242&quot;:[8226],&quot;469777803&quot;:&quot;left&quot;,&quot;469777804&quot;:&quot;\uf0b7&quot;,&quot;469777815&quot;:&quot;multilevel&quot;}\" data-aria-posinset=\"1\" data-aria-level=\"1\"><span data-contrast=\"auto\">Intercambiar conocimientos y buenas pr\u00e1cticas para una relaci\u00f3n sostenible entre cruceros y puertos<\/span><span data-ccp-props=\"{}\">\u00a0<\/span><\/li>\n<\/ul>\n<ul>\n<li data-leveltext=\"\uf0b7\" data-font=\"Symbol\" data-listid=\"3\" data-list-defn-props=\"{&quot;335552541&quot;:1,&quot;335559685&quot;:720,&quot;335559991&quot;:360,&quot;469769226&quot;:&quot;Symbol&quot;,&quot;469769242&quot;:[8226],&quot;469777803&quot;:&quot;left&quot;,&quot;469777804&quot;:&quot;\uf0b7&quot;,&quot;469777815&quot;:&quot;multilevel&quot;}\" data-aria-posinset=\"2\" data-aria-level=\"1\"><span data-contrast=\"auto\">Fomentar el di\u00e1logo y la transparencia entre los actores del sector cruceros y las comunidades locales<\/span><span data-ccp-props=\"{}\">\u00a0<\/span><\/li>\n<\/ul>\n<ul>\n<li data-leveltext=\"\uf0b7\" data-font=\"Symbol\" data-listid=\"3\" data-list-defn-props=\"{&quot;335552541&quot;:1,&quot;335559685&quot;:720,&quot;335559991&quot;:360,&quot;469769226&quot;:&quot;Symbol&quot;,&quot;469769242&quot;:[8226],&quot;469777803&quot;:&quot;left&quot;,&quot;469777804&quot;:&quot;\uf0b7&quot;,&quot;469777815&quot;:&quot;multilevel&quot;}\" data-aria-posinset=\"3\" data-aria-level=\"1\"><span data-contrast=\"auto\">Apoyar pol\u00edticas que equilibren el desarrollo econ\u00f3mico, ambiental y social<\/span><span data-ccp-props=\"{}\">\u00a0<\/span><\/li>\n<\/ul>\n<p>&nbsp;<\/p>\n<h2><b><span data-contrast=\"auto\">Actividades y Logros<\/span><\/b><span data-ccp-props=\"{}\">\u00a0<\/span><\/h2>\n<p><span data-contrast=\"auto\">Entre 2021 y 2024, el grupo celebr\u00f3 13 reuniones con la participaci\u00f3n de ciudades, puertos, agencias gubernamentales, compa\u00f1\u00edas de cruceros y expertos internacionales. Estas discusiones dieron lugar a la creaci\u00f3n del <\/span><i><span data-contrast=\"auto\">Cruise Port City Compass<\/span><\/i><span data-contrast=\"auto\">, un documento estrat\u00e9gico que presenta soluciones pr\u00e1cticas, desaf\u00edos clave y estudios de caso para una gesti\u00f3n sostenible del impacto urbano de los cruceros.<\/span><span data-ccp-props=\"{}\">\u00a0<\/span><\/p>\n<p><span data-contrast=\"auto\">Esta publicaci\u00f3n fue presentada oficialmente en Seatrade Cruise Global en Miami y se ha convertido en un documento de referencia esencial para las ciudades y puertos que buscan mejorar la convivencia con la actividad crucer\u00edstica.<\/span><span data-ccp-props=\"{}\">\u00a0<\/span><\/p>\n<p>&nbsp;<\/p>\n<h2><b><span data-contrast=\"auto\">Segunda Fase: Prioridades<\/span><\/b><span data-ccp-props=\"{}\">\u00a0<\/span><\/h2>\n<p><span data-contrast=\"auto\">La segunda fase del Grupo de Trabajo se centrar\u00e1 en dos \u00e1reas prioritarias:<\/span><span data-ccp-props=\"{}\">\u00a0<\/span><\/p>\n<ul>\n<li data-leveltext=\"\uf0b7\" data-font=\"Symbol\" data-listid=\"4\" data-list-defn-props=\"{&quot;335552541&quot;:1,&quot;335559685&quot;:720,&quot;335559991&quot;:360,&quot;469769226&quot;:&quot;Symbol&quot;,&quot;469769242&quot;:[8226],&quot;469777803&quot;:&quot;left&quot;,&quot;469777804&quot;:&quot;\uf0b7&quot;,&quot;469777815&quot;:&quot;multilevel&quot;}\" data-aria-posinset=\"1\" data-aria-level=\"1\"><b><span data-contrast=\"auto\">Gobernanza y participaci\u00f3n ciudadana<\/span><\/b><span data-contrast=\"auto\">: c\u00f3mo las compa\u00f1\u00edas de cruceros pueden contribuir activamente a la vida social y c\u00edvica de las ciudades portuarias<\/span><span data-ccp-props=\"{}\">\u00a0<\/span><\/li>\n<\/ul>\n<ul>\n<li data-leveltext=\"\uf0b7\" data-font=\"Symbol\" data-listid=\"4\" data-list-defn-props=\"{&quot;335552541&quot;:1,&quot;335559685&quot;:720,&quot;335559991&quot;:360,&quot;469769226&quot;:&quot;Symbol&quot;,&quot;469769242&quot;:[8226],&quot;469777803&quot;:&quot;left&quot;,&quot;469777804&quot;:&quot;\uf0b7&quot;,&quot;469777815&quot;:&quot;multilevel&quot;}\" data-aria-posinset=\"2\" data-aria-level=\"1\"><b><span data-contrast=\"auto\">Gesti\u00f3n de flujos y movilidad<\/span><\/b><span data-contrast=\"auto\">: soluciones para gestionar el flujo de pasajeros y reducir la congesti\u00f3n urbana<\/span><span data-ccp-props=\"{}\">\u00a0<\/span><\/li>\n<\/ul>\n<p><span data-contrast=\"auto\">Para apoyar este trabajo, se incorporar\u00e1n dos expertos externos: uno de una compa\u00f1\u00eda de cruceros y otro de una empresa de planificaci\u00f3n de movilidad y transporte.<\/span><span data-ccp-props=\"{}\">\u00a0<\/span><\/p>\n<p>&nbsp;<\/p>\n<h2><b><span data-contrast=\"auto\">Formato y Cronograma<\/span><\/b><span data-ccp-props=\"{}\">\u00a0<\/span><\/h2>\n<p><span data-contrast=\"auto\">El Grupo de Trabajo se reunir\u00e1 en l\u00ednea dos veces al a\u00f1o (primavera y oto\u00f1o) y organizar\u00e1 un evento presencial a principios de 2026. Una sesi\u00f3n de cierre tendr\u00e1 lugar durante Seatrade Cruise Global en abril de 2026.<\/span><span data-ccp-props=\"{}\">\u00a0<\/span><\/p>\n<p>&nbsp;<\/p>\n<h2><b><span data-contrast=\"auto\">Contacto<\/span><\/b><span data-ccp-props=\"{}\">\u00a0<\/span><\/h2>\n<p><span data-contrast=\"auto\">Para cualquier consulta, puede contactar con Jos\u00e9 S\u00e1nchez en: <\/span><b><span data-contrast=\"auto\">jsanchez@aivp.org<\/span><\/b><span data-ccp-props=\"{}\">\u00a0<\/span><\/p>\n\n\t\t\t<\/div>\n\t\t\t\n\t\t<\/div>\n\n\t<\/div>\n\n<\/div>","protected":false},"excerpt":{"rendered":"","protected":false},"author":119,"featured_media":0,"parent":0,"menu_order":0,"comment_status":"closed","ping_status":"closed","template":"","meta":{"_acf_changed":false,"footnotes":""},"class_list":["post-138673","page","type-page","status-publish","hentry"],"acf":[],"yoast_head":"<!-- This site is optimized with the Yoast SEO plugin v26.8 - https:\/\/yoast.com\/product\/yoast-seo-wordpress\/ -->\n<title>Grupo de Trabajo sobre Cruceros y Ciudades Portuarias\u00a0 - AIVP<\/title>\n<meta name=\"robots\" content=\"index, follow, max-snippet:-1, max-image-preview:large, max-video-preview:-1\" \/>\n<link rel=\"canonical\" href=\"https:\/\/www.aivp.org\/es\/grupo-de-trabajo-sobre-cruceros-y-ciudades-portuarias\/\" \/>\n<meta property=\"og:locale\" content=\"es_ES\" \/>\n<meta property=\"og:type\" content=\"article\" \/>\n<meta property=\"og:title\" content=\"Grupo de Trabajo sobre Cruceros y Ciudades Portuarias\u00a0 - AIVP\" \/>\n<meta property=\"og:url\" content=\"https:\/\/www.aivp.org\/es\/grupo-de-trabajo-sobre-cruceros-y-ciudades-portuarias\/\" \/>\n<meta property=\"og:site_name\" content=\"AIVP\" \/>\n<meta property=\"article:modified_time\" content=\"2025-05-09T14:12:42+00:00\" \/>\n<meta name=\"twitter:card\" content=\"summary_large_image\" \/>\n<script type=\"application\/ld+json\" class=\"yoast-schema-graph\">{\"@context\":\"https:\/\/schema.org\",\"@graph\":[{\"@type\":\"WebPage\",\"@id\":\"https:\/\/www.aivp.org\/es\/grupo-de-trabajo-sobre-cruceros-y-ciudades-portuarias\/\",\"url\":\"https:\/\/www.aivp.org\/es\/grupo-de-trabajo-sobre-cruceros-y-ciudades-portuarias\/\",\"name\":\"Grupo de Trabajo sobre Cruceros y Ciudades Portuarias\u00a0 - AIVP\",\"isPartOf\":{\"@id\":\"https:\/\/www.aivp.org\/es\/#website\"},\"datePublished\":\"2025-05-09T13:46:38+00:00\",\"dateModified\":\"2025-05-09T14:12:42+00:00\",\"breadcrumb\":{\"@id\":\"https:\/\/www.aivp.org\/es\/grupo-de-trabajo-sobre-cruceros-y-ciudades-portuarias\/#breadcrumb\"},\"inLanguage\":\"es\",\"potentialAction\":[{\"@type\":\"ReadAction\",\"target\":[\"https:\/\/www.aivp.org\/es\/grupo-de-trabajo-sobre-cruceros-y-ciudades-portuarias\/\"]}]},{\"@type\":\"BreadcrumbList\",\"@id\":\"https:\/\/www.aivp.org\/es\/grupo-de-trabajo-sobre-cruceros-y-ciudades-portuarias\/#breadcrumb\",\"itemListElement\":[{\"@type\":\"ListItem\",\"position\":1,\"name\":\"Home\",\"item\":\"https:\/\/www.aivp.org\/es\/\"},{\"@type\":\"ListItem\",\"position\":2,\"name\":\"Grupo de Trabajo sobre Cruceros y Ciudades Portuarias\u00a0\"}]},{\"@type\":\"WebSite\",\"@id\":\"https:\/\/www.aivp.org\/es\/#website\",\"url\":\"https:\/\/www.aivp.org\/es\/\",\"name\":\"AIVP\",\"description\":\"Inspiring people of port cities\",\"publisher\":{\"@id\":\"https:\/\/www.aivp.org\/es\/#organization\"},\"potentialAction\":[{\"@type\":\"SearchAction\",\"target\":{\"@type\":\"EntryPoint\",\"urlTemplate\":\"https:\/\/www.aivp.org\/es\/?s={search_term_string}\"},\"query-input\":{\"@type\":\"PropertyValueSpecification\",\"valueRequired\":true,\"valueName\":\"search_term_string\"}}],\"inLanguage\":\"es\"},{\"@type\":\"Organization\",\"@id\":\"https:\/\/www.aivp.org\/es\/#organization\",\"name\":\"AIVP\",\"url\":\"https:\/\/www.aivp.org\/es\/\",\"logo\":{\"@type\":\"ImageObject\",\"inLanguage\":\"es\",\"@id\":\"https:\/\/www.aivp.org\/es\/#\/schema\/logo\/image\/\",\"url\":\"https:\/\/www.aivp.org\/wp-content\/uploads\/2020\/07\/cropped-favicon.png\",\"contentUrl\":\"https:\/\/www.aivp.org\/wp-content\/uploads\/2020\/07\/cropped-favicon.png\",\"width\":512,\"height\":512,\"caption\":\"AIVP\"},\"image\":{\"@id\":\"https:\/\/www.aivp.org\/es\/#\/schema\/logo\/image\/\"}}]}<\/script>\n<!-- \/ Yoast SEO plugin. -->","yoast_head_json":{"title":"Grupo de Trabajo sobre Cruceros y Ciudades Portuarias\u00a0 - AIVP","robots":{"index":"index","follow":"follow","max-snippet":"max-snippet:-1","max-image-preview":"max-image-preview:large","max-video-preview":"max-video-preview:-1"},"canonical":"https:\/\/www.aivp.org\/es\/grupo-de-trabajo-sobre-cruceros-y-ciudades-portuarias\/","og_locale":"es_ES","og_type":"article","og_title":"Grupo de Trabajo sobre Cruceros y Ciudades Portuarias\u00a0 - AIVP","og_url":"https:\/\/www.aivp.org\/es\/grupo-de-trabajo-sobre-cruceros-y-ciudades-portuarias\/","og_site_name":"AIVP","article_modified_time":"2025-05-09T14:12:42+00:00","twitter_card":"summary_large_image","schema":{"@context":"https:\/\/schema.org","@graph":[{"@type":"WebPage","@id":"https:\/\/www.aivp.org\/es\/grupo-de-trabajo-sobre-cruceros-y-ciudades-portuarias\/","url":"https:\/\/www.aivp.org\/es\/grupo-de-trabajo-sobre-cruceros-y-ciudades-portuarias\/","name":"Grupo de Trabajo sobre Cruceros y Ciudades Portuarias\u00a0 - AIVP","isPartOf":{"@id":"https:\/\/www.aivp.org\/es\/#website"},"datePublished":"2025-05-09T13:46:38+00:00","dateModified":"2025-05-09T14:12:42+00:00","breadcrumb":{"@id":"https:\/\/www.aivp.org\/es\/grupo-de-trabajo-sobre-cruceros-y-ciudades-portuarias\/#breadcrumb"},"inLanguage":"es","potentialAction":[{"@type":"ReadAction","target":["https:\/\/www.aivp.org\/es\/grupo-de-trabajo-sobre-cruceros-y-ciudades-portuarias\/"]}]},{"@type":"BreadcrumbList","@id":"https:\/\/www.aivp.org\/es\/grupo-de-trabajo-sobre-cruceros-y-ciudades-portuarias\/#breadcrumb","itemListElement":[{"@type":"ListItem","position":1,"name":"Home","item":"https:\/\/www.aivp.org\/es\/"},{"@type":"ListItem","position":2,"name":"Grupo de Trabajo sobre Cruceros y Ciudades Portuarias\u00a0"}]},{"@type":"WebSite","@id":"https:\/\/www.aivp.org\/es\/#website","url":"https:\/\/www.aivp.org\/es\/","name":"AIVP","description":"Inspiring people of port cities","publisher":{"@id":"https:\/\/www.aivp.org\/es\/#organization"},"potentialAction":[{"@type":"SearchAction","target":{"@type":"EntryPoint","urlTemplate":"https:\/\/www.aivp.org\/es\/?s={search_term_string}"},"query-input":{"@type":"PropertyValueSpecification","valueRequired":true,"valueName":"search_term_string"}}],"inLanguage":"es"},{"@type":"Organization","@id":"https:\/\/www.aivp.org\/es\/#organization","name":"AIVP","url":"https:\/\/www.aivp.org\/es\/","logo":{"@type":"ImageObject","inLanguage":"es","@id":"https:\/\/www.aivp.org\/es\/#\/schema\/logo\/image\/","url":"https:\/\/www.aivp.org\/wp-content\/uploads\/2020\/07\/cropped-favicon.png","contentUrl":"https:\/\/www.aivp.org\/wp-content\/uploads\/2020\/07\/cropped-favicon.png","width":512,"height":512,"caption":"AIVP"},"image":{"@id":"https:\/\/www.aivp.org\/es\/#\/schema\/logo\/image\/"}}]}},"_links":{"self":[{"href":"https:\/\/www.aivp.org\/es\/wp-json\/wp\/v2\/pages\/138673","targetHints":{"allow":["GET"]}}],"collection":[{"href":"https:\/\/www.aivp.org\/es\/wp-json\/wp\/v2\/pages"}],"about":[{"href":"https:\/\/www.aivp.org\/es\/wp-json\/wp\/v2\/types\/page"}],"author":[{"embeddable":true,"href":"https:\/\/www.aivp.org\/es\/wp-json\/wp\/v2\/users\/119"}],"replies":[{"embeddable":true,"href":"https:\/\/www.aivp.org\/es\/wp-json\/wp\/v2\/comments?post=138673"}],"version-history":[{"count":2,"href":"https:\/\/www.aivp.org\/es\/wp-json\/wp\/v2\/pages\/138673\/revisions"}],"predecessor-version":[{"id":138679,"href":"https:\/\/www.aivp.org\/es\/wp-json\/wp\/v2\/pages\/138673\/revisions\/138679"}],"wp:attachment":[{"href":"https:\/\/www.aivp.org\/es\/wp-json\/wp\/v2\/media?parent=138673"}],"curies":[{"name":"wp","href":"https:\/\/api.w.org\/{rel}","templated":true}]}}