{"id":146669,"date":"2025-11-03T22:15:55","date_gmt":"2025-11-03T21:15:55","guid":{"rendered":"https:\/\/www.aivp.org\/?page_id=146669"},"modified":"2025-12-17T11:17:25","modified_gmt":"2025-12-17T10:17:25","slug":"inscripcion-taller-sobre-ciudades-portuarias-fluviales-2026-londres","status":"publish","type":"page","link":"https:\/\/www.aivp.org\/es\/inscripcion-taller-sobre-ciudades-portuarias-fluviales-2026-londres\/","title":{"rendered":"Inscripci\u00f3n \u2013 Taller sobre ciudades portuarias fluviales \u2013 2026 \u2013 Londres"},"content":{"rendered":"<div class=\"block block-texte py-5  bg-info\" id=\"block_966ba2bc2f0b4486627d803775f3e9cf\">\n\n\t<div class=\"container\">\n\n\t\t<div class=\"row\">\n\n\t\t\t<div class=\"col-12 anime-in-view\">\n\t\t\t\t\n\t\t\t\t<h2>Para registrarse y generar correctamente su factura, seleccione su pa\u00eds o regi\u00f3n de residencia:<\/h2>\n\n\t\t\t<\/div>\n\t\t\t\n\t\t<\/div>\n\n\t<\/div>\n\n<\/div>\n\n<div class=\"block block-trois-colonnes py-5   bg-white\" id=\"block_e8c24b3c56cce23d452141aa6a3009b6\">\n\n\t<div class=\"container with-waves\">\n\n\t\t<div class=\"row\">\n\t\t\t\n\t\t\t<div class=\"col-lg-4\">\n\t\t\t\t\n\t\t\t\t\n\t\t\t\t\t<div class=\"anime-in-view\"><h2>France :<\/h2>\n<p><a href=\"https:\/\/www.weezevent.com\/widget_billeterie.php?id_evenement=1416621&amp;widget_key=f57e6c1c-545c-41c0-b40c-c9ef2c7db250&amp;locale=es_ES&amp;color_primary=\" target=\"_blank\" rel=\"noopener\"><img loading=\"lazy\" decoding=\"async\" class=\"alignnone wp-image-113793 size-full\" src=\"https:\/\/www.aivp.org\/wp-content\/uploads\/2024\/01\/es-france-metropolitaine.png\" alt=\"\" width=\"300\" height=\"100\" srcset=\"https:\/\/www.aivp.org\/wp-content\/uploads\/2024\/01\/es-france-metropolitaine.png 300w, https:\/\/www.aivp.org\/wp-content\/uploads\/2024\/01\/es-france-metropolitaine-255x85.png 255w, https:\/\/www.aivp.org\/wp-content\/uploads\/2024\/01\/es-france-metropolitaine-171x57.png 171w\" sizes=\"auto, (max-width: 300px) 100vw, 300px\" \/><img loading=\"lazy\" decoding=\"async\" class=\"alignnone wp-image-113717 size-full\" src=\"https:\/\/www.aivp.org\/wp-content\/uploads\/2024\/01\/fr-Guadeloupe.png\" alt=\"\" width=\"300\" height=\"100\" srcset=\"https:\/\/www.aivp.org\/wp-content\/uploads\/2024\/01\/fr-Guadeloupe.png 300w, https:\/\/www.aivp.org\/wp-content\/uploads\/2024\/01\/fr-Guadeloupe-255x85.png 255w, https:\/\/www.aivp.org\/wp-content\/uploads\/2024\/01\/fr-Guadeloupe-171x57.png 171w\" sizes=\"auto, (max-width: 300px) 100vw, 300px\" \/><\/a><a href=\"https:\/\/www.weezevent.com\/widget_billeterie.php?id_evenement=1416621&amp;widget_key=72ea29cb-329b-4574-98d9-9737f50df8e0&amp;locale=es_ES&amp;color_primary=\" target=\"_blank\" rel=\"noopener\"><img loading=\"lazy\" decoding=\"async\" class=\"alignnone wp-image-113726 size-full\" src=\"https:\/\/www.aivp.org\/wp-content\/uploads\/2024\/01\/fr-Martinique.png\" alt=\"\" width=\"300\" height=\"100\" srcset=\"https:\/\/www.aivp.org\/wp-content\/uploads\/2024\/01\/fr-Martinique.png 300w, https:\/\/www.aivp.org\/wp-content\/uploads\/2024\/01\/fr-Martinique-255x85.png 255w, https:\/\/www.aivp.org\/wp-content\/uploads\/2024\/01\/fr-Martinique-171x57.png 171w\" sizes=\"auto, (max-width: 300px) 100vw, 300px\" \/><\/a><a href=\"https:\/\/www.weezevent.com\/widget_billeterie.php?id_evenement=1416621&amp;widget_key=72ea29cb-329b-4574-98d9-9737f50df8e0&amp;locale=es_ES&amp;color_primary=\" target=\"_blank\" rel=\"noopener\"><img loading=\"lazy\" decoding=\"async\" class=\"alignnone wp-image-113723 size-full\" src=\"https:\/\/www.aivp.org\/wp-content\/uploads\/2024\/01\/fr-la-reunion.png\" alt=\"\" width=\"300\" height=\"100\" srcset=\"https:\/\/www.aivp.org\/wp-content\/uploads\/2024\/01\/fr-la-reunion.png 300w, https:\/\/www.aivp.org\/wp-content\/uploads\/2024\/01\/fr-la-reunion-255x85.png 255w, https:\/\/www.aivp.org\/wp-content\/uploads\/2024\/01\/fr-la-reunion-171x57.png 171w\" sizes=\"auto, (max-width: 300px) 100vw, 300px\" \/><\/a><a href=\"https:\/\/www.weezevent.com\/widget_billeterie.php?id_evenement=1416621&amp;widget_key=1961499a-26cb-403e-9e28-f2f4a66cdc27&amp;locale=es_ES&amp;color_primary=\" target=\"_blank\" rel=\"noopener\"><img loading=\"lazy\" decoding=\"async\" class=\"alignnone wp-image-113720 size-full\" src=\"https:\/\/www.aivp.org\/wp-content\/uploads\/2024\/01\/fr-guyane.png\" alt=\"\" width=\"300\" height=\"100\" srcset=\"https:\/\/www.aivp.org\/wp-content\/uploads\/2024\/01\/fr-guyane.png 300w, https:\/\/www.aivp.org\/wp-content\/uploads\/2024\/01\/fr-guyane-255x85.png 255w, https:\/\/www.aivp.org\/wp-content\/uploads\/2024\/01\/fr-guyane-171x57.png 171w\" sizes=\"auto, (max-width: 300px) 100vw, 300px\" \/><\/a><a href=\"https:\/\/www.weezevent.com\/widget_billeterie.php?id_evenement=1416621&amp;widget_key=1961499a-26cb-403e-9e28-f2f4a66cdc27&amp;locale=es_ES&amp;color_primary=\" target=\"_blank\" rel=\"noopener\"><img loading=\"lazy\" decoding=\"async\" class=\"alignnone wp-image-113729 size-full\" src=\"https:\/\/www.aivp.org\/wp-content\/uploads\/2024\/01\/fr-Mayotte.png\" alt=\"\" width=\"300\" height=\"100\" srcset=\"https:\/\/www.aivp.org\/wp-content\/uploads\/2024\/01\/fr-Mayotte.png 300w, https:\/\/www.aivp.org\/wp-content\/uploads\/2024\/01\/fr-Mayotte-255x85.png 255w, https:\/\/www.aivp.org\/wp-content\/uploads\/2024\/01\/fr-Mayotte-171x57.png 171w\" sizes=\"auto, (max-width: 300px) 100vw, 300px\" \/><\/a> <a href=\"https:\/\/www.weezevent.com\/widget_billeterie.php?id_evenement=1416621&amp;widget_key=1961499a-26cb-403e-9e28-f2f4a66cdc27&amp;locale=es_ES&amp;color_primary=\" target=\"_blank\" rel=\"noopener\"><img loading=\"lazy\" decoding=\"async\" class=\"alignnone wp-image-113820 size-full\" src=\"https:\/\/www.aivp.org\/wp-content\/uploads\/2024\/01\/es-Nueva-Caledonia.png\" alt=\"\" width=\"300\" height=\"100\" srcset=\"https:\/\/www.aivp.org\/wp-content\/uploads\/2024\/01\/es-Nueva-Caledonia.png 300w, https:\/\/www.aivp.org\/wp-content\/uploads\/2024\/01\/es-Nueva-Caledonia-255x85.png 255w, https:\/\/www.aivp.org\/wp-content\/uploads\/2024\/01\/es-Nueva-Caledonia-171x57.png 171w\" sizes=\"auto, (max-width: 300px) 100vw, 300px\" \/><\/a><\/p>\n<p>&nbsp;<\/p>\n<\/div>\n\n\t\t\t<\/div>\n\n\t\t\t<div class=\"col-lg-4 my-lg-0 my-5\">\n\t\t\t\t\n\t\t\t\t\n\t\t\t\t\t<div class=\"anime-in-view\"><h2>European Union:<\/h2>\n<p><a href=\"https:\/\/www.aivp.org\/es\/inscripcion-taller-del-port-center-london-2026-ue\/\" target=\"_blank\" rel=\"noopener\"><img loading=\"lazy\" decoding=\"async\" class=\"alignnone wp-image-113781 size-full\" src=\"https:\/\/www.aivp.org\/wp-content\/uploads\/2024\/01\/es-En-la-Union-Europea-.png\" alt=\"\" width=\"300\" height=\"100\" srcset=\"https:\/\/www.aivp.org\/wp-content\/uploads\/2024\/01\/es-En-la-Union-Europea-.png 300w, https:\/\/www.aivp.org\/wp-content\/uploads\/2024\/01\/es-En-la-Union-Europea--255x85.png 255w, https:\/\/www.aivp.org\/wp-content\/uploads\/2024\/01\/es-En-la-Union-Europea--171x57.png 171w\" sizes=\"auto, (max-width: 300px) 100vw, 300px\" \/><\/a><\/p>\n<p>&nbsp;<\/p>\n<p>&nbsp;<\/p>\n<\/div>\n\n\t\t\t<\/div>\n\n\t\t\t<div class=\"col-lg-4\">\n\t\t\t\t\n\t\t\t\t\n\t\t\t\t\t<div class=\"anime-in-view\"><h2>Outside the European Union:<\/h2>\n<p><a href=\"https:\/\/www.weezevent.com\/widget_billeterie.php?id_evenement=1416621&amp;widget_key=1961499a-26cb-403e-9e28-f2f4a66cdc27&amp;locale=es_ES&amp;color_primary=\" target=\"_blank\" rel=\"noopener\"><img loading=\"lazy\" decoding=\"async\" class=\"alignnone wp-image-113788 size-full\" src=\"https:\/\/www.aivp.org\/wp-content\/uploads\/2024\/01\/es-Fuera-de-la-Union-Europea-.png\" alt=\"\" width=\"300\" height=\"100\" srcset=\"https:\/\/www.aivp.org\/wp-content\/uploads\/2024\/01\/es-Fuera-de-la-Union-Europea-.png 300w, https:\/\/www.aivp.org\/wp-content\/uploads\/2024\/01\/es-Fuera-de-la-Union-Europea--255x85.png 255w, https:\/\/www.aivp.org\/wp-content\/uploads\/2024\/01\/es-Fuera-de-la-Union-Europea--171x57.png 171w\" sizes=\"auto, (max-width: 300px) 100vw, 300px\" \/><\/a><\/p>\n<p>&nbsp;<\/p>\n<p>&nbsp;<\/p>\n<\/div>\n\n\t\t\t<\/div>\n\n\t\t<\/div>\n\n\t\t<div class=\"waves position-absolute d-none d-xl-block\" id=\"wave_1\" >\n    <svg xmlns=\"http:\/\/www.w3.org\/2000\/svg\" width=\"83.591\" height=\"8\" viewBox=\"0 0 83.591 8\"><g transform=\"translate(-0.001 -123.628)\"><path class=\"wave\" style=\"stroke:none;\" d=\"M355.4,126.737a12.46,12.46,0,0,1,2.682,1.837c1.744,1.431,3.72,3.054,7.539,3.054s5.8-1.622,7.539-3.054c1.632-1.34,3.042-2.5,5.985-2.5a1.224,1.224,0,0,0,0-2.449c-3.819,0-5.8,1.622-7.539,3.054-1.632,1.34-3.042,2.5-5.985,2.5s-4.353-1.157-5.985-2.5a14.548,14.548,0,0,0-3.213-2.17,1.225,1.225,0,0,0-1.023,2.225Z\" transform=\"translate(-296.78)\"\/><path class=\"wave\" style=\"stroke:none;\" d=\"M1.225,126.078c2.942,0,4.352,1.157,5.985,2.5,1.743,1.431,3.719,3.053,7.539,3.053s5.8-1.622,7.539-3.053c1.632-1.34,3.042-2.5,5.985-2.5s4.352,1.157,5.985,2.5c1.743,1.431,3.719,3.053,7.539,3.053s5.8-1.622,7.539-3.053c1.583-1.3,2.95-2.422,5.7-2.494a1.224,1.224,0,0,0-.064-2.448,10.748,10.748,0,0,0-7.195,3.049c-1.632,1.34-3.042,2.5-5.985,2.5s-4.352-1.157-5.985-2.5c-1.743-1.431-3.719-3.054-7.538-3.054s-5.8,1.622-7.539,3.054c-1.632,1.34-3.042,2.5-5.985,2.5s-4.352-1.157-5.985-2.5c-1.743-1.431-3.719-3.054-7.539-3.054a1.224,1.224,0,0,0,0,2.449Z\" transform=\"translate(0 -0.001)\"\/><\/g><\/svg><\/div>\n<div class=\"waves position-absolute d-none d-xl-block\" id=\"wave_2\" >\n    <svg xmlns=\"http:\/\/www.w3.org\/2000\/svg\" width=\"83.591\" height=\"8\" viewBox=\"0 0 83.591 8\"><path class=\"wave\" style=\"stroke:none;\" d=\"M379.658,126.737a12.46,12.46,0,0,0-2.682,1.837c-1.744,1.431-3.72,3.053-7.539,3.053s-5.8-1.622-7.539-3.053c-1.632-1.34-3.042-2.5-5.985-2.5a1.224,1.224,0,0,1,0-2.449c3.819,0,5.8,1.622,7.539,3.053,1.633,1.34,3.042,2.5,5.985,2.5s4.353-1.157,5.985-2.5a14.548,14.548,0,0,1,3.213-2.17,1.225,1.225,0,0,1,1.023,2.225Z\" transform=\"translate(-354.688 -123.628)\"\/><path class=\"wave\" style=\"stroke:none;\" d=\"M55.007,126.078c-2.942,0-4.352,1.157-5.985,2.5-1.743,1.431-3.719,3.053-7.539,3.053s-5.8-1.622-7.539-3.053c-1.632-1.34-3.042-2.5-5.985-2.5s-4.352,1.157-5.985,2.5c-1.743,1.431-3.719,3.053-7.539,3.053s-5.8-1.622-7.539-3.053c-1.583-1.3-2.95-2.422-5.7-2.494a1.224,1.224,0,0,1,.064-2.448,10.748,10.748,0,0,1,7.195,3.049c1.632,1.34,3.042,2.5,5.985,2.5s4.352-1.157,5.985-2.5c1.743-1.431,3.719-3.053,7.539-3.053s5.8,1.622,7.539,3.053c1.632,1.34,3.042,2.5,5.985,2.5s4.352-1.157,5.985-2.5c1.743-1.431,3.719-3.053,7.539-3.053a1.224,1.224,0,0,1,0,2.449Z\" transform=\"translate(27.36 -123.629)\"\/><\/svg><\/div>\n\t<\/div>\n\n<\/div>\n\n<div class=\"block block-texte py-5  bg-white\" id=\"block_8978f853dd15af2d158d8468ae213de7\">\n\n\t<div class=\"container\">\n\n\t\t<div class=\"row\">\n\n\t\t\t<div class=\"col-12 anime-in-view\">\n\t\t\t\t\n\t\t\t\t<p>Las cancelaciones deben enviarse a la AIVP por correo electr\u00f3nico a aivp@aivp.org o por correo postal.<br \/>\n\u2022 Cancelaciones recibidas antes del 20 de enero de 2026: se reembolsar\u00e1n las cuotas de inscripci\u00f3n.<br \/>\n\u2022 Cancelaciones recibidas despu\u00e9s del 20 de enero de 2026, o en caso de no asistencia al evento: no se realizar\u00e1 ning\u00fan reembolso.<\/p>\n\n\t\t\t<\/div>\n\t\t\t\n\t\t<\/div>\n\n\t<\/div>\n\n<\/div>","protected":false},"excerpt":{"rendered":"","protected":false},"author":119,"featured_media":0,"parent":0,"menu_order":0,"comment_status":"closed","ping_status":"closed","template":"","meta":{"_acf_changed":false,"footnotes":""},"class_list":["post-146669","page","type-page","status-publish","hentry"],"acf":[],"yoast_head":"<!-- This site is optimized with the Yoast SEO plugin v26.8 - https:\/\/yoast.com\/product\/yoast-seo-wordpress\/ -->\n<title>Inscripci\u00f3n \u2013 Taller sobre ciudades portuarias fluviales \u2013 2026 \u2013 Londres - AIVP<\/title>\n<meta name=\"robots\" content=\"index, follow, max-snippet:-1, max-image-preview:large, max-video-preview:-1\" \/>\n<link rel=\"canonical\" href=\"https:\/\/www.aivp.org\/es\/inscripcion-taller-sobre-ciudades-portuarias-fluviales-2026-londres\/\" \/>\n<meta property=\"og:locale\" content=\"es_ES\" \/>\n<meta property=\"og:type\" content=\"article\" \/>\n<meta property=\"og:title\" content=\"Inscripci\u00f3n \u2013 Taller sobre ciudades portuarias fluviales \u2013 2026 \u2013 Londres - AIVP\" \/>\n<meta property=\"og:url\" content=\"https:\/\/www.aivp.org\/es\/inscripcion-taller-sobre-ciudades-portuarias-fluviales-2026-londres\/\" \/>\n<meta property=\"og:site_name\" content=\"AIVP\" \/>\n<meta property=\"article:modified_time\" content=\"2025-12-17T10:17:25+00:00\" \/>\n<meta name=\"twitter:card\" content=\"summary_large_image\" \/>\n<script type=\"application\/ld+json\" class=\"yoast-schema-graph\">{\"@context\":\"https:\/\/schema.org\",\"@graph\":[{\"@type\":\"WebPage\",\"@id\":\"https:\/\/www.aivp.org\/es\/inscripcion-taller-sobre-ciudades-portuarias-fluviales-2026-londres\/\",\"url\":\"https:\/\/www.aivp.org\/es\/inscripcion-taller-sobre-ciudades-portuarias-fluviales-2026-londres\/\",\"name\":\"Inscripci\u00f3n \u2013 Taller sobre ciudades portuarias fluviales \u2013 2026 \u2013 Londres - AIVP\",\"isPartOf\":{\"@id\":\"https:\/\/www.aivp.org\/es\/#website\"},\"datePublished\":\"2025-11-03T21:15:55+00:00\",\"dateModified\":\"2025-12-17T10:17:25+00:00\",\"breadcrumb\":{\"@id\":\"https:\/\/www.aivp.org\/es\/inscripcion-taller-sobre-ciudades-portuarias-fluviales-2026-londres\/#breadcrumb\"},\"inLanguage\":\"es\",\"potentialAction\":[{\"@type\":\"ReadAction\",\"target\":[\"https:\/\/www.aivp.org\/es\/inscripcion-taller-sobre-ciudades-portuarias-fluviales-2026-londres\/\"]}]},{\"@type\":\"BreadcrumbList\",\"@id\":\"https:\/\/www.aivp.org\/es\/inscripcion-taller-sobre-ciudades-portuarias-fluviales-2026-londres\/#breadcrumb\",\"itemListElement\":[{\"@type\":\"ListItem\",\"position\":1,\"name\":\"Home\",\"item\":\"https:\/\/www.aivp.org\/es\/\"},{\"@type\":\"ListItem\",\"position\":2,\"name\":\"Inscripci\u00f3n \u2013 Taller sobre ciudades portuarias fluviales \u2013 2026 \u2013 Londres\"}]},{\"@type\":\"WebSite\",\"@id\":\"https:\/\/www.aivp.org\/es\/#website\",\"url\":\"https:\/\/www.aivp.org\/es\/\",\"name\":\"AIVP\",\"description\":\"Inspiring people of port cities\",\"publisher\":{\"@id\":\"https:\/\/www.aivp.org\/es\/#organization\"},\"potentialAction\":[{\"@type\":\"SearchAction\",\"target\":{\"@type\":\"EntryPoint\",\"urlTemplate\":\"https:\/\/www.aivp.org\/es\/?s={search_term_string}\"},\"query-input\":{\"@type\":\"PropertyValueSpecification\",\"valueRequired\":true,\"valueName\":\"search_term_string\"}}],\"inLanguage\":\"es\"},{\"@type\":\"Organization\",\"@id\":\"https:\/\/www.aivp.org\/es\/#organization\",\"name\":\"AIVP\",\"url\":\"https:\/\/www.aivp.org\/es\/\",\"logo\":{\"@type\":\"ImageObject\",\"inLanguage\":\"es\",\"@id\":\"https:\/\/www.aivp.org\/es\/#\/schema\/logo\/image\/\",\"url\":\"https:\/\/www.aivp.org\/wp-content\/uploads\/2020\/07\/cropped-favicon.png\",\"contentUrl\":\"https:\/\/www.aivp.org\/wp-content\/uploads\/2020\/07\/cropped-favicon.png\",\"width\":512,\"height\":512,\"caption\":\"AIVP\"},\"image\":{\"@id\":\"https:\/\/www.aivp.org\/es\/#\/schema\/logo\/image\/\"}}]}<\/script>\n<!-- \/ Yoast SEO plugin. -->","yoast_head_json":{"title":"Inscripci\u00f3n \u2013 Taller sobre ciudades portuarias fluviales \u2013 2026 \u2013 Londres - AIVP","robots":{"index":"index","follow":"follow","max-snippet":"max-snippet:-1","max-image-preview":"max-image-preview:large","max-video-preview":"max-video-preview:-1"},"canonical":"https:\/\/www.aivp.org\/es\/inscripcion-taller-sobre-ciudades-portuarias-fluviales-2026-londres\/","og_locale":"es_ES","og_type":"article","og_title":"Inscripci\u00f3n \u2013 Taller sobre ciudades portuarias fluviales \u2013 2026 \u2013 Londres - AIVP","og_url":"https:\/\/www.aivp.org\/es\/inscripcion-taller-sobre-ciudades-portuarias-fluviales-2026-londres\/","og_site_name":"AIVP","article_modified_time":"2025-12-17T10:17:25+00:00","twitter_card":"summary_large_image","schema":{"@context":"https:\/\/schema.org","@graph":[{"@type":"WebPage","@id":"https:\/\/www.aivp.org\/es\/inscripcion-taller-sobre-ciudades-portuarias-fluviales-2026-londres\/","url":"https:\/\/www.aivp.org\/es\/inscripcion-taller-sobre-ciudades-portuarias-fluviales-2026-londres\/","name":"Inscripci\u00f3n \u2013 Taller sobre ciudades portuarias fluviales \u2013 2026 \u2013 Londres - AIVP","isPartOf":{"@id":"https:\/\/www.aivp.org\/es\/#website"},"datePublished":"2025-11-03T21:15:55+00:00","dateModified":"2025-12-17T10:17:25+00:00","breadcrumb":{"@id":"https:\/\/www.aivp.org\/es\/inscripcion-taller-sobre-ciudades-portuarias-fluviales-2026-londres\/#breadcrumb"},"inLanguage":"es","potentialAction":[{"@type":"ReadAction","target":["https:\/\/www.aivp.org\/es\/inscripcion-taller-sobre-ciudades-portuarias-fluviales-2026-londres\/"]}]},{"@type":"BreadcrumbList","@id":"https:\/\/www.aivp.org\/es\/inscripcion-taller-sobre-ciudades-portuarias-fluviales-2026-londres\/#breadcrumb","itemListElement":[{"@type":"ListItem","position":1,"name":"Home","item":"https:\/\/www.aivp.org\/es\/"},{"@type":"ListItem","position":2,"name":"Inscripci\u00f3n \u2013 Taller sobre ciudades portuarias fluviales \u2013 2026 \u2013 Londres"}]},{"@type":"WebSite","@id":"https:\/\/www.aivp.org\/es\/#website","url":"https:\/\/www.aivp.org\/es\/","name":"AIVP","description":"Inspiring people of port cities","publisher":{"@id":"https:\/\/www.aivp.org\/es\/#organization"},"potentialAction":[{"@type":"SearchAction","target":{"@type":"EntryPoint","urlTemplate":"https:\/\/www.aivp.org\/es\/?s={search_term_string}"},"query-input":{"@type":"PropertyValueSpecification","valueRequired":true,"valueName":"search_term_string"}}],"inLanguage":"es"},{"@type":"Organization","@id":"https:\/\/www.aivp.org\/es\/#organization","name":"AIVP","url":"https:\/\/www.aivp.org\/es\/","logo":{"@type":"ImageObject","inLanguage":"es","@id":"https:\/\/www.aivp.org\/es\/#\/schema\/logo\/image\/","url":"https:\/\/www.aivp.org\/wp-content\/uploads\/2020\/07\/cropped-favicon.png","contentUrl":"https:\/\/www.aivp.org\/wp-content\/uploads\/2020\/07\/cropped-favicon.png","width":512,"height":512,"caption":"AIVP"},"image":{"@id":"https:\/\/www.aivp.org\/es\/#\/schema\/logo\/image\/"}}]}},"_links":{"self":[{"href":"https:\/\/www.aivp.org\/es\/wp-json\/wp\/v2\/pages\/146669","targetHints":{"allow":["GET"]}}],"collection":[{"href":"https:\/\/www.aivp.org\/es\/wp-json\/wp\/v2\/pages"}],"about":[{"href":"https:\/\/www.aivp.org\/es\/wp-json\/wp\/v2\/types\/page"}],"author":[{"embeddable":true,"href":"https:\/\/www.aivp.org\/es\/wp-json\/wp\/v2\/users\/119"}],"replies":[{"embeddable":true,"href":"https:\/\/www.aivp.org\/es\/wp-json\/wp\/v2\/comments?post=146669"}],"version-history":[{"count":3,"href":"https:\/\/www.aivp.org\/es\/wp-json\/wp\/v2\/pages\/146669\/revisions"}],"predecessor-version":[{"id":148282,"href":"https:\/\/www.aivp.org\/es\/wp-json\/wp\/v2\/pages\/146669\/revisions\/148282"}],"wp:attachment":[{"href":"https:\/\/www.aivp.org\/es\/wp-json\/wp\/v2\/media?parent=146669"}],"curies":[{"name":"wp","href":"https:\/\/api.w.org\/{rel}","templated":true}]}}