{"id":3223,"date":"2021-01-14T12:56:42","date_gmt":"2021-01-14T11:56:42","guid":{"rendered":"https:\/\/www.aivp.org\/?page_id=3223"},"modified":"2026-02-18T14:32:40","modified_gmt":"2026-02-18T13:32:40","slug":"red-y-cifras-clave","status":"publish","type":"page","link":"https:\/\/www.aivp.org\/es\/descubrirnos\/sobre-nosotros\/red-y-cifras-clave\/","title":{"rendered":"Red y cifras clave"},"content":{"rendered":"<div class=\"block texte-citation py-5 \" id=\"block_43fcc4ef052463f7eee2a62c1e2402b9\">\n\n\t<div class=\"container\">\n\n\t\t<div class=\"row\">\n\t\t\t\n\t\t\t<div class=\"col-lg-6\">\n\n                <div class=\"mr-lg-2 anime-in-view\">\n                    \n                    <h3>La red AIVP<\/h3>\n<p>La AIVP es la \u00fanica red mundial que, desde hace m\u00e1s de 30 a\u00f1os brinda un punto de encuentro para todos los actores urbanos y portuarios. La AIVP es un testigo privilegiado de los cambios evolutivos que est\u00e1n teniendo las distintas ciudades y puertos del mundo entero.<\/p>\n\n                    \n                <\/div>\n            <\/div>\n\n            <div class=\"col-lg-6 order-last\">\n            \n                <div class=\"ml-lg-2\">\n\n                    <div class=\"quote-secondary anime-in-view\"> &quot; <\/div>\n\n                    <blockquote class=\"blockquote anime-in-view\">\n                        <p>Con la AIVP, las ciudades portuarias imaginan juntas un desarrollo urbano, portuario y econ\u00f3mico m\u00e1s sostenible, responsable e innovador.<\/p>\n                    <\/blockquote>\n                    \n                <\/div>\n\n\t\t\t<\/div>\n\n\t\t<\/div>\n\n\t<\/div>\n\n<\/div>\n\n<div class=\"block image py-5 \" id=\"block_cdf909e22bf4ab707ea7f264432eef6d\" >\n\n    <div class=\"container \">\n\n        \n        <img loading=\"lazy\" decoding=\"async\" width=\"1140\" height=\"806\" src=\"https:\/\/www.aivp.org\/wp-content\/uploads\/2026\/02\/cartos-map-es-1140x806.png\" class=\"img-fluid d-block mx-auto\" alt=\"\" srcset=\"https:\/\/www.aivp.org\/wp-content\/uploads\/2026\/02\/cartos-map-es-1140x806.png 1140w, https:\/\/www.aivp.org\/wp-content\/uploads\/2026\/02\/cartos-map-es-690x488.png 690w, https:\/\/www.aivp.org\/wp-content\/uploads\/2026\/02\/cartos-map-es-768x543.png 768w, https:\/\/www.aivp.org\/wp-content\/uploads\/2026\/02\/cartos-map-es-1536x1086.png 1536w, https:\/\/www.aivp.org\/wp-content\/uploads\/2026\/02\/cartos-map-es-2048x1448.png 2048w, https:\/\/www.aivp.org\/wp-content\/uploads\/2026\/02\/cartos-map-es-255x180.png 255w, https:\/\/www.aivp.org\/wp-content\/uploads\/2026\/02\/cartos-map-es-360x255.png 360w, https:\/\/www.aivp.org\/wp-content\/uploads\/2026\/02\/cartos-map-es-171x121.png 171w, https:\/\/www.aivp.org\/wp-content\/uploads\/2026\/02\/cartos-map-es-548x388.png 548w\" sizes=\"auto, (max-width: 1140px) 100vw, 1140px\" \/>\n    <\/div>\n\n<\/div>\n\n<div class=\"block block-chiffres-cles py-5 bg-primary \" id=\"block_dbf5421d7390b6b30b2dc2307ebd2e86\">\n\t<div class=\"container\">\n\n\t\t<div class=\"row justify-content-center\">\n\n\t\t\t\n\t\t\t    \t<div class=\"col-lg-4 col-6 anime-in-view\">\n\n\t\t\t\t\t\t<p class=\"chiffre with-ovale\" data-value=\"50\">\n\t\t\t\t\t\t\t0\n\t\t\t\t\t\t\t<div class=\"ovale position-absolute\">\n    <svg xmlns=\"http:\/\/www.w3.org\/2000\/svg\" preserveAspectRatio=\"none\" width=\"89.138\" height=\"92.833\" viewBox=\"0 0 89.138 92.833\"><path class=\"a\" style=\"stroke:none;\" d=\"M24.748,71.517h0m0,2.838a16.97,16.97,0,0,0,10.784-3.973c12.487-9.649,18.163-22.7,19.866-38.6C57.1,11.92,46.884,0,29.856,0h-2.27A26.494,26.494,0,0,0,1.476,21C-1.929,37.461.341,53.354,10.558,66.977c3.973,4.541,9.082,7.379,14.19,7.379Z\" transform=\"matrix(-0.799, 0.602, -0.602, -0.799, 89.138, 59.383)\"\/><\/svg><\/div>\n\t\t\t\t\t\t<\/p>\n\t\t\t\t\t\t<p>pa\u00edses representados<\/p>\n\n\t\t\t    \t<\/div>\n\n\t\t\t    \t\n\t\t\t    \t<div class=\"col-lg-4 col-6 anime-in-view\">\n\n\t\t\t\t\t\t<p class=\"chiffre with-ovale\" data-value=\"190\">\n\t\t\t\t\t\t\t0\n\t\t\t\t\t\t\t<div class=\"ovale position-absolute\">\n    <svg xmlns=\"http:\/\/www.w3.org\/2000\/svg\" preserveAspectRatio=\"none\" width=\"89.138\" height=\"92.833\" viewBox=\"0 0 89.138 92.833\"><path class=\"a\" style=\"stroke:none;\" d=\"M24.748,71.517h0m0,2.838a16.97,16.97,0,0,0,10.784-3.973c12.487-9.649,18.163-22.7,19.866-38.6C57.1,11.92,46.884,0,29.856,0h-2.27A26.494,26.494,0,0,0,1.476,21C-1.929,37.461.341,53.354,10.558,66.977c3.973,4.541,9.082,7.379,14.19,7.379Z\" transform=\"matrix(-0.799, 0.602, -0.602, -0.799, 89.138, 59.383)\"\/><\/svg><\/div>\n\t\t\t\t\t\t<\/p>\n\t\t\t\t\t\t<p>miembros<\/p>\n\n\t\t\t    \t<\/div>\n\n\t\t\t    \t\n\t\t\t    \t<div class=\"col-lg-4 col-6 anime-in-view\">\n\n\t\t\t\t\t\t<p class=\"chiffre with-ovale\" data-value=\"100\">\n\t\t\t\t\t\t\t0\n\t\t\t\t\t\t\t<div class=\"ovale position-absolute\">\n    <svg xmlns=\"http:\/\/www.w3.org\/2000\/svg\" preserveAspectRatio=\"none\" width=\"89.138\" height=\"92.833\" viewBox=\"0 0 89.138 92.833\"><path class=\"a\" style=\"stroke:none;\" d=\"M24.748,71.517h0m0,2.838a16.97,16.97,0,0,0,10.784-3.973c12.487-9.649,18.163-22.7,19.866-38.6C57.1,11.92,46.884,0,29.856,0h-2.27A26.494,26.494,0,0,0,1.476,21C-1.929,37.461.341,53.354,10.558,66.977c3.973,4.541,9.082,7.379,14.19,7.379Z\" transform=\"matrix(-0.799, 0.602, -0.602, -0.799, 89.138, 59.383)\"\/><\/svg><\/div>\n\t\t\t\t\t\t<\/p>\n\t\t\t\t\t\t<p>Ciudades portuarias internacionales signatarias de la Agenda<\/p>\n\n\t\t\t    \t<\/div>\n\n\t\t\t    \t\n\t\t\t    \t<div class=\"col-lg-4 col-6 anime-in-view\">\n\n\t\t\t\t\t\t<p class=\"chiffre with-ovale\" data-value=\"3\">\n\t\t\t\t\t\t\t0\n\t\t\t\t\t\t\t<div class=\"ovale position-absolute\">\n    <svg xmlns=\"http:\/\/www.w3.org\/2000\/svg\" preserveAspectRatio=\"none\" width=\"89.138\" height=\"92.833\" viewBox=\"0 0 89.138 92.833\"><path class=\"a\" style=\"stroke:none;\" d=\"M24.748,71.517h0m0,2.838a16.97,16.97,0,0,0,10.784-3.973c12.487-9.649,18.163-22.7,19.866-38.6C57.1,11.92,46.884,0,29.856,0h-2.27A26.494,26.494,0,0,0,1.476,21C-1.929,37.461.341,53.354,10.558,66.977c3.973,4.541,9.082,7.379,14.19,7.379Z\" transform=\"matrix(-0.799, 0.602, -0.602, -0.799, 89.138, 59.383)\"\/><\/svg><\/div>\n\t\t\t\t\t\t<\/p>\n\t\t\t\t\t\t<p>idiomas oficiales: ingl\u00e9s, franc\u00e9s y espa\u00f1ol <\/p>\n\n\t\t\t    \t<\/div>\n\n\t\t\t    \t\n\t\t\t    \t<div class=\"col-lg-4 col-6 anime-in-view\">\n\n\t\t\t\t\t\t<p class=\"chiffre with-ovale\" data-value=\"17\">\n\t\t\t\t\t\t\t0\n\t\t\t\t\t\t\t<div class=\"ovale position-absolute\">\n    <svg xmlns=\"http:\/\/www.w3.org\/2000\/svg\" preserveAspectRatio=\"none\" width=\"89.138\" height=\"92.833\" viewBox=\"0 0 89.138 92.833\"><path class=\"a\" style=\"stroke:none;\" d=\"M24.748,71.517h0m0,2.838a16.97,16.97,0,0,0,10.784-3.973c12.487-9.649,18.163-22.7,19.866-38.6C57.1,11.92,46.884,0,29.856,0h-2.27A26.494,26.494,0,0,0,1.476,21C-1.929,37.461.341,53.354,10.558,66.977c3.973,4.541,9.082,7.379,14.19,7.379Z\" transform=\"matrix(-0.799, 0.602, -0.602, -0.799, 89.138, 59.383)\"\/><\/svg><\/div>\n\t\t\t\t\t\t<\/p>\n\t\t\t\t\t\t<p>conferencias mundiales organizadas desde 1988 <\/p>\n\n\t\t\t    \t<\/div>\n\n\t\t\t    \t\n\t\t\t    \t<div class=\"col-lg-4 col-6 anime-in-view\">\n\n\t\t\t\t\t\t<p class=\"chiffre with-ovale\" data-value=\"300\">\n\t\t\t\t\t\t\t0\n\t\t\t\t\t\t\t<div class=\"ovale position-absolute\">\n    <svg xmlns=\"http:\/\/www.w3.org\/2000\/svg\" preserveAspectRatio=\"none\" width=\"89.138\" height=\"92.833\" viewBox=\"0 0 89.138 92.833\"><path class=\"a\" style=\"stroke:none;\" d=\"M24.748,71.517h0m0,2.838a16.97,16.97,0,0,0,10.784-3.973c12.487-9.649,18.163-22.7,19.866-38.6C57.1,11.92,46.884,0,29.856,0h-2.27A26.494,26.494,0,0,0,1.476,21C-1.929,37.461.341,53.354,10.558,66.977c3.973,4.541,9.082,7.379,14.19,7.379Z\" transform=\"matrix(-0.799, 0.602, -0.602, -0.799, 89.138, 59.383)\"\/><\/svg><\/div>\n\t\t\t\t\t\t<\/p>\n\t\t\t\t\t\t<p>art\u00edculos de prensa referidos en 2020 en el contexto de su vigilancia estrat\u00e9gica sobre los proyectos de ciudad-puerto<\/p>\n\n\t\t\t    \t<\/div>\n\n\t\t\t    \t\n\t\t\t    \t<div class=\"col-lg-4 col-6 anime-in-view\">\n\n\t\t\t\t\t\t<p class=\"chiffre with-ovale\" data-value=\"1\">\n\t\t\t\t\t\t\t0\n\t\t\t\t\t\t\t<div class=\"ovale position-absolute\">\n    <svg xmlns=\"http:\/\/www.w3.org\/2000\/svg\" preserveAspectRatio=\"none\" width=\"89.138\" height=\"92.833\" viewBox=\"0 0 89.138 92.833\"><path class=\"a\" style=\"stroke:none;\" d=\"M24.748,71.517h0m0,2.838a16.97,16.97,0,0,0,10.784-3.973c12.487-9.649,18.163-22.7,19.866-38.6C57.1,11.92,46.884,0,29.856,0h-2.27A26.494,26.494,0,0,0,1.476,21C-1.929,37.461.341,53.354,10.558,66.977c3.973,4.541,9.082,7.379,14.19,7.379Z\" transform=\"matrix(-0.799, 0.602, -0.602, -0.799, 89.138, 59.383)\"\/><\/svg><\/div>\n\t\t\t\t\t\t<\/p>\n\t\t\t\t\t\t<p>gu\u00eda actualizada anualmente de buenas pr\u00e1cticas para hacer la ciudad con el puerto  <\/p>\n\n\t\t\t    \t<\/div>\n\n\t\t\t    \t\n\t\t\t    \t<div class=\"col-lg-4 col-6 anime-in-view\">\n\n\t\t\t\t\t\t<p class=\"chiffre with-ovale\" data-value=\"30\">\n\t\t\t\t\t\t\t0\n\t\t\t\t\t\t\t<div class=\"ovale position-absolute\">\n    <svg xmlns=\"http:\/\/www.w3.org\/2000\/svg\" preserveAspectRatio=\"none\" width=\"89.138\" height=\"92.833\" viewBox=\"0 0 89.138 92.833\"><path class=\"a\" style=\"stroke:none;\" d=\"M24.748,71.517h0m0,2.838a16.97,16.97,0,0,0,10.784-3.973c12.487-9.649,18.163-22.7,19.866-38.6C57.1,11.92,46.884,0,29.856,0h-2.27A26.494,26.494,0,0,0,1.476,21C-1.929,37.461.341,53.354,10.558,66.977c3.973,4.541,9.082,7.379,14.19,7.379Z\" transform=\"matrix(-0.799, 0.602, -0.602, -0.799, 89.138, 59.383)\"\/><\/svg><\/div>\n\t\t\t\t\t\t<\/p>\n\t\t\t\t\t\t<p>a\u00f1os de di\u00e1logo entre ciudades y puertos<\/p>\n\n\t\t\t    \t<\/div>\n\n\t\t\t    \t\n\t\t\t    \t<div class=\"col-lg-4 col-6 anime-in-view\">\n\n\t\t\t\t\t\t<p class=\"chiffre with-ovale\" data-value=\"2000\">\n\t\t\t\t\t\t\t0\n\t\t\t\t\t\t\t<div class=\"ovale position-absolute\">\n    <svg xmlns=\"http:\/\/www.w3.org\/2000\/svg\" preserveAspectRatio=\"none\" width=\"89.138\" height=\"92.833\" viewBox=\"0 0 89.138 92.833\"><path class=\"a\" style=\"stroke:none;\" d=\"M24.748,71.517h0m0,2.838a16.97,16.97,0,0,0,10.784-3.973c12.487-9.649,18.163-22.7,19.866-38.6C57.1,11.92,46.884,0,29.856,0h-2.27A26.494,26.494,0,0,0,1.476,21C-1.929,37.461.341,53.354,10.558,66.977c3.973,4.541,9.082,7.379,14.19,7.379Z\" transform=\"matrix(-0.799, 0.602, -0.602, -0.799, 89.138, 59.383)\"\/><\/svg><\/div>\n\t\t\t\t\t\t<\/p>\n\t\t\t\t\t\t<p>contactos de la red<\/p>\n\n\t\t\t    \t<\/div>\n\n\t\t\t    \t\n\t\t\t\n\t\t<\/div>\n\n\t<\/div>\n\n<\/div>\n\n<div class=\"block cta-contact py-5 \" id=\"block_2f936789eefa530cc09818b3076ca7b9\">\n\n\t<div class=\"container p-4 bg-secondary\">\n\n\t\t<div class=\"row\">\n\n\t\t\t<div class=\"col-12 d-flex flex-lg-row flex-column justify-content-between align-items-center\">\n\n\t\t\t\t<div class=\"w-100 anime-in-view\">\n\t\t\t\t\t<svg xmlns=\"http:\/\/www.w3.org\/2000\/svg\" width=\"25.683\" height=\"8\" viewBox=\"0 0 25.683 8\"><path class=\"a\" style=\"stroke:none;\" d=\"M379.658,126.737a12.46,12.46,0,0,0-2.682,1.837c-1.744,1.431-3.72,3.053-7.539,3.053s-5.8-1.622-7.539-3.053c-1.632-1.34-3.042-2.5-5.985-2.5a1.224,1.224,0,0,1,0-2.449c3.819,0,5.8,1.622,7.539,3.053,1.633,1.34,3.042,2.5,5.985,2.5s4.353-1.157,5.985-2.5a14.548,14.548,0,0,1,3.213-2.17,1.225,1.225,0,0,1,1.023,2.225Z\" transform=\"translate(-354.688 -123.628)\"\/><\/svg>\t\t\t\t\t<h3 class=\"title my-4\">\u00bfQuiere dar forma a la <u>ciudad portuaria<\/u> del ma\u00f1ana?<\/h3>\n\t\t\t\t\t<p>\u00bfA qu\u00e9 espera para solicitar el apoyo de la AIVP?<\/p>\n\t\t\t\t<\/div>\n\n\t\t\t\t\n\t<a href=\"https:\/\/www.aivp.org\/es\/contacto\/\" target=\"_self\"  class=\"btn icons-animation cercles cercles-white mt-4 mt-lg-0 anime-in-view\">\u00a1Cont\u00e1ctanos!<\/a>\n\t\t\t\t\t\n\n\t\t\t<\/div>\n\t\t\t\n\t\t<\/div>\n\n\t<\/div>\n\n<\/div>","protected":false},"excerpt":{"rendered":"","protected":false},"author":13,"featured_media":0,"parent":3427,"menu_order":20,"comment_status":"closed","ping_status":"closed","template":"","meta":{"_acf_changed":false,"footnotes":""},"class_list":["post-3223","page","type-page","status-publish","hentry"],"acf":[],"yoast_head":"<!-- This site is optimized with the Yoast SEO plugin v26.8 - https:\/\/yoast.com\/product\/yoast-seo-wordpress\/ -->\n<title>Red y cifras clave - AIVP<\/title>\n<meta name=\"robots\" content=\"index, follow, max-snippet:-1, max-image-preview:large, max-video-preview:-1\" \/>\n<link rel=\"canonical\" href=\"https:\/\/www.aivp.org\/es\/descubrirnos\/sobre-nosotros\/red-y-cifras-clave\/\" \/>\n<meta property=\"og:locale\" content=\"es_ES\" \/>\n<meta property=\"og:type\" content=\"article\" \/>\n<meta property=\"og:title\" content=\"Red y cifras clave - AIVP\" \/>\n<meta property=\"og:url\" content=\"https:\/\/www.aivp.org\/es\/descubrirnos\/sobre-nosotros\/red-y-cifras-clave\/\" \/>\n<meta property=\"og:site_name\" content=\"AIVP\" \/>\n<meta property=\"article:modified_time\" content=\"2026-02-18T13:32:40+00:00\" \/>\n<meta name=\"twitter:card\" content=\"summary_large_image\" \/>\n<script type=\"application\/ld+json\" class=\"yoast-schema-graph\">{\"@context\":\"https:\/\/schema.org\",\"@graph\":[{\"@type\":\"WebPage\",\"@id\":\"https:\/\/www.aivp.org\/es\/descubrirnos\/sobre-nosotros\/red-y-cifras-clave\/\",\"url\":\"https:\/\/www.aivp.org\/es\/descubrirnos\/sobre-nosotros\/red-y-cifras-clave\/\",\"name\":\"Red y cifras clave - AIVP\",\"isPartOf\":{\"@id\":\"https:\/\/www.aivp.org\/es\/#website\"},\"datePublished\":\"2021-01-14T11:56:42+00:00\",\"dateModified\":\"2026-02-18T13:32:40+00:00\",\"breadcrumb\":{\"@id\":\"https:\/\/www.aivp.org\/es\/descubrirnos\/sobre-nosotros\/red-y-cifras-clave\/#breadcrumb\"},\"inLanguage\":\"es\",\"potentialAction\":[{\"@type\":\"ReadAction\",\"target\":[\"https:\/\/www.aivp.org\/es\/descubrirnos\/sobre-nosotros\/red-y-cifras-clave\/\"]}]},{\"@type\":\"BreadcrumbList\",\"@id\":\"https:\/\/www.aivp.org\/es\/descubrirnos\/sobre-nosotros\/red-y-cifras-clave\/#breadcrumb\",\"itemListElement\":[{\"@type\":\"ListItem\",\"position\":1,\"name\":\"Home\",\"item\":\"https:\/\/www.aivp.org\/es\/\"},{\"@type\":\"ListItem\",\"position\":2,\"name\":\"Descubrirnos\",\"item\":\"https:\/\/www.aivp.org\/es\/descubrirnos\/\"},{\"@type\":\"ListItem\",\"position\":3,\"name\":\"Sobre nosotros\",\"item\":\"https:\/\/www.aivp.org\/es\/descubrirnos\/sobre-nosotros\/\"},{\"@type\":\"ListItem\",\"position\":4,\"name\":\"Red y cifras clave\"}]},{\"@type\":\"WebSite\",\"@id\":\"https:\/\/www.aivp.org\/es\/#website\",\"url\":\"https:\/\/www.aivp.org\/es\/\",\"name\":\"AIVP\",\"description\":\"Inspiring people of port cities\",\"publisher\":{\"@id\":\"https:\/\/www.aivp.org\/es\/#organization\"},\"potentialAction\":[{\"@type\":\"SearchAction\",\"target\":{\"@type\":\"EntryPoint\",\"urlTemplate\":\"https:\/\/www.aivp.org\/es\/?s={search_term_string}\"},\"query-input\":{\"@type\":\"PropertyValueSpecification\",\"valueRequired\":true,\"valueName\":\"search_term_string\"}}],\"inLanguage\":\"es\"},{\"@type\":\"Organization\",\"@id\":\"https:\/\/www.aivp.org\/es\/#organization\",\"name\":\"AIVP\",\"url\":\"https:\/\/www.aivp.org\/es\/\",\"logo\":{\"@type\":\"ImageObject\",\"inLanguage\":\"es\",\"@id\":\"https:\/\/www.aivp.org\/es\/#\/schema\/logo\/image\/\",\"url\":\"https:\/\/www.aivp.org\/wp-content\/uploads\/2020\/07\/cropped-favicon.png\",\"contentUrl\":\"https:\/\/www.aivp.org\/wp-content\/uploads\/2020\/07\/cropped-favicon.png\",\"width\":512,\"height\":512,\"caption\":\"AIVP\"},\"image\":{\"@id\":\"https:\/\/www.aivp.org\/es\/#\/schema\/logo\/image\/\"}}]}<\/script>\n<!-- \/ Yoast SEO plugin. -->","yoast_head_json":{"title":"Red y cifras clave - AIVP","robots":{"index":"index","follow":"follow","max-snippet":"max-snippet:-1","max-image-preview":"max-image-preview:large","max-video-preview":"max-video-preview:-1"},"canonical":"https:\/\/www.aivp.org\/es\/descubrirnos\/sobre-nosotros\/red-y-cifras-clave\/","og_locale":"es_ES","og_type":"article","og_title":"Red y cifras clave - AIVP","og_url":"https:\/\/www.aivp.org\/es\/descubrirnos\/sobre-nosotros\/red-y-cifras-clave\/","og_site_name":"AIVP","article_modified_time":"2026-02-18T13:32:40+00:00","twitter_card":"summary_large_image","schema":{"@context":"https:\/\/schema.org","@graph":[{"@type":"WebPage","@id":"https:\/\/www.aivp.org\/es\/descubrirnos\/sobre-nosotros\/red-y-cifras-clave\/","url":"https:\/\/www.aivp.org\/es\/descubrirnos\/sobre-nosotros\/red-y-cifras-clave\/","name":"Red y cifras clave - AIVP","isPartOf":{"@id":"https:\/\/www.aivp.org\/es\/#website"},"datePublished":"2021-01-14T11:56:42+00:00","dateModified":"2026-02-18T13:32:40+00:00","breadcrumb":{"@id":"https:\/\/www.aivp.org\/es\/descubrirnos\/sobre-nosotros\/red-y-cifras-clave\/#breadcrumb"},"inLanguage":"es","potentialAction":[{"@type":"ReadAction","target":["https:\/\/www.aivp.org\/es\/descubrirnos\/sobre-nosotros\/red-y-cifras-clave\/"]}]},{"@type":"BreadcrumbList","@id":"https:\/\/www.aivp.org\/es\/descubrirnos\/sobre-nosotros\/red-y-cifras-clave\/#breadcrumb","itemListElement":[{"@type":"ListItem","position":1,"name":"Home","item":"https:\/\/www.aivp.org\/es\/"},{"@type":"ListItem","position":2,"name":"Descubrirnos","item":"https:\/\/www.aivp.org\/es\/descubrirnos\/"},{"@type":"ListItem","position":3,"name":"Sobre nosotros","item":"https:\/\/www.aivp.org\/es\/descubrirnos\/sobre-nosotros\/"},{"@type":"ListItem","position":4,"name":"Red y cifras clave"}]},{"@type":"WebSite","@id":"https:\/\/www.aivp.org\/es\/#website","url":"https:\/\/www.aivp.org\/es\/","name":"AIVP","description":"Inspiring people of port cities","publisher":{"@id":"https:\/\/www.aivp.org\/es\/#organization"},"potentialAction":[{"@type":"SearchAction","target":{"@type":"EntryPoint","urlTemplate":"https:\/\/www.aivp.org\/es\/?s={search_term_string}"},"query-input":{"@type":"PropertyValueSpecification","valueRequired":true,"valueName":"search_term_string"}}],"inLanguage":"es"},{"@type":"Organization","@id":"https:\/\/www.aivp.org\/es\/#organization","name":"AIVP","url":"https:\/\/www.aivp.org\/es\/","logo":{"@type":"ImageObject","inLanguage":"es","@id":"https:\/\/www.aivp.org\/es\/#\/schema\/logo\/image\/","url":"https:\/\/www.aivp.org\/wp-content\/uploads\/2020\/07\/cropped-favicon.png","contentUrl":"https:\/\/www.aivp.org\/wp-content\/uploads\/2020\/07\/cropped-favicon.png","width":512,"height":512,"caption":"AIVP"},"image":{"@id":"https:\/\/www.aivp.org\/es\/#\/schema\/logo\/image\/"}}]}},"_links":{"self":[{"href":"https:\/\/www.aivp.org\/es\/wp-json\/wp\/v2\/pages\/3223","targetHints":{"allow":["GET"]}}],"collection":[{"href":"https:\/\/www.aivp.org\/es\/wp-json\/wp\/v2\/pages"}],"about":[{"href":"https:\/\/www.aivp.org\/es\/wp-json\/wp\/v2\/types\/page"}],"author":[{"embeddable":true,"href":"https:\/\/www.aivp.org\/es\/wp-json\/wp\/v2\/users\/13"}],"replies":[{"embeddable":true,"href":"https:\/\/www.aivp.org\/es\/wp-json\/wp\/v2\/comments?post=3223"}],"version-history":[{"count":2,"href":"https:\/\/www.aivp.org\/es\/wp-json\/wp\/v2\/pages\/3223\/revisions"}],"predecessor-version":[{"id":149852,"href":"https:\/\/www.aivp.org\/es\/wp-json\/wp\/v2\/pages\/3223\/revisions\/149852"}],"up":[{"embeddable":true,"href":"https:\/\/www.aivp.org\/es\/wp-json\/wp\/v2\/pages\/3427"}],"wp:attachment":[{"href":"https:\/\/www.aivp.org\/es\/wp-json\/wp\/v2\/media?parent=3223"}],"curies":[{"name":"wp","href":"https:\/\/api.w.org\/{rel}","templated":true}]}}