{"id":78428,"date":"2021-02-10T10:48:54","date_gmt":"2021-02-10T09:48:54","guid":{"rendered":"https:\/\/www.aivp.org\/evenements-passes\/"},"modified":"2021-02-10T10:48:54","modified_gmt":"2021-02-10T09:48:54","slug":"evenements-passes","status":"publish","type":"page","link":"https:\/\/www.aivp.org\/es\/evenements-passes\/","title":{"rendered":"\u00c9v\u00e9nements pass\u00e9s"},"content":{"rendered":"\n<div class=\"block block-prochains-evenements \" id=\"block_6023abf0fcdee\">\n\n\t<div class=\"container py-5\">\n\n\t\t<div class=\"row justify-content-center\">\n\n\t\t\t<div class=\"col-lg-12\">\n\n\t\t\t\t<h2 class=\"anime-in-view\"><\/h2>\n\t\t\t\t<div class=\"anime-in-view\"><\/div>\n\n\t\t\t<\/div>\n\n\t\t<\/div>\n\n\t\t<div class=\"row py-4 mb-5\"><div class=\"col-12 mb-4 anime-in-view\"><div class=\"composant-event\">\n\n    <div class=\"row pt-4 pb-3 events-preview\">\n\n        <div class=\"col-3 col-md-3 \">\n            <div class=\"dates\">\n                \t<div class=\"dates-start dual-dates\">\n\t\t<span> <p class=\"text-primary\">de <\/p><p class=\"text-tertiary\">Mar<\/p><\/span><span><p class=\"text-secondary\">10<\/p><p class=\"text-secondary\">Mar<\/p><p class=\"text-quaternary\">2026<\/p> <\/span>\t<\/div>\n\t<div class=\"dates-end dual-dates\">\n\t\t<span><p class=\"text-primary\">a <\/p><p class=\"text-tertiary\">Jue<\/p><\/span><span><p class=\"text-secondary\">12<\/p><p class=\"text-secondary\">Mar<\/p><p class=\"text-quaternary\">2026<\/p> <\/span>\t<\/div>\n            <\/div>\n        <\/div>\n\n        <div class=\"col-9 col-md-7\">\n\n            <h3 class=\"entry-title\"><a href=\"https:\/\/www.aivp.org\/es\/eventos\/taller-port-center-le-havre-francia\/\">Taller Port Center | Le Havre, Francia<\/a><\/h3>\n\n            <p class=\"location\">Le Havre, France<\/p>\n            <p><p>Introducci\u00f3n El grupo de trabajo Port Center Network se reunir\u00e1 en Le Havre (Francia) los [&hellip;]<\/p>\n<\/p>\n\n        <\/div>\n\n        <div class=\"col-9 offset-3 offset-md-0 col-md-3 text-md-right\">\n\n            <a href=\"https:\/\/www.aivp.org\/es\/eventos\/taller-port-center-le-havre-francia\/\" class=\"btn btn-info mb-3\">Saber m\u00e1s<\/a>\n\n            \n        <\/div>\n\n    <\/div>\n\n<\/div><\/div><div class=\"col-12 mb-4 anime-in-view\"><div class=\"composant-event\">\n\n    <div class=\"row pt-4 pb-3 events-preview\">\n\n        <div class=\"col-3 col-md-3 \">\n            <div class=\"dates\">\n                \t<div class=\"dates-start dual-dates\">\n\t\t<span> <p class=\"text-primary\">de <\/p><p class=\"text-tertiary\">Mi\u00e9<\/p><\/span><span><p class=\"text-secondary\">04<\/p><p class=\"text-secondary\">Mar<\/p><p class=\"text-quaternary\">2026<\/p> <\/span>\t<\/div>\n\t<div class=\"dates-end dual-dates\">\n\t\t<span><p class=\"text-primary\">a <\/p><p class=\"text-tertiary\">Jue<\/p><\/span><span><p class=\"text-secondary\">05<\/p><p class=\"text-secondary\">Mar<\/p><p class=\"text-quaternary\">2026<\/p> <\/span>\t<\/div>\n            <\/div>\n        <\/div>\n\n        <div class=\"col-9 col-md-7\">\n\n            <h3 class=\"entry-title\"><a href=\"https:\/\/www.aivp.org\/es\/eventos\/taller-ciudades-portuarias-fluviales-londres\/\">Taller Ciudades Portuarias Fluviales | Londres<\/a><\/h3>\n\n            <p class=\"location\">Londres (Royaume-Uni)<\/p>\n            <p><p>Para la edici\u00f3n de 2026, el grupo de trabajo AIVP Ciudades Portuarias Fluviales se reunir\u00e1 en Londres (Reino Unido) con el fin de descubrir los numerosos proyectos en curso en la capital inglesa, los d\u00edas 4 y 5 de marzo de 2026.<\/p>\n<\/p>\n\n        <\/div>\n\n        <div class=\"col-9 offset-3 offset-md-0 col-md-3 text-md-right\">\n\n            <a href=\"https:\/\/www.aivp.org\/es\/eventos\/taller-ciudades-portuarias-fluviales-londres\/\" class=\"btn btn-info mb-3\">Saber m\u00e1s<\/a>\n\n            \n        <\/div>\n\n    <\/div>\n\n<\/div><\/div><div class=\"col-12 mb-4 anime-in-view\"><div class=\"composant-event\">\n\n    <div class=\"row pt-4 pb-3 events-preview\">\n\n        <div class=\"col-3 col-md-3 \">\n            <div class=\"dates\">\n                \t<div class=\"dates-start dual-dates\">\n\t\t<span> <p class=\"text-primary\">de <\/p><p class=\"text-tertiary\">Jue<\/p><\/span><span><p class=\"text-secondary\">19<\/p><p class=\"text-secondary\">Feb<\/p><p class=\"text-quaternary\">2026<\/p> <\/span>\t<\/div>\n\t<div class=\"dates-end dual-dates\">\n\t\t<span><p class=\"text-primary\">a <\/p><p class=\"text-tertiary\">Vie<\/p><\/span><span><p class=\"text-secondary\">20<\/p><p class=\"text-secondary\">Feb<\/p><p class=\"text-quaternary\">2026<\/p> <\/span>\t<\/div>\n            <\/div>\n        <\/div>\n\n        <div class=\"col-9 col-md-7\">\n\n            <h3 class=\"entry-title\"><a href=\"https:\/\/www.aivp.org\/es\/eventos\/grupo-de-trabajo-cruceros-ciudades-portuarias-reunion-presencial\/\">Grupo de Trabajo Cruceros &amp; Ciudades Portuarias | Reuni\u00f3n presencial<\/a><\/h3>\n\n            <p class=\"location\">Tarento, Italia<\/p>\n            <p><p>El Grupo de Trabajo Cruceros &#038; Ciudades Portuarias (AIVP\u2013MedCruise) celebrar\u00e1 su pr\u00f3xima reuni\u00f3n presencial en Tarento, Italia, los d\u00edas 19 y 20 de febrero de 2026.<br \/>\nOrganizado por el Puerto de Tarento, este encuentro reunir\u00e1 a representantes de ambas asociaciones para avanzar en el trabajo colaborativo sobre gobernanza, participaci\u00f3n ciudadana, movilidad y relaciones puerto\u2013ciudad sostenibles.<\/p>\n<\/p>\n\n        <\/div>\n\n        <div class=\"col-9 offset-3 offset-md-0 col-md-3 text-md-right\">\n\n            <a href=\"https:\/\/www.aivp.org\/es\/eventos\/grupo-de-trabajo-cruceros-ciudades-portuarias-reunion-presencial\/\" class=\"btn btn-info mb-3\">Saber m\u00e1s<\/a>\n\n            \n        <\/div>\n\n    <\/div>\n\n<\/div><\/div><div class=\"col-12 mb-4 anime-in-view\"><div class=\"composant-event\">\n\n    <div class=\"row pt-4 pb-3 events-preview\">\n\n        <div class=\"col-3 col-md-3 \">\n            <div class=\"dates\">\n                \t<div class=\"dates-start dual-dates\">\n\t\t<span> <p class=\"text-primary\">de <\/p><p class=\"text-tertiary\">Mar<\/p><\/span><span><p class=\"text-secondary\">18<\/p><p class=\"text-secondary\">Nov<\/p><p class=\"text-quaternary\">2025<\/p> <\/span>\t<\/div>\n\t<div class=\"dates-end dual-dates\">\n\t\t<span><p class=\"text-primary\">a <\/p><p class=\"text-tertiary\">Vie<\/p><\/span><span><p class=\"text-secondary\">21<\/p><p class=\"text-secondary\">Nov<\/p><p class=\"text-quaternary\">2025<\/p> <\/span>\t<\/div>\n            <\/div>\n        <\/div>\n\n        <div class=\"col-9 col-md-7\">\n\n            <h3 class=\"entry-title\"><a href=\"https:\/\/www.aivp.org\/es\/eventos\/conferencia-mundial-ciudades-y-puertos-aivp-nueva-york-ee-uu\/\">Conferencia Mundial Ciudades y Puertos \/ AIVP \u2013 Nueva York, EE.\u202fUU<\/a><\/h3>\n\n            <p class=\"location\">New York, USA<\/p>\n            <p><p>\u00a1La Conferencia Mundial Ciudades &amp; Puertos 2025 de la AIVP se celebrar\u00e1 en Nueva York! [&hellip;]<\/p>\n<\/p>\n\n        <\/div>\n\n        <div class=\"col-9 offset-3 offset-md-0 col-md-3 text-md-right\">\n\n            <a href=\"https:\/\/www.aivp.org\/es\/eventos\/conferencia-mundial-ciudades-y-puertos-aivp-nueva-york-ee-uu\/\" class=\"btn btn-info mb-3\">Saber m\u00e1s<\/a>\n\n                            <a href=\"https:\/\/aivpworldconference.org\/fr\/elementor-3904\/\" target=\"_blank\" class=\"btn btn-primary ml-3 mb-3\">Registrarse<\/a>\n            \n        <\/div>\n\n    <\/div>\n\n<\/div><\/div><div class=\"col-12 mb-4 anime-in-view\"><div class=\"composant-event\">\n\n    <div class=\"row pt-4 pb-3 events-preview\">\n\n        <div class=\"col-3 col-md-3 \">\n            <div class=\"dates\">\n                \t<div class=\"dates-start dual-dates\">\n\t\t<span> <p class=\"text-primary\">de <\/p><p class=\"text-tertiary\">Mi\u00e9<\/p><\/span><span><p class=\"text-secondary\">01<\/p><p class=\"text-secondary\">Oct<\/p><p class=\"text-quaternary\">2025<\/p> <\/span>\t<\/div>\n\t<div class=\"dates-end dual-dates\">\n\t\t<span><p class=\"text-primary\">a <\/p><p class=\"text-tertiary\">Mi\u00e9<\/p><\/span><span><p class=\"text-secondary\">01<\/p><p class=\"text-secondary\">Oct<\/p><p class=\"text-quaternary\">2025<\/p> <\/span>\t<\/div>\n            <\/div>\n        <\/div>\n\n        <div class=\"col-9 col-md-7\">\n\n            <h3 class=\"entry-title\"><a href=\"https:\/\/www.aivp.org\/es\/eventos\/aivp-webinar-new-york-city-2025\/\">Seminario web de la AIVP: NUEVA YORK 2025<\/a><\/h3>\n\n            <p class=\"location\">ZOOM<\/p>\n            <p><p>1 de octubre de 2025 a las 17:30 (hora de Par\u00eds) | 11:30 (hora de [&hellip;]<\/p>\n<\/p>\n\n        <\/div>\n\n        <div class=\"col-9 offset-3 offset-md-0 col-md-3 text-md-right\">\n\n            <a href=\"https:\/\/www.aivp.org\/es\/eventos\/aivp-webinar-new-york-city-2025\/\" class=\"btn btn-info mb-3\">Saber m\u00e1s<\/a>\n\n                            <a href=\"https:\/\/us06web.zoom.us\/webinar\/register\/WN__4cjgUcATcOnXGIL47ldlg\" target=\"_blank\" class=\"btn btn-primary ml-3 mb-3\">Registrarse<\/a>\n            \n        <\/div>\n\n    <\/div>\n\n<\/div><\/div><div class=\"col-12 mb-4 anime-in-view\"><div class=\"composant-event\">\n\n    <div class=\"row pt-4 pb-3 events-preview\">\n\n        <div class=\"col-3 col-md-3 \">\n            <div class=\"dates\">\n                \t<div class=\"dates-start dual-dates\">\n\t\t<span> <p class=\"text-primary\">de <\/p><p class=\"text-tertiary\">Mar<\/p><\/span><span><p class=\"text-secondary\">09<\/p><p class=\"text-secondary\">Sep<\/p><p class=\"text-quaternary\">2025<\/p> <\/span>\t<\/div>\n\t<div class=\"dates-end dual-dates\">\n\t\t<span><p class=\"text-primary\">a <\/p><p class=\"text-tertiary\">Mar<\/p><\/span><span><p class=\"text-secondary\">09<\/p><p class=\"text-secondary\">Sep<\/p><p class=\"text-quaternary\">2025<\/p> <\/span>\t<\/div>\n            <\/div>\n        <\/div>\n\n        <div class=\"col-9 col-md-7\">\n\n            <h3 class=\"entry-title\"><a href=\"https:\/\/www.aivp.org\/es\/eventos\/webinar-new-york-2025\/\">Seminario web: Nueva York 2025<\/a><\/h3>\n\n            <p class=\"location\">ZOOM<\/p>\n            <p><p>\u00abNavigating Change: innovating port, cities and climate\u00bb \u00a1descubra un avance de lo m\u00e1s destacado de [&hellip;]<\/p>\n<\/p>\n\n        <\/div>\n\n        <div class=\"col-9 offset-3 offset-md-0 col-md-3 text-md-right\">\n\n            <a href=\"https:\/\/www.aivp.org\/es\/eventos\/webinar-new-york-2025\/\" class=\"btn btn-info mb-3\">Saber m\u00e1s<\/a>\n\n                            <a href=\"https:\/\/us06web.zoom.us\/webinar\/register\/WN_cQ0rUMxnRX2TQyir212SQg\" target=\"_blank\" class=\"btn btn-primary ml-3 mb-3\">Registrarse<\/a>\n            \n        <\/div>\n\n    <\/div>\n\n<\/div><\/div><div class=\"col-12 mb-4 anime-in-view\"><div class=\"composant-event\">\n\n    <div class=\"row pt-4 pb-3 events-preview\">\n\n        <div class=\"col-3 col-md-3 \">\n            <div class=\"dates\">\n                \t<div class=\"dates-start dual-dates\">\n\t\t<span> <p class=\"text-primary\">de <\/p><p class=\"text-tertiary\">Mi\u00e9<\/p><\/span><span><p class=\"text-secondary\">20<\/p><p class=\"text-secondary\">Ago<\/p><p class=\"text-quaternary\">2025<\/p> <\/span>\t<\/div>\n\t<div class=\"dates-end dual-dates\">\n\t\t<span><p class=\"text-primary\">a <\/p><p class=\"text-tertiary\">Mi\u00e9<\/p><\/span><span><p class=\"text-secondary\">25<\/p><p class=\"text-secondary\">Mar<\/p><p class=\"text-quaternary\">2026<\/p> <\/span>\t<\/div>\n            <\/div>\n        <\/div>\n\n        <div class=\"col-9 col-md-7\">\n\n            <h3 class=\"entry-title\"><a href=\"https:\/\/www.aivp.org\/es\/eventos\/programa-de-cursos-en-sostenibilidad-de-las-ciudades-puerto-en-espanol-2025-2026\/\">Programa de cursos en Sostenibilidad de las Ciudades Puerto (en Espa\u00f1ol) 2025-2026<\/a><\/h3>\n\n            <p class=\"location\">ZOOM<\/p>\n            <p><\/p>\n\n        <\/div>\n\n        <div class=\"col-9 offset-3 offset-md-0 col-md-3 text-md-right\">\n\n            <a href=\"https:\/\/www.aivp.org\/es\/eventos\/programa-de-cursos-en-sostenibilidad-de-las-ciudades-puerto-en-espanol-2025-2026\/\" class=\"btn btn-info mb-3\">Saber m\u00e1s<\/a>\n\n                            <a href=\"https:\/\/www.aivp.org\/es\/accueil\/nuestros-servicios\/cursos-en-sostenibilidad-de-las-ciudades-puerto\/\" target=\"_blank\" class=\"btn btn-primary ml-3 mb-3\">Registrarse<\/a>\n            \n        <\/div>\n\n    <\/div>\n\n<\/div><\/div><div class=\"col-12 mb-4 anime-in-view\"><div class=\"composant-event\">\n\n    <div class=\"row pt-4 pb-3 events-preview\">\n\n        <div class=\"col-3 col-md-3 \">\n            <div class=\"dates\">\n                \t<div class=\"dates-start dual-dates\">\n\t\t<span> <p class=\"text-primary\">de <\/p><p class=\"text-tertiary\">Mar<\/p><\/span><span><p class=\"text-secondary\">24<\/p><p class=\"text-secondary\">Jun<\/p><p class=\"text-quaternary\">2025<\/p> <\/span>\t<\/div>\n\t<div class=\"dates-end dual-dates\">\n\t\t<span><p class=\"text-primary\">a <\/p><p class=\"text-tertiary\">Mi\u00e9<\/p><\/span><span><p class=\"text-secondary\">25<\/p><p class=\"text-secondary\">Jun<\/p><p class=\"text-quaternary\">2025<\/p> <\/span>\t<\/div>\n            <\/div>\n        <\/div>\n\n        <div class=\"col-9 col-md-7\">\n\n            <h3 class=\"entry-title\"><a href=\"https:\/\/www.aivp.org\/es\/eventos\/taller-port-center-rotterdam\/\">Taller Port Center \u2013 Rotterdam<\/a><\/h3>\n\n            <p class=\"location\">Rotterdam<\/p>\n            <p><p>Introducci\u00f3n El Grupo de Trabajo Port Center se reunir\u00e1 los d\u00edas 24 y 25 de [&hellip;]<\/p>\n<\/p>\n\n        <\/div>\n\n        <div class=\"col-9 offset-3 offset-md-0 col-md-3 text-md-right\">\n\n            <a href=\"https:\/\/www.aivp.org\/es\/eventos\/taller-port-center-rotterdam\/\" class=\"btn btn-info mb-3\">Saber m\u00e1s<\/a>\n\n            \n        <\/div>\n\n    <\/div>\n\n<\/div><\/div><div class=\"col-12 mb-4 anime-in-view\"><div class=\"composant-event\">\n\n    <div class=\"row pt-4 pb-3 events-preview\">\n\n        <div class=\"col-3 col-md-3 \">\n            <div class=\"dates\">\n                \t<div class=\"dates-start dual-dates\">\n\t\t<span> <p class=\"text-primary\">de <\/p><p class=\"text-tertiary\">Lun<\/p><\/span><span><p class=\"text-secondary\">09<\/p><p class=\"text-secondary\">Jun<\/p><p class=\"text-quaternary\">2025<\/p> <\/span>\t<\/div>\n\t<div class=\"dates-end dual-dates\">\n\t\t<span><p class=\"text-primary\">a <\/p><p class=\"text-tertiary\">Vie<\/p><\/span><span><p class=\"text-secondary\">13<\/p><p class=\"text-secondary\">Jun<\/p><p class=\"text-quaternary\">2025<\/p> <\/span>\t<\/div>\n            <\/div>\n        <\/div>\n\n        <div class=\"col-9 col-md-7\">\n\n            <h3 class=\"entry-title\"><a href=\"https:\/\/www.aivp.org\/es\/eventos\/tercera-conferencia-de-las-naciones-unidas-sobre-los-oceanos-niza-2025\/\">Tercera Conferencia de las Naciones Unidas sobre los Oc\u00e9anos, Niza 2025<\/a><\/h3>\n\n            <p class=\"location\">NICE &#8211; FRANCIA<\/p>\n            <p><p>La UNOC 3 tiene como fin implementar el Objetivo de Desarrollo Sostenible 14 sobre el [&hellip;]<\/p>\n<\/p>\n\n        <\/div>\n\n        <div class=\"col-9 offset-3 offset-md-0 col-md-3 text-md-right\">\n\n            <a href=\"https:\/\/www.aivp.org\/es\/eventos\/tercera-conferencia-de-las-naciones-unidas-sobre-los-oceanos-niza-2025\/\" class=\"btn btn-info mb-3\">Saber m\u00e1s<\/a>\n\n                            <a href=\"https:\/\/unocnice2025.org\/en\/\" target=\"_blank\" class=\"btn btn-primary ml-3 mb-3\">Registrarse<\/a>\n            \n        <\/div>\n\n    <\/div>\n\n<\/div><\/div><div class=\"col-12 mb-4 anime-in-view\"><div class=\"composant-event\">\n\n    <div class=\"row pt-4 pb-3 events-preview\">\n\n        <div class=\"col-3 col-md-3 \">\n            <div class=\"dates\">\n                \n\t\t<span><p class=\"text-primary\">El <\/p><p class=\"text-tertiary\">S\u00e1b<\/p><\/span><span><p class=\"text-secondary\">07<\/p><p class=\"text-secondary\">Jun<\/p><p class=\"text-quaternary\">2025<\/p><\/span>\n            <\/div>\n        <\/div>\n\n        <div class=\"col-9 col-md-7\">\n\n            <h3 class=\"entry-title\"><a href=\"https:\/\/www.aivp.org\/es\/eventos\/cumbre-ocean-rise-coastal-resilience\/\">Cumbre Ocean Rise &#038; Coastal Resilience<\/a><\/h3>\n\n            <p class=\"location\">NICE &#8211; FRANCIA<\/p>\n            <p><p>Las ciudades y regiones costeras est\u00e1n en la primera l\u00ednea frente al cambio clim\u00e1tico. Frente [&hellip;]<\/p>\n<\/p>\n\n        <\/div>\n\n        <div class=\"col-9 offset-3 offset-md-0 col-md-3 text-md-right\">\n\n            <a href=\"https:\/\/www.aivp.org\/es\/eventos\/cumbre-ocean-rise-coastal-resilience\/\" class=\"btn btn-info mb-3\">Saber m\u00e1s<\/a>\n\n                            <a href=\"https:\/\/oceanrise-coalition.org\/\" target=\"_blank\" class=\"btn btn-primary ml-3 mb-3\">Registrarse<\/a>\n            \n        <\/div>\n\n    <\/div>\n\n<\/div><\/div><div class=\"col-12 mb-4 anime-in-view\"><div class=\"composant-event\">\n\n    <div class=\"row pt-4 pb-3 events-preview\">\n\n        <div class=\"col-3 col-md-3 \">\n            <div class=\"dates\">\n                \n\t\t<span><p class=\"text-primary\">El <\/p><p class=\"text-tertiary\">Jue<\/p><\/span><span><p class=\"text-secondary\">22<\/p><p class=\"text-secondary\">May<\/p><p class=\"text-quaternary\">2025<\/p><\/span>\n            <\/div>\n        <\/div>\n\n        <div class=\"col-9 col-md-7\">\n\n            <h3 class=\"entry-title\"><a href=\"https:\/\/www.aivp.org\/es\/eventos\/masterclass-impact-of-drug-trafficking-in-port-cities\/\">Masterclass: el impacto del tr\u00e1fico de drogas en las ciudades portuarias<\/a><\/h3>\n\n            <p class=\"location\">ZOOM<\/p>\n            <p><p>La AIVP, en colaboraci\u00f3n con el IIPC, le invita a participar en una Masterclass dirigida [&hellip;]<\/p>\n<\/p>\n\n        <\/div>\n\n        <div class=\"col-9 offset-3 offset-md-0 col-md-3 text-md-right\">\n\n            <a href=\"https:\/\/www.aivp.org\/es\/eventos\/masterclass-impact-of-drug-trafficking-in-port-cities\/\" class=\"btn btn-info mb-3\">Saber m\u00e1s<\/a>\n\n                            <a href=\"https:\/\/us06web.zoom.us\/webinar\/register\/WN_DaEy6bBpQQWkyqN6Dlppzg#\/registration\" target=\"_blank\" class=\"btn btn-primary ml-3 mb-3\">Registrarse<\/a>\n            \n        <\/div>\n\n    <\/div>\n\n<\/div><\/div><div class=\"col-12 mb-4 anime-in-view\"><div class=\"composant-event\">\n\n    <div class=\"row pt-4 pb-3 events-preview\">\n\n        <div class=\"col-3 col-md-3 \">\n            <div class=\"dates\">\n                \t<div class=\"dates-start dual-dates\">\n\t\t<span> <p class=\"text-primary\">de <\/p><p class=\"text-tertiary\">Mar<\/p><\/span><span><p class=\"text-secondary\">06<\/p><p class=\"text-secondary\">May<\/p><p class=\"text-quaternary\">2025<\/p> <\/span>\t<\/div>\n\t<div class=\"dates-end dual-dates\">\n\t\t<span><p class=\"text-primary\">a <\/p><p class=\"text-tertiary\">Mi\u00e9<\/p><\/span><span><p class=\"text-secondary\">07<\/p><p class=\"text-secondary\">May<\/p><p class=\"text-quaternary\">2025<\/p> <\/span>\t<\/div>\n            <\/div>\n        <\/div>\n\n        <div class=\"col-9 col-md-7\">\n\n            <h3 class=\"entry-title\"><a href=\"https:\/\/www.aivp.org\/es\/eventos\/junta-ejecutiva-de-la-aivp\/\">Junta Ejecutiva de la AIVP<\/a><\/h3>\n\n            <p class=\"location\">MARSELLA &#8211; FRANCIA<\/p>\n            <p><p>En presencia de \u00c9douard Philippe, Presidente de la AIVP, nuestro programa de trabajo incluir\u00e1 reuniones [&hellip;]<\/p>\n<\/p>\n\n        <\/div>\n\n        <div class=\"col-9 offset-3 offset-md-0 col-md-3 text-md-right\">\n\n            <a href=\"https:\/\/www.aivp.org\/es\/eventos\/junta-ejecutiva-de-la-aivp\/\" class=\"btn btn-info mb-3\">Saber m\u00e1s<\/a>\n\n            \n        <\/div>\n\n    <\/div>\n\n<\/div><\/div><\/div>\n\t\t<div class=\"container pb-5\">\n\t\t\t\n\t<nav class=\"navigation pagination\" aria-label=\"Entradas\">\n\t\t<h2 class=\"screen-reader-text\">Navegaci\u00f3n de entradas<\/h2>\n\t\t<div class=\"nav-links\"><span aria-current=\"page\" class=\"page-numbers current\">1<\/span>\n<a class=\"page-numbers\" href=\"https:\/\/www.aivp.org\/es\/wp-json\/wp\/v2\/pages\/78428\/page\/2\/\">2<\/a>\n<span class=\"page-numbers dots\">&hellip;<\/span>\n<a class=\"page-numbers\" href=\"https:\/\/www.aivp.org\/es\/wp-json\/wp\/v2\/pages\/78428\/page\/4\/\">4<\/a>\n<a class=\"next page-numbers\" href=\"https:\/\/www.aivp.org\/es\/wp-json\/wp\/v2\/pages\/78428\/page\/2\/\">Siguientes<\/a><\/div>\n\t<\/nav>\t\t<\/div>\n\n\t<\/div>\n\n<\/div>","protected":false},"excerpt":{"rendered":"","protected":false},"author":1,"featured_media":0,"parent":0,"menu_order":42,"comment_status":"closed","ping_status":"closed","template":"","meta":{"_acf_changed":false,"footnotes":""},"class_list":["post-78428","page","type-page","status-publish","hentry"],"acf":[],"yoast_head":"<!-- This site is optimized with the Yoast SEO plugin v26.8 - https:\/\/yoast.com\/product\/yoast-seo-wordpress\/ -->\n<title>\u00c9v\u00e9nements pass\u00e9s - AIVP<\/title>\n<meta name=\"robots\" content=\"index, follow, max-snippet:-1, max-image-preview:large, max-video-preview:-1\" \/>\n<link rel=\"canonical\" href=\"https:\/\/www.aivp.org\/es\/evenements-passes\/\" \/>\n<meta property=\"og:locale\" content=\"es_ES\" \/>\n<meta property=\"og:type\" content=\"article\" \/>\n<meta property=\"og:title\" content=\"\u00c9v\u00e9nements pass\u00e9s - AIVP\" \/>\n<meta property=\"og:url\" content=\"https:\/\/www.aivp.org\/es\/evenements-passes\/\" \/>\n<meta property=\"og:site_name\" content=\"AIVP\" \/>\n<meta name=\"twitter:card\" content=\"summary_large_image\" \/>\n<script type=\"application\/ld+json\" class=\"yoast-schema-graph\">{\"@context\":\"https:\/\/schema.org\",\"@graph\":[{\"@type\":\"WebPage\",\"@id\":\"https:\/\/www.aivp.org\/es\/evenements-passes\/\",\"url\":\"https:\/\/www.aivp.org\/es\/evenements-passes\/\",\"name\":\"\u00c9v\u00e9nements pass\u00e9s - AIVP\",\"isPartOf\":{\"@id\":\"https:\/\/www.aivp.org\/es\/#website\"},\"datePublished\":\"2021-02-10T09:48:54+00:00\",\"breadcrumb\":{\"@id\":\"https:\/\/www.aivp.org\/es\/evenements-passes\/#breadcrumb\"},\"inLanguage\":\"es\",\"potentialAction\":[{\"@type\":\"ReadAction\",\"target\":[\"https:\/\/www.aivp.org\/es\/evenements-passes\/\"]}]},{\"@type\":\"BreadcrumbList\",\"@id\":\"https:\/\/www.aivp.org\/es\/evenements-passes\/#breadcrumb\",\"itemListElement\":[{\"@type\":\"ListItem\",\"position\":1,\"name\":\"Home\",\"item\":\"https:\/\/www.aivp.org\/es\/\"},{\"@type\":\"ListItem\",\"position\":2,\"name\":\"\u00c9v\u00e9nements pass\u00e9s\"}]},{\"@type\":\"WebSite\",\"@id\":\"https:\/\/www.aivp.org\/es\/#website\",\"url\":\"https:\/\/www.aivp.org\/es\/\",\"name\":\"AIVP\",\"description\":\"Inspiring people of port cities\",\"publisher\":{\"@id\":\"https:\/\/www.aivp.org\/es\/#organization\"},\"potentialAction\":[{\"@type\":\"SearchAction\",\"target\":{\"@type\":\"EntryPoint\",\"urlTemplate\":\"https:\/\/www.aivp.org\/es\/?s={search_term_string}\"},\"query-input\":{\"@type\":\"PropertyValueSpecification\",\"valueRequired\":true,\"valueName\":\"search_term_string\"}}],\"inLanguage\":\"es\"},{\"@type\":\"Organization\",\"@id\":\"https:\/\/www.aivp.org\/es\/#organization\",\"name\":\"AIVP\",\"url\":\"https:\/\/www.aivp.org\/es\/\",\"logo\":{\"@type\":\"ImageObject\",\"inLanguage\":\"es\",\"@id\":\"https:\/\/www.aivp.org\/es\/#\/schema\/logo\/image\/\",\"url\":\"https:\/\/www.aivp.org\/wp-content\/uploads\/2020\/07\/cropped-favicon.png\",\"contentUrl\":\"https:\/\/www.aivp.org\/wp-content\/uploads\/2020\/07\/cropped-favicon.png\",\"width\":512,\"height\":512,\"caption\":\"AIVP\"},\"image\":{\"@id\":\"https:\/\/www.aivp.org\/es\/#\/schema\/logo\/image\/\"}}]}<\/script>\n<!-- \/ Yoast SEO plugin. -->","yoast_head_json":{"title":"\u00c9v\u00e9nements pass\u00e9s - AIVP","robots":{"index":"index","follow":"follow","max-snippet":"max-snippet:-1","max-image-preview":"max-image-preview:large","max-video-preview":"max-video-preview:-1"},"canonical":"https:\/\/www.aivp.org\/es\/evenements-passes\/","og_locale":"es_ES","og_type":"article","og_title":"\u00c9v\u00e9nements pass\u00e9s - AIVP","og_url":"https:\/\/www.aivp.org\/es\/evenements-passes\/","og_site_name":"AIVP","twitter_card":"summary_large_image","schema":{"@context":"https:\/\/schema.org","@graph":[{"@type":"WebPage","@id":"https:\/\/www.aivp.org\/es\/evenements-passes\/","url":"https:\/\/www.aivp.org\/es\/evenements-passes\/","name":"\u00c9v\u00e9nements pass\u00e9s - AIVP","isPartOf":{"@id":"https:\/\/www.aivp.org\/es\/#website"},"datePublished":"2021-02-10T09:48:54+00:00","breadcrumb":{"@id":"https:\/\/www.aivp.org\/es\/evenements-passes\/#breadcrumb"},"inLanguage":"es","potentialAction":[{"@type":"ReadAction","target":["https:\/\/www.aivp.org\/es\/evenements-passes\/"]}]},{"@type":"BreadcrumbList","@id":"https:\/\/www.aivp.org\/es\/evenements-passes\/#breadcrumb","itemListElement":[{"@type":"ListItem","position":1,"name":"Home","item":"https:\/\/www.aivp.org\/es\/"},{"@type":"ListItem","position":2,"name":"\u00c9v\u00e9nements pass\u00e9s"}]},{"@type":"WebSite","@id":"https:\/\/www.aivp.org\/es\/#website","url":"https:\/\/www.aivp.org\/es\/","name":"AIVP","description":"Inspiring people of port cities","publisher":{"@id":"https:\/\/www.aivp.org\/es\/#organization"},"potentialAction":[{"@type":"SearchAction","target":{"@type":"EntryPoint","urlTemplate":"https:\/\/www.aivp.org\/es\/?s={search_term_string}"},"query-input":{"@type":"PropertyValueSpecification","valueRequired":true,"valueName":"search_term_string"}}],"inLanguage":"es"},{"@type":"Organization","@id":"https:\/\/www.aivp.org\/es\/#organization","name":"AIVP","url":"https:\/\/www.aivp.org\/es\/","logo":{"@type":"ImageObject","inLanguage":"es","@id":"https:\/\/www.aivp.org\/es\/#\/schema\/logo\/image\/","url":"https:\/\/www.aivp.org\/wp-content\/uploads\/2020\/07\/cropped-favicon.png","contentUrl":"https:\/\/www.aivp.org\/wp-content\/uploads\/2020\/07\/cropped-favicon.png","width":512,"height":512,"caption":"AIVP"},"image":{"@id":"https:\/\/www.aivp.org\/es\/#\/schema\/logo\/image\/"}}]}},"_links":{"self":[{"href":"https:\/\/www.aivp.org\/es\/wp-json\/wp\/v2\/pages\/78428","targetHints":{"allow":["GET"]}}],"collection":[{"href":"https:\/\/www.aivp.org\/es\/wp-json\/wp\/v2\/pages"}],"about":[{"href":"https:\/\/www.aivp.org\/es\/wp-json\/wp\/v2\/types\/page"}],"author":[{"embeddable":true,"href":"https:\/\/www.aivp.org\/es\/wp-json\/wp\/v2\/users\/1"}],"replies":[{"embeddable":true,"href":"https:\/\/www.aivp.org\/es\/wp-json\/wp\/v2\/comments?post=78428"}],"version-history":[{"count":0,"href":"https:\/\/www.aivp.org\/es\/wp-json\/wp\/v2\/pages\/78428\/revisions"}],"wp:attachment":[{"href":"https:\/\/www.aivp.org\/es\/wp-json\/wp\/v2\/media?parent=78428"}],"curies":[{"name":"wp","href":"https:\/\/api.w.org\/{rel}","templated":true}]}}