{"id":86805,"date":"2023-02-15T16:40:05","date_gmt":"2023-02-15T15:40:05","guid":{"rendered":"https:\/\/www.aivp.org\/?page_id=86805"},"modified":"2023-02-15T16:50:02","modified_gmt":"2023-02-15T15:50:02","slug":"proyectos-de-cooperacion-internacional","status":"publish","type":"page","link":"https:\/\/www.aivp.org\/es\/proyectos-de-cooperacion-internacional\/","title":{"rendered":"Proyectos de cooperaci\u00f3n internacional"},"content":{"rendered":"<div class=\"block citation py-5 with-image-fond  bg-white\" id=\"block_d8cda7d8283548c91943731cefd45d3e\">\n\n\t<div class=\"container\">\n\n\t\t<div class=\"row\">\n\n\t\t\t<div class=\"col-12 d-flex flex-column justify-content-center\">\n\n                <div class=\"text-center with-waves anime-in-view\">\n                    <svg xmlns=\"http:\/\/www.w3.org\/2000\/svg\" width=\"45.072\" height=\"45.086\" viewBox=\"0 0 45.072 45.086\"><g transform=\"translate(-6.75 -6.75)\"><path class=\"a\" style=\"stroke:none;\" d=\"M22.666,6.75H13.511A6.781,6.781,0,0,0,6.75,13.511V31.539A6.781,6.781,0,0,0,13.511,38.3h5.451a1.133,1.133,0,0,1,1.127,1.211A17.18,17.18,0,0,1,15.68,49.948a1.127,1.127,0,0,0,.831,1.887h5.62a1.094,1.094,0,0,0,.887-.437,21.785,21.785,0,0,0,4.014-13.226V11.13a4.269,4.269,0,0,0-4.366-4.38Z\" transform=\"translate(0 0)\"\/><path class=\"a\" style=\"stroke:none;\" d=\"M35.041,6.75H25.886a6.781,6.781,0,0,0-6.761,6.761V31.539A6.781,6.781,0,0,0,25.886,38.3h5.451a1.133,1.133,0,0,1,1.127,1.211,17.18,17.18,0,0,1-4.409,10.437,1.127,1.127,0,0,0,.831,1.887h5.62a1.094,1.094,0,0,0,.887-.437,21.785,21.785,0,0,0,4.014-13.226V11.13a4.269,4.269,0,0,0-4.366-4.38Z\" transform=\"translate(12.414 0)\"\/><\/g><\/svg>                    <div class=\"waves position-absolute d-none d-xl-block\" id=\"wave_1\" >\n    <svg xmlns=\"http:\/\/www.w3.org\/2000\/svg\" width=\"83.591\" height=\"8\" viewBox=\"0 0 83.591 8\"><g transform=\"translate(-0.001 -123.628)\"><path class=\"wave\" style=\"stroke:none;\" d=\"M355.4,126.737a12.46,12.46,0,0,1,2.682,1.837c1.744,1.431,3.72,3.054,7.539,3.054s5.8-1.622,7.539-3.054c1.632-1.34,3.042-2.5,5.985-2.5a1.224,1.224,0,0,0,0-2.449c-3.819,0-5.8,1.622-7.539,3.054-1.632,1.34-3.042,2.5-5.985,2.5s-4.353-1.157-5.985-2.5a14.548,14.548,0,0,0-3.213-2.17,1.225,1.225,0,0,0-1.023,2.225Z\" transform=\"translate(-296.78)\"\/><path class=\"wave\" style=\"stroke:none;\" d=\"M1.225,126.078c2.942,0,4.352,1.157,5.985,2.5,1.743,1.431,3.719,3.053,7.539,3.053s5.8-1.622,7.539-3.053c1.632-1.34,3.042-2.5,5.985-2.5s4.352,1.157,5.985,2.5c1.743,1.431,3.719,3.053,7.539,3.053s5.8-1.622,7.539-3.053c1.583-1.3,2.95-2.422,5.7-2.494a1.224,1.224,0,0,0-.064-2.448,10.748,10.748,0,0,0-7.195,3.049c-1.632,1.34-3.042,2.5-5.985,2.5s-4.352-1.157-5.985-2.5c-1.743-1.431-3.719-3.054-7.538-3.054s-5.8,1.622-7.539,3.054c-1.632,1.34-3.042,2.5-5.985,2.5s-4.352-1.157-5.985-2.5c-1.743-1.431-3.719-3.054-7.539-3.054a1.224,1.224,0,0,0,0,2.449Z\" transform=\"translate(0 -0.001)\"\/><\/g><\/svg><\/div>\n<div class=\"waves position-absolute d-none d-xl-block\" id=\"wave_2\" >\n    <svg xmlns=\"http:\/\/www.w3.org\/2000\/svg\" width=\"83.591\" height=\"8\" viewBox=\"0 0 83.591 8\"><path class=\"wave\" style=\"stroke:none;\" d=\"M379.658,126.737a12.46,12.46,0,0,0-2.682,1.837c-1.744,1.431-3.72,3.053-7.539,3.053s-5.8-1.622-7.539-3.053c-1.632-1.34-3.042-2.5-5.985-2.5a1.224,1.224,0,0,1,0-2.449c3.819,0,5.8,1.622,7.539,3.053,1.633,1.34,3.042,2.5,5.985,2.5s4.353-1.157,5.985-2.5a14.548,14.548,0,0,1,3.213-2.17,1.225,1.225,0,0,1,1.023,2.225Z\" transform=\"translate(-354.688 -123.628)\"\/><path class=\"wave\" style=\"stroke:none;\" d=\"M55.007,126.078c-2.942,0-4.352,1.157-5.985,2.5-1.743,1.431-3.719,3.053-7.539,3.053s-5.8-1.622-7.539-3.053c-1.632-1.34-3.042-2.5-5.985-2.5s-4.352,1.157-5.985,2.5c-1.743,1.431-3.719,3.053-7.539,3.053s-5.8-1.622-7.539-3.053c-1.583-1.3-2.95-2.422-5.7-2.494a1.224,1.224,0,0,1,.064-2.448,10.748,10.748,0,0,1,7.195,3.049c1.632,1.34,3.042,2.5,5.985,2.5s4.352-1.157,5.985-2.5c1.743-1.431,3.719-3.053,7.539-3.053s5.8,1.622,7.539,3.053c1.632,1.34,3.042,2.5,5.985,2.5s4.352-1.157,5.985-2.5c1.743-1.431,3.719-3.053,7.539-3.053a1.224,1.224,0,0,1,0,2.449Z\" transform=\"translate(27.36 -123.629)\"\/><\/svg><\/div>                <\/div>\n\t\t\t\t\n                <p class=\"text-center mt-5 mx-lg-5 px-lg-5 anime-in-view\">Desde 2020, la AIVP se ha implicado cada vez m\u00e1s en proyectos de cooperaci\u00f3n nacional e internacional acordes con sus valores y misiones. Estos proyectos aportan innovaci\u00f3n a los miembros y dan acceso a financiaci\u00f3n de terceros. Se apoyan en la reserva internacional de expertos de la AIVP y en los conocimientos de los profesionales de la red. Refuerzan la capacidad de la AIVP para defender los intereses de las ciudades portuarias ante las organizaciones internacionales.\r\n<\/p>\n            \n\t\t\t<\/div>\n\t\t\t\n\t\t<\/div>\n\n    <\/div>\n    \n    \n<\/div>\n\n<div class=\"block block-texte py-5  bg-white\" id=\"block_01132f12b0fd047c1e503cec1a01a341\">\n\n\t<div class=\"container\">\n\n\t\t<div class=\"row\">\n\n\t\t\t<div class=\"col-12 anime-in-view\">\n\t\t\t\t\n\t\t\t\t<h2>Proyectos en curso :<\/h2>\n\n\t\t\t<\/div>\n\t\t\t\n\t\t<\/div>\n\n\t<\/div>\n\n<\/div>\n\n<div class=\"block block-trois-colonnes py-5   bg-white\" id=\"block_cd0a42dc8024cb0e776e31572aefe966\">\n\n\t<div class=\"container with-waves\">\n\n\t\t<div class=\"row\">\n\t\t\t\n\t\t\t<div class=\"col-lg-4\">\n\t\t\t\t\n\t\t\t\t<img loading=\"lazy\" decoding=\"async\" width=\"690\" height=\"207\" src=\"https:\/\/www.aivp.org\/wp-content\/uploads\/2023\/02\/Magpie-Logo-Horizontal-690x207.png\" class=\"img-fluid mb-3 anime-in-view\" alt=\"\" srcset=\"https:\/\/www.aivp.org\/wp-content\/uploads\/2023\/02\/Magpie-Logo-Horizontal-690x207.png 690w, https:\/\/www.aivp.org\/wp-content\/uploads\/2023\/02\/Magpie-Logo-Horizontal-1140x342.png 1140w, https:\/\/www.aivp.org\/wp-content\/uploads\/2023\/02\/Magpie-Logo-Horizontal-768x230.png 768w, https:\/\/www.aivp.org\/wp-content\/uploads\/2023\/02\/Magpie-Logo-Horizontal-1536x461.png 1536w, https:\/\/www.aivp.org\/wp-content\/uploads\/2023\/02\/Magpie-Logo-Horizontal-2048x614.png 2048w, https:\/\/www.aivp.org\/wp-content\/uploads\/2023\/02\/Magpie-Logo-Horizontal-255x76.png 255w, https:\/\/www.aivp.org\/wp-content\/uploads\/2023\/02\/Magpie-Logo-Horizontal-360x108.png 360w, https:\/\/www.aivp.org\/wp-content\/uploads\/2023\/02\/Magpie-Logo-Horizontal-171x51.png 171w, https:\/\/www.aivp.org\/wp-content\/uploads\/2023\/02\/Magpie-Logo-Horizontal-548x164.png 548w\" sizes=\"auto, (max-width: 690px) 100vw, 690px\" \/>\n\t\t\t\t\t<div class=\"anime-in-view\"><h3 style=\"text-align: center;\"><u>MAGPIE<\/u><\/h3>\n<\/div>\n\n\t\t\t<\/div>\n\n\t\t\t<div class=\"col-lg-4 my-lg-0 my-5\">\n\t\t\t\t\n\t\t\t\t<img loading=\"lazy\" decoding=\"async\" width=\"690\" height=\"229\" src=\"https:\/\/www.aivp.org\/wp-content\/uploads\/2023\/02\/Logo-Connected-River-690x229.png\" class=\"img-fluid mb-3 anime-in-view\" alt=\"\" srcset=\"https:\/\/www.aivp.org\/wp-content\/uploads\/2023\/02\/Logo-Connected-River-690x229.png 690w, https:\/\/www.aivp.org\/wp-content\/uploads\/2023\/02\/Logo-Connected-River-1140x379.png 1140w, https:\/\/www.aivp.org\/wp-content\/uploads\/2023\/02\/Logo-Connected-River-768x255.png 768w, https:\/\/www.aivp.org\/wp-content\/uploads\/2023\/02\/Logo-Connected-River-1536x511.png 1536w, https:\/\/www.aivp.org\/wp-content\/uploads\/2023\/02\/Logo-Connected-River-2048x681.png 2048w, https:\/\/www.aivp.org\/wp-content\/uploads\/2023\/02\/Logo-Connected-River-255x85.png 255w, https:\/\/www.aivp.org\/wp-content\/uploads\/2023\/02\/Logo-Connected-River-360x120.png 360w, https:\/\/www.aivp.org\/wp-content\/uploads\/2023\/02\/Logo-Connected-River-171x57.png 171w, https:\/\/www.aivp.org\/wp-content\/uploads\/2023\/02\/Logo-Connected-River-548x182.png 548w\" sizes=\"auto, (max-width: 690px) 100vw, 690px\" \/>\n\t\t\t\t\t<div class=\"anime-in-view\"><h3 style=\"text-align: center;\"><u>CONNECTED RIVER<\/u><\/h3>\n<\/div>\n\n\t\t\t<\/div>\n\n\t\t\t<div class=\"col-lg-4\">\n\t\t\t\t\n\t\t\t\t\n\t\t\t\t\t<div class=\"anime-in-view\"><h3 style=\"text-align: center;\"><u>OPTIWISE<\/u><\/h3>\n<\/div>\n\n\t\t\t<\/div>\n\n\t\t<\/div>\n\n\t\t<div class=\"waves position-absolute d-none d-xl-block\" id=\"wave_1\" >\n    <svg xmlns=\"http:\/\/www.w3.org\/2000\/svg\" width=\"83.591\" height=\"8\" viewBox=\"0 0 83.591 8\"><g transform=\"translate(-0.001 -123.628)\"><path class=\"wave\" style=\"stroke:none;\" d=\"M355.4,126.737a12.46,12.46,0,0,1,2.682,1.837c1.744,1.431,3.72,3.054,7.539,3.054s5.8-1.622,7.539-3.054c1.632-1.34,3.042-2.5,5.985-2.5a1.224,1.224,0,0,0,0-2.449c-3.819,0-5.8,1.622-7.539,3.054-1.632,1.34-3.042,2.5-5.985,2.5s-4.353-1.157-5.985-2.5a14.548,14.548,0,0,0-3.213-2.17,1.225,1.225,0,0,0-1.023,2.225Z\" transform=\"translate(-296.78)\"\/><path class=\"wave\" style=\"stroke:none;\" d=\"M1.225,126.078c2.942,0,4.352,1.157,5.985,2.5,1.743,1.431,3.719,3.053,7.539,3.053s5.8-1.622,7.539-3.053c1.632-1.34,3.042-2.5,5.985-2.5s4.352,1.157,5.985,2.5c1.743,1.431,3.719,3.053,7.539,3.053s5.8-1.622,7.539-3.053c1.583-1.3,2.95-2.422,5.7-2.494a1.224,1.224,0,0,0-.064-2.448,10.748,10.748,0,0,0-7.195,3.049c-1.632,1.34-3.042,2.5-5.985,2.5s-4.352-1.157-5.985-2.5c-1.743-1.431-3.719-3.054-7.538-3.054s-5.8,1.622-7.539,3.054c-1.632,1.34-3.042,2.5-5.985,2.5s-4.352-1.157-5.985-2.5c-1.743-1.431-3.719-3.054-7.539-3.054a1.224,1.224,0,0,0,0,2.449Z\" transform=\"translate(0 -0.001)\"\/><\/g><\/svg><\/div>\n<div class=\"waves position-absolute d-none d-xl-block\" id=\"wave_2\" >\n    <svg xmlns=\"http:\/\/www.w3.org\/2000\/svg\" width=\"83.591\" height=\"8\" viewBox=\"0 0 83.591 8\"><path class=\"wave\" style=\"stroke:none;\" d=\"M379.658,126.737a12.46,12.46,0,0,0-2.682,1.837c-1.744,1.431-3.72,3.053-7.539,3.053s-5.8-1.622-7.539-3.053c-1.632-1.34-3.042-2.5-5.985-2.5a1.224,1.224,0,0,1,0-2.449c3.819,0,5.8,1.622,7.539,3.053,1.633,1.34,3.042,2.5,5.985,2.5s4.353-1.157,5.985-2.5a14.548,14.548,0,0,1,3.213-2.17,1.225,1.225,0,0,1,1.023,2.225Z\" transform=\"translate(-354.688 -123.628)\"\/><path class=\"wave\" style=\"stroke:none;\" d=\"M55.007,126.078c-2.942,0-4.352,1.157-5.985,2.5-1.743,1.431-3.719,3.053-7.539,3.053s-5.8-1.622-7.539-3.053c-1.632-1.34-3.042-2.5-5.985-2.5s-4.352,1.157-5.985,2.5c-1.743,1.431-3.719,3.053-7.539,3.053s-5.8-1.622-7.539-3.053c-1.583-1.3-2.95-2.422-5.7-2.494a1.224,1.224,0,0,1,.064-2.448,10.748,10.748,0,0,1,7.195,3.049c1.632,1.34,3.042,2.5,5.985,2.5s4.352-1.157,5.985-2.5c1.743-1.431,3.719-3.053,7.539-3.053s5.8,1.622,7.539,3.053c1.632,1.34,3.042,2.5,5.985,2.5s4.352-1.157,5.985-2.5c1.743-1.431,3.719-3.053,7.539-3.053a1.224,1.224,0,0,1,0,2.449Z\" transform=\"translate(27.36 -123.629)\"\/><\/svg><\/div>\n\t<\/div>\n\n<\/div>\n\n<div class=\"block block-texte py-5  bg-white\" id=\"block_7e3a6fb71f143a72beef5a5826054395\">\n\n\t<div class=\"container\">\n\n\t\t<div class=\"row\">\n\n\t\t\t<div class=\"col-12 anime-in-view\">\n\t\t\t\t\n\t\t\t\t<h2>Proyecto terminado :<\/h2>\n\n\t\t\t<\/div>\n\t\t\t\n\t\t<\/div>\n\n\t<\/div>\n\n<\/div>\n\n<div class=\"block block-trois-colonnes py-5   bg-white\" id=\"block_1b1fd6184aa331a5970b5ba60bd44427\">\n\n\t<div class=\"container with-waves\">\n\n\t\t<div class=\"row\">\n\t\t\t\n\t\t\t<div class=\"col-lg-4\">\n\t\t\t\t\n\t\t\t\t<img loading=\"lazy\" decoding=\"async\" width=\"690\" height=\"287\" src=\"https:\/\/www.aivp.org\/wp-content\/uploads\/2023\/02\/Agence-Francaise-de-Developpement-AFD-690x287.jpg\" class=\"img-fluid mb-3 anime-in-view\" alt=\"\" srcset=\"https:\/\/www.aivp.org\/wp-content\/uploads\/2023\/02\/Agence-Francaise-de-Developpement-AFD-690x287.jpg 690w, https:\/\/www.aivp.org\/wp-content\/uploads\/2023\/02\/Agence-Francaise-de-Developpement-AFD-1140x474.jpg 1140w, https:\/\/www.aivp.org\/wp-content\/uploads\/2023\/02\/Agence-Francaise-de-Developpement-AFD-768x320.jpg 768w, https:\/\/www.aivp.org\/wp-content\/uploads\/2023\/02\/Agence-Francaise-de-Developpement-AFD-255x106.jpg 255w, https:\/\/www.aivp.org\/wp-content\/uploads\/2023\/02\/Agence-Francaise-de-Developpement-AFD-360x150.jpg 360w, https:\/\/www.aivp.org\/wp-content\/uploads\/2023\/02\/Agence-Francaise-de-Developpement-AFD-171x71.jpg 171w, https:\/\/www.aivp.org\/wp-content\/uploads\/2023\/02\/Agence-Francaise-de-Developpement-AFD-548x228.jpg 548w, https:\/\/www.aivp.org\/wp-content\/uploads\/2023\/02\/Agence-Francaise-de-Developpement-AFD.jpg 1341w\" sizes=\"auto, (max-width: 690px) 100vw, 690px\" \/>\n\t\t\t\t\t<div class=\"anime-in-view\"><h3 style=\"text-align: center;\"><u>AFD<\/u><\/h3>\n<\/div>\n\n\t\t\t<\/div>\n\n\t\t\t<div class=\"col-lg-4 my-lg-0 my-5\">\n\t\t\t\t\n\t\t\t\t\n\t\t\t\t\t<div class=\"anime-in-view\"><\/div>\n\n\t\t\t<\/div>\n\n\t\t\t<div class=\"col-lg-4\">\n\t\t\t\t\n\t\t\t\t\n\t\t\t\t\t<div class=\"anime-in-view\"><\/div>\n\n\t\t\t<\/div>\n\n\t\t<\/div>\n\n\t\t<div class=\"waves position-absolute d-none d-xl-block\" id=\"wave_1\" >\n    <svg xmlns=\"http:\/\/www.w3.org\/2000\/svg\" width=\"83.591\" height=\"8\" viewBox=\"0 0 83.591 8\"><g transform=\"translate(-0.001 -123.628)\"><path class=\"wave\" style=\"stroke:none;\" d=\"M355.4,126.737a12.46,12.46,0,0,1,2.682,1.837c1.744,1.431,3.72,3.054,7.539,3.054s5.8-1.622,7.539-3.054c1.632-1.34,3.042-2.5,5.985-2.5a1.224,1.224,0,0,0,0-2.449c-3.819,0-5.8,1.622-7.539,3.054-1.632,1.34-3.042,2.5-5.985,2.5s-4.353-1.157-5.985-2.5a14.548,14.548,0,0,0-3.213-2.17,1.225,1.225,0,0,0-1.023,2.225Z\" transform=\"translate(-296.78)\"\/><path class=\"wave\" style=\"stroke:none;\" d=\"M1.225,126.078c2.942,0,4.352,1.157,5.985,2.5,1.743,1.431,3.719,3.053,7.539,3.053s5.8-1.622,7.539-3.053c1.632-1.34,3.042-2.5,5.985-2.5s4.352,1.157,5.985,2.5c1.743,1.431,3.719,3.053,7.539,3.053s5.8-1.622,7.539-3.053c1.583-1.3,2.95-2.422,5.7-2.494a1.224,1.224,0,0,0-.064-2.448,10.748,10.748,0,0,0-7.195,3.049c-1.632,1.34-3.042,2.5-5.985,2.5s-4.352-1.157-5.985-2.5c-1.743-1.431-3.719-3.054-7.538-3.054s-5.8,1.622-7.539,3.054c-1.632,1.34-3.042,2.5-5.985,2.5s-4.352-1.157-5.985-2.5c-1.743-1.431-3.719-3.054-7.539-3.054a1.224,1.224,0,0,0,0,2.449Z\" transform=\"translate(0 -0.001)\"\/><\/g><\/svg><\/div>\n<div class=\"waves position-absolute d-none d-xl-block\" id=\"wave_2\" >\n    <svg xmlns=\"http:\/\/www.w3.org\/2000\/svg\" width=\"83.591\" height=\"8\" viewBox=\"0 0 83.591 8\"><path class=\"wave\" style=\"stroke:none;\" d=\"M379.658,126.737a12.46,12.46,0,0,0-2.682,1.837c-1.744,1.431-3.72,3.053-7.539,3.053s-5.8-1.622-7.539-3.053c-1.632-1.34-3.042-2.5-5.985-2.5a1.224,1.224,0,0,1,0-2.449c3.819,0,5.8,1.622,7.539,3.053,1.633,1.34,3.042,2.5,5.985,2.5s4.353-1.157,5.985-2.5a14.548,14.548,0,0,1,3.213-2.17,1.225,1.225,0,0,1,1.023,2.225Z\" transform=\"translate(-354.688 -123.628)\"\/><path class=\"wave\" style=\"stroke:none;\" d=\"M55.007,126.078c-2.942,0-4.352,1.157-5.985,2.5-1.743,1.431-3.719,3.053-7.539,3.053s-5.8-1.622-7.539-3.053c-1.632-1.34-3.042-2.5-5.985-2.5s-4.352,1.157-5.985,2.5c-1.743,1.431-3.719,3.053-7.539,3.053s-5.8-1.622-7.539-3.053c-1.583-1.3-2.95-2.422-5.7-2.494a1.224,1.224,0,0,1,.064-2.448,10.748,10.748,0,0,1,7.195,3.049c1.632,1.34,3.042,2.5,5.985,2.5s4.352-1.157,5.985-2.5c1.743-1.431,3.719-3.053,7.539-3.053s5.8,1.622,7.539,3.053c1.632,1.34,3.042,2.5,5.985,2.5s4.352-1.157,5.985-2.5c1.743-1.431,3.719-3.053,7.539-3.053a1.224,1.224,0,0,1,0,2.449Z\" transform=\"translate(27.36 -123.629)\"\/><\/svg><\/div>\n\t<\/div>\n\n<\/div>","protected":false},"excerpt":{"rendered":"","protected":false},"author":119,"featured_media":0,"parent":0,"menu_order":0,"comment_status":"closed","ping_status":"closed","template":"","meta":{"_acf_changed":false,"footnotes":""},"class_list":["post-86805","page","type-page","status-publish","hentry"],"acf":[],"yoast_head":"<!-- This site is optimized with the Yoast SEO plugin v26.8 - https:\/\/yoast.com\/product\/yoast-seo-wordpress\/ -->\n<title>Proyectos de cooperaci\u00f3n internacional - AIVP<\/title>\n<meta name=\"robots\" content=\"index, follow, max-snippet:-1, max-image-preview:large, max-video-preview:-1\" \/>\n<link rel=\"canonical\" href=\"https:\/\/www.aivp.org\/es\/proyectos-de-cooperacion-internacional\/\" \/>\n<meta property=\"og:locale\" content=\"es_ES\" \/>\n<meta property=\"og:type\" content=\"article\" \/>\n<meta property=\"og:title\" content=\"Proyectos de cooperaci\u00f3n internacional - AIVP\" \/>\n<meta property=\"og:url\" content=\"https:\/\/www.aivp.org\/es\/proyectos-de-cooperacion-internacional\/\" \/>\n<meta property=\"og:site_name\" content=\"AIVP\" \/>\n<meta property=\"article:modified_time\" content=\"2023-02-15T15:50:02+00:00\" \/>\n<meta name=\"twitter:card\" content=\"summary_large_image\" \/>\n<script type=\"application\/ld+json\" class=\"yoast-schema-graph\">{\"@context\":\"https:\/\/schema.org\",\"@graph\":[{\"@type\":\"WebPage\",\"@id\":\"https:\/\/www.aivp.org\/es\/proyectos-de-cooperacion-internacional\/\",\"url\":\"https:\/\/www.aivp.org\/es\/proyectos-de-cooperacion-internacional\/\",\"name\":\"Proyectos de cooperaci\u00f3n internacional - AIVP\",\"isPartOf\":{\"@id\":\"https:\/\/www.aivp.org\/es\/#website\"},\"datePublished\":\"2023-02-15T15:40:05+00:00\",\"dateModified\":\"2023-02-15T15:50:02+00:00\",\"breadcrumb\":{\"@id\":\"https:\/\/www.aivp.org\/es\/proyectos-de-cooperacion-internacional\/#breadcrumb\"},\"inLanguage\":\"es\",\"potentialAction\":[{\"@type\":\"ReadAction\",\"target\":[\"https:\/\/www.aivp.org\/es\/proyectos-de-cooperacion-internacional\/\"]}]},{\"@type\":\"BreadcrumbList\",\"@id\":\"https:\/\/www.aivp.org\/es\/proyectos-de-cooperacion-internacional\/#breadcrumb\",\"itemListElement\":[{\"@type\":\"ListItem\",\"position\":1,\"name\":\"Home\",\"item\":\"https:\/\/www.aivp.org\/es\/\"},{\"@type\":\"ListItem\",\"position\":2,\"name\":\"Proyectos de cooperaci\u00f3n internacional\"}]},{\"@type\":\"WebSite\",\"@id\":\"https:\/\/www.aivp.org\/es\/#website\",\"url\":\"https:\/\/www.aivp.org\/es\/\",\"name\":\"AIVP\",\"description\":\"Inspiring people of port cities\",\"publisher\":{\"@id\":\"https:\/\/www.aivp.org\/es\/#organization\"},\"potentialAction\":[{\"@type\":\"SearchAction\",\"target\":{\"@type\":\"EntryPoint\",\"urlTemplate\":\"https:\/\/www.aivp.org\/es\/?s={search_term_string}\"},\"query-input\":{\"@type\":\"PropertyValueSpecification\",\"valueRequired\":true,\"valueName\":\"search_term_string\"}}],\"inLanguage\":\"es\"},{\"@type\":\"Organization\",\"@id\":\"https:\/\/www.aivp.org\/es\/#organization\",\"name\":\"AIVP\",\"url\":\"https:\/\/www.aivp.org\/es\/\",\"logo\":{\"@type\":\"ImageObject\",\"inLanguage\":\"es\",\"@id\":\"https:\/\/www.aivp.org\/es\/#\/schema\/logo\/image\/\",\"url\":\"https:\/\/www.aivp.org\/wp-content\/uploads\/2020\/07\/cropped-favicon.png\",\"contentUrl\":\"https:\/\/www.aivp.org\/wp-content\/uploads\/2020\/07\/cropped-favicon.png\",\"width\":512,\"height\":512,\"caption\":\"AIVP\"},\"image\":{\"@id\":\"https:\/\/www.aivp.org\/es\/#\/schema\/logo\/image\/\"}}]}<\/script>\n<!-- \/ Yoast SEO plugin. -->","yoast_head_json":{"title":"Proyectos de cooperaci\u00f3n internacional - AIVP","robots":{"index":"index","follow":"follow","max-snippet":"max-snippet:-1","max-image-preview":"max-image-preview:large","max-video-preview":"max-video-preview:-1"},"canonical":"https:\/\/www.aivp.org\/es\/proyectos-de-cooperacion-internacional\/","og_locale":"es_ES","og_type":"article","og_title":"Proyectos de cooperaci\u00f3n internacional - AIVP","og_url":"https:\/\/www.aivp.org\/es\/proyectos-de-cooperacion-internacional\/","og_site_name":"AIVP","article_modified_time":"2023-02-15T15:50:02+00:00","twitter_card":"summary_large_image","schema":{"@context":"https:\/\/schema.org","@graph":[{"@type":"WebPage","@id":"https:\/\/www.aivp.org\/es\/proyectos-de-cooperacion-internacional\/","url":"https:\/\/www.aivp.org\/es\/proyectos-de-cooperacion-internacional\/","name":"Proyectos de cooperaci\u00f3n internacional - AIVP","isPartOf":{"@id":"https:\/\/www.aivp.org\/es\/#website"},"datePublished":"2023-02-15T15:40:05+00:00","dateModified":"2023-02-15T15:50:02+00:00","breadcrumb":{"@id":"https:\/\/www.aivp.org\/es\/proyectos-de-cooperacion-internacional\/#breadcrumb"},"inLanguage":"es","potentialAction":[{"@type":"ReadAction","target":["https:\/\/www.aivp.org\/es\/proyectos-de-cooperacion-internacional\/"]}]},{"@type":"BreadcrumbList","@id":"https:\/\/www.aivp.org\/es\/proyectos-de-cooperacion-internacional\/#breadcrumb","itemListElement":[{"@type":"ListItem","position":1,"name":"Home","item":"https:\/\/www.aivp.org\/es\/"},{"@type":"ListItem","position":2,"name":"Proyectos de cooperaci\u00f3n internacional"}]},{"@type":"WebSite","@id":"https:\/\/www.aivp.org\/es\/#website","url":"https:\/\/www.aivp.org\/es\/","name":"AIVP","description":"Inspiring people of port cities","publisher":{"@id":"https:\/\/www.aivp.org\/es\/#organization"},"potentialAction":[{"@type":"SearchAction","target":{"@type":"EntryPoint","urlTemplate":"https:\/\/www.aivp.org\/es\/?s={search_term_string}"},"query-input":{"@type":"PropertyValueSpecification","valueRequired":true,"valueName":"search_term_string"}}],"inLanguage":"es"},{"@type":"Organization","@id":"https:\/\/www.aivp.org\/es\/#organization","name":"AIVP","url":"https:\/\/www.aivp.org\/es\/","logo":{"@type":"ImageObject","inLanguage":"es","@id":"https:\/\/www.aivp.org\/es\/#\/schema\/logo\/image\/","url":"https:\/\/www.aivp.org\/wp-content\/uploads\/2020\/07\/cropped-favicon.png","contentUrl":"https:\/\/www.aivp.org\/wp-content\/uploads\/2020\/07\/cropped-favicon.png","width":512,"height":512,"caption":"AIVP"},"image":{"@id":"https:\/\/www.aivp.org\/es\/#\/schema\/logo\/image\/"}}]}},"_links":{"self":[{"href":"https:\/\/www.aivp.org\/es\/wp-json\/wp\/v2\/pages\/86805","targetHints":{"allow":["GET"]}}],"collection":[{"href":"https:\/\/www.aivp.org\/es\/wp-json\/wp\/v2\/pages"}],"about":[{"href":"https:\/\/www.aivp.org\/es\/wp-json\/wp\/v2\/types\/page"}],"author":[{"embeddable":true,"href":"https:\/\/www.aivp.org\/es\/wp-json\/wp\/v2\/users\/119"}],"replies":[{"embeddable":true,"href":"https:\/\/www.aivp.org\/es\/wp-json\/wp\/v2\/comments?post=86805"}],"version-history":[{"count":2,"href":"https:\/\/www.aivp.org\/es\/wp-json\/wp\/v2\/pages\/86805\/revisions"}],"predecessor-version":[{"id":88871,"href":"https:\/\/www.aivp.org\/es\/wp-json\/wp\/v2\/pages\/86805\/revisions\/88871"}],"wp:attachment":[{"href":"https:\/\/www.aivp.org\/es\/wp-json\/wp\/v2\/media?parent=86805"}],"curies":[{"name":"wp","href":"https:\/\/api.w.org\/{rel}","templated":true}]}}