{"id":88213,"date":"2023-02-14T11:14:48","date_gmt":"2023-02-14T10:14:48","guid":{"rendered":"https:\/\/www.aivp.org\/?page_id=88213"},"modified":"2024-03-21T12:56:20","modified_gmt":"2024-03-21T11:56:20","slug":"nuestros-recursos","status":"publish","type":"page","link":"https:\/\/www.aivp.org\/es\/accueil\/nuestros-servicios\/nuestros-recursos\/","title":{"rendered":"Nuestros recursos"},"content":{"rendered":"<div class=\"block block-deux-colonnes py-5   bg-white\" id=\"block_ebeeec6b71d66c7c9373bc2c92c4956d\">\n\n\t<div class=\"container with-waves\">\n\n\t\t<div class=\"row\">\n\t\t\t\n\t\t\t<div class=\"col-lg-6\">\n\n\t\t\t\t<div>\n\t\t\t\t\n\t\t\t\t\t\n\t\t\t\t\t\t<div class=\"anime-in-view\"><p><a href=\"https:\/\/www.aivp.org\/es\/noticias\/\"><img loading=\"lazy\" decoding=\"async\" class=\"wp-image-88113 aligncenter\" src=\"https:\/\/www.aivp.org\/wp-content\/uploads\/2023\/02\/panorama.png\" alt=\"\" width=\"261\" height=\"261\" srcset=\"https:\/\/www.aivp.org\/wp-content\/uploads\/2023\/02\/panorama.png 500w, https:\/\/www.aivp.org\/wp-content\/uploads\/2023\/02\/panorama-150x150.png 150w, https:\/\/www.aivp.org\/wp-content\/uploads\/2023\/02\/panorama-255x255.png 255w, https:\/\/www.aivp.org\/wp-content\/uploads\/2023\/02\/panorama-360x360.png 360w, https:\/\/www.aivp.org\/wp-content\/uploads\/2023\/02\/panorama-171x171.png 171w\" sizes=\"auto, (max-width: 261px) 100vw, 261px\" \/><\/a><\/p>\n<h3 style=\"text-align: center;\"><a href=\"https:\/\/www.aivp.org\/es\/noticias\/\" target=\"_blank\" rel=\"noopener\"><u>Panorama Ciudad Puerto<\/u><\/a><\/h3>\n<p>Revista de prensa internacional y recopilaci\u00f3n semanal de buenas pr\u00e1cticas, el Panorama Ville Port es una fuente infinita de inspiraci\u00f3n sobre la relaci\u00f3n Ciudad-Puerto \u00a1por s\u00f3lo 10 minutos de lectura a la semana!<\/p>\n<\/div>\n\n\t\t\t\t<\/div>\n\n\t\t\t<\/div>\n\n\t\t\t<div class=\"col-lg-6 mt-lg-0 mt-5\">\n\t\t\t\t\n\t\t\t\t\n\t\t\t\t\t<div class=\"anime-in-view\"><p><a href=\"https:\/\/www.aivp.org\/es\/publication\/\"><img loading=\"lazy\" decoding=\"async\" class=\"wp-image-88110 aligncenter\" src=\"https:\/\/www.aivp.org\/wp-content\/uploads\/2023\/02\/aivp-livre-blanc-1.png\" alt=\"\" width=\"259\" height=\"259\" srcset=\"https:\/\/www.aivp.org\/wp-content\/uploads\/2023\/02\/aivp-livre-blanc-1.png 500w, https:\/\/www.aivp.org\/wp-content\/uploads\/2023\/02\/aivp-livre-blanc-1-150x150.png 150w, https:\/\/www.aivp.org\/wp-content\/uploads\/2023\/02\/aivp-livre-blanc-1-255x255.png 255w, https:\/\/www.aivp.org\/wp-content\/uploads\/2023\/02\/aivp-livre-blanc-1-360x360.png 360w, https:\/\/www.aivp.org\/wp-content\/uploads\/2023\/02\/aivp-livre-blanc-1-171x171.png 171w\" sizes=\"auto, (max-width: 259px) 100vw, 259px\" \/><\/a><\/p>\n<h3 style=\"text-align: center;\"><a href=\"https:\/\/www.aivp.org\/es\/publication\/\" target=\"_blank\" rel=\"noopener\"><u>Libros blancos Agenda 2030<\/u><\/a><\/h3>\n<p>Los libros blancos dan las claves para entender los 10 retos del desarrollo sostenible de la ciudad portuaria que conforman la Agenda 2030 de la AIVP. Re\u00fanen los puntos de vista de expertos, los testimonios de profesionales sobre ejemplos tangibles, todo ello acompa\u00f1ado de una infograf\u00eda y referencias. Son una ayuda preciosa para convencer a los representantes elegidos, a los responsables pol\u00edticos y a los t\u00e9cnicos de la realidad de estos retos.<\/p>\n<\/div>\n\n\t\t\t<\/div>\n\n\t\t<\/div>\n\n\n\t\t<div class=\"waves position-absolute d-none d-xl-block\" id=\"wave_1\" >\n    <svg xmlns=\"http:\/\/www.w3.org\/2000\/svg\" width=\"83.591\" height=\"8\" viewBox=\"0 0 83.591 8\"><g transform=\"translate(-0.001 -123.628)\"><path class=\"wave\" style=\"stroke:none;\" d=\"M355.4,126.737a12.46,12.46,0,0,1,2.682,1.837c1.744,1.431,3.72,3.054,7.539,3.054s5.8-1.622,7.539-3.054c1.632-1.34,3.042-2.5,5.985-2.5a1.224,1.224,0,0,0,0-2.449c-3.819,0-5.8,1.622-7.539,3.054-1.632,1.34-3.042,2.5-5.985,2.5s-4.353-1.157-5.985-2.5a14.548,14.548,0,0,0-3.213-2.17,1.225,1.225,0,0,0-1.023,2.225Z\" transform=\"translate(-296.78)\"\/><path class=\"wave\" style=\"stroke:none;\" d=\"M1.225,126.078c2.942,0,4.352,1.157,5.985,2.5,1.743,1.431,3.719,3.053,7.539,3.053s5.8-1.622,7.539-3.053c1.632-1.34,3.042-2.5,5.985-2.5s4.352,1.157,5.985,2.5c1.743,1.431,3.719,3.053,7.539,3.053s5.8-1.622,7.539-3.053c1.583-1.3,2.95-2.422,5.7-2.494a1.224,1.224,0,0,0-.064-2.448,10.748,10.748,0,0,0-7.195,3.049c-1.632,1.34-3.042,2.5-5.985,2.5s-4.352-1.157-5.985-2.5c-1.743-1.431-3.719-3.054-7.538-3.054s-5.8,1.622-7.539,3.054c-1.632,1.34-3.042,2.5-5.985,2.5s-4.352-1.157-5.985-2.5c-1.743-1.431-3.719-3.054-7.539-3.054a1.224,1.224,0,0,0,0,2.449Z\" transform=\"translate(0 -0.001)\"\/><\/g><\/svg><\/div>\n<div class=\"waves position-absolute d-none d-xl-block\" id=\"wave_2\" >\n    <svg xmlns=\"http:\/\/www.w3.org\/2000\/svg\" width=\"83.591\" height=\"8\" viewBox=\"0 0 83.591 8\"><path class=\"wave\" style=\"stroke:none;\" d=\"M379.658,126.737a12.46,12.46,0,0,0-2.682,1.837c-1.744,1.431-3.72,3.053-7.539,3.053s-5.8-1.622-7.539-3.053c-1.632-1.34-3.042-2.5-5.985-2.5a1.224,1.224,0,0,1,0-2.449c3.819,0,5.8,1.622,7.539,3.053,1.633,1.34,3.042,2.5,5.985,2.5s4.353-1.157,5.985-2.5a14.548,14.548,0,0,1,3.213-2.17,1.225,1.225,0,0,1,1.023,2.225Z\" transform=\"translate(-354.688 -123.628)\"\/><path class=\"wave\" style=\"stroke:none;\" d=\"M55.007,126.078c-2.942,0-4.352,1.157-5.985,2.5-1.743,1.431-3.719,3.053-7.539,3.053s-5.8-1.622-7.539-3.053c-1.632-1.34-3.042-2.5-5.985-2.5s-4.352,1.157-5.985,2.5c-1.743,1.431-3.719,3.053-7.539,3.053s-5.8-1.622-7.539-3.053c-1.583-1.3-2.95-2.422-5.7-2.494a1.224,1.224,0,0,1,.064-2.448,10.748,10.748,0,0,1,7.195,3.049c1.632,1.34,3.042,2.5,5.985,2.5s4.352-1.157,5.985-2.5c1.743-1.431,3.719-3.053,7.539-3.053s5.8,1.622,7.539,3.053c1.632,1.34,3.042,2.5,5.985,2.5s4.352-1.157,5.985-2.5c1.743-1.431,3.719-3.053,7.539-3.053a1.224,1.224,0,0,1,0,2.449Z\" transform=\"translate(27.36 -123.629)\"\/><\/svg><\/div>\n\t<\/div>\n\n<\/div>\n\n<div class=\"block block-deux-colonnes py-5   bg-white\" id=\"block_a97a0779c5294798808d9078e948155c\">\n\n\t<div class=\"container with-waves\">\n\n\t\t<div class=\"row\">\n\t\t\t\n\t\t\t<div class=\"col-lg-6\">\n\n\t\t\t\t<div>\n\t\t\t\t\n\t\t\t\t\t\n\t\t\t\t\t\t<div class=\"anime-in-view\"><p><a href=\"https:\/\/www.aivp.org\/es\/buenas-practicas\/\"><img loading=\"lazy\" decoding=\"async\" class=\" wp-image-88116 aligncenter\" src=\"https:\/\/www.aivp.org\/wp-content\/uploads\/2023\/02\/aivp-guide-bonnes-pratiques.png\" alt=\"\" width=\"268\" height=\"268\" srcset=\"https:\/\/www.aivp.org\/wp-content\/uploads\/2023\/02\/aivp-guide-bonnes-pratiques.png 500w, https:\/\/www.aivp.org\/wp-content\/uploads\/2023\/02\/aivp-guide-bonnes-pratiques-150x150.png 150w, https:\/\/www.aivp.org\/wp-content\/uploads\/2023\/02\/aivp-guide-bonnes-pratiques-255x255.png 255w, https:\/\/www.aivp.org\/wp-content\/uploads\/2023\/02\/aivp-guide-bonnes-pratiques-360x360.png 360w, https:\/\/www.aivp.org\/wp-content\/uploads\/2023\/02\/aivp-guide-bonnes-pratiques-171x171.png 171w\" sizes=\"auto, (max-width: 268px) 100vw, 268px\" \/><\/a><\/p>\n<h3 style=\"text-align: center;\"><a href=\"https:\/\/www.aivp.org\/es\/buenas-practicas\/\" target=\"_blank\" rel=\"noopener\"><u>Gu\u00eda de buenas pr\u00e1cticas Agenda 2030<\/u><\/a><\/h3>\n<p>La gu\u00eda, una herramienta din\u00e1mica en l\u00ednea que se enriquece peri\u00f3dicamente, da acceso a m\u00e1s de 150 buenas pr\u00e1cticas para establecer relaciones sostenibles entre la ciudad y el puerto. Biblioteca de proyectos, la gu\u00eda es el fruto de m\u00e1s de 30 a\u00f1os de experiencia colectiva acumulada en el seno de la red AIVP. Estas buenas pr\u00e1cticas constituyen una valiosa herramienta de decisi\u00f3n para aplicar la Agenda 2030 de la AIVP en su territorio.<\/p>\n<\/div>\n\n\t\t\t\t<\/div>\n\n\t\t\t<\/div>\n\n\t\t\t<div class=\"col-lg-6 mt-lg-0 mt-5\">\n\t\t\t\t\n\t\t\t\t\n\t\t\t\t\t<div class=\"anime-in-view\"><p><a href=\"https:\/\/www.aivp.org\/es\/newsroom\/category\/entrevistas\/\"><img loading=\"lazy\" decoding=\"async\" class=\"wp-image-88107 aligncenter\" src=\"https:\/\/www.aivp.org\/wp-content\/uploads\/2023\/02\/aivp-interview.png\" alt=\"\" width=\"265\" height=\"265\" srcset=\"https:\/\/www.aivp.org\/wp-content\/uploads\/2023\/02\/aivp-interview.png 500w, https:\/\/www.aivp.org\/wp-content\/uploads\/2023\/02\/aivp-interview-150x150.png 150w, https:\/\/www.aivp.org\/wp-content\/uploads\/2023\/02\/aivp-interview-255x255.png 255w, https:\/\/www.aivp.org\/wp-content\/uploads\/2023\/02\/aivp-interview-360x360.png 360w, https:\/\/www.aivp.org\/wp-content\/uploads\/2023\/02\/aivp-interview-171x171.png 171w\" sizes=\"auto, (max-width: 265px) 100vw, 265px\" \/><\/a><\/p>\n<h3 style=\"text-align: center;\"><a href=\"https:\/\/www.aivp.org\/es\/newsroom\/category\/entrevistas\/\" target=\"_blank\" rel=\"noopener\"><u>Entrevistas<\/u><\/a><\/h3>\n<p>Las entrevistas dan la palabra a los responsables de la toma de decisiones, que dan testimonio de su estrategia portuaria urbana, su visi\u00f3n y sus proyectos. Abren la v\u00eda a colaboraciones entre los miembros al tiempo que refuerzan la influencia de la primera red mundial de ciudades portuarias.<\/p>\n<\/div>\n\n\t\t\t<\/div>\n\n\t\t<\/div>\n\n\n\t\t<div class=\"waves position-absolute d-none d-xl-block\" id=\"wave_1\" >\n    <svg xmlns=\"http:\/\/www.w3.org\/2000\/svg\" width=\"83.591\" height=\"8\" viewBox=\"0 0 83.591 8\"><g transform=\"translate(-0.001 -123.628)\"><path class=\"wave\" style=\"stroke:none;\" d=\"M355.4,126.737a12.46,12.46,0,0,1,2.682,1.837c1.744,1.431,3.72,3.054,7.539,3.054s5.8-1.622,7.539-3.054c1.632-1.34,3.042-2.5,5.985-2.5a1.224,1.224,0,0,0,0-2.449c-3.819,0-5.8,1.622-7.539,3.054-1.632,1.34-3.042,2.5-5.985,2.5s-4.353-1.157-5.985-2.5a14.548,14.548,0,0,0-3.213-2.17,1.225,1.225,0,0,0-1.023,2.225Z\" transform=\"translate(-296.78)\"\/><path class=\"wave\" style=\"stroke:none;\" d=\"M1.225,126.078c2.942,0,4.352,1.157,5.985,2.5,1.743,1.431,3.719,3.053,7.539,3.053s5.8-1.622,7.539-3.053c1.632-1.34,3.042-2.5,5.985-2.5s4.352,1.157,5.985,2.5c1.743,1.431,3.719,3.053,7.539,3.053s5.8-1.622,7.539-3.053c1.583-1.3,2.95-2.422,5.7-2.494a1.224,1.224,0,0,0-.064-2.448,10.748,10.748,0,0,0-7.195,3.049c-1.632,1.34-3.042,2.5-5.985,2.5s-4.352-1.157-5.985-2.5c-1.743-1.431-3.719-3.054-7.538-3.054s-5.8,1.622-7.539,3.054c-1.632,1.34-3.042,2.5-5.985,2.5s-4.352-1.157-5.985-2.5c-1.743-1.431-3.719-3.054-7.539-3.054a1.224,1.224,0,0,0,0,2.449Z\" transform=\"translate(0 -0.001)\"\/><\/g><\/svg><\/div>\n<div class=\"waves position-absolute d-none d-xl-block\" id=\"wave_2\" >\n    <svg xmlns=\"http:\/\/www.w3.org\/2000\/svg\" width=\"83.591\" height=\"8\" viewBox=\"0 0 83.591 8\"><path class=\"wave\" style=\"stroke:none;\" d=\"M379.658,126.737a12.46,12.46,0,0,0-2.682,1.837c-1.744,1.431-3.72,3.053-7.539,3.053s-5.8-1.622-7.539-3.053c-1.632-1.34-3.042-2.5-5.985-2.5a1.224,1.224,0,0,1,0-2.449c3.819,0,5.8,1.622,7.539,3.053,1.633,1.34,3.042,2.5,5.985,2.5s4.353-1.157,5.985-2.5a14.548,14.548,0,0,1,3.213-2.17,1.225,1.225,0,0,1,1.023,2.225Z\" transform=\"translate(-354.688 -123.628)\"\/><path class=\"wave\" style=\"stroke:none;\" d=\"M55.007,126.078c-2.942,0-4.352,1.157-5.985,2.5-1.743,1.431-3.719,3.053-7.539,3.053s-5.8-1.622-7.539-3.053c-1.632-1.34-3.042-2.5-5.985-2.5s-4.352,1.157-5.985,2.5c-1.743,1.431-3.719,3.053-7.539,3.053s-5.8-1.622-7.539-3.053c-1.583-1.3-2.95-2.422-5.7-2.494a1.224,1.224,0,0,1,.064-2.448,10.748,10.748,0,0,1,7.195,3.049c1.632,1.34,3.042,2.5,5.985,2.5s4.352-1.157,5.985-2.5c1.743-1.431,3.719-3.053,7.539-3.053s5.8,1.622,7.539,3.053c1.632,1.34,3.042,2.5,5.985,2.5s4.352-1.157,5.985-2.5c1.743-1.431,3.719-3.053,7.539-3.053a1.224,1.224,0,0,1,0,2.449Z\" transform=\"translate(27.36 -123.629)\"\/><\/svg><\/div>\n\t<\/div>\n\n<\/div>","protected":false},"excerpt":{"rendered":"","protected":false},"author":119,"featured_media":0,"parent":89653,"menu_order":0,"comment_status":"closed","ping_status":"closed","template":"","meta":{"_acf_changed":false,"footnotes":""},"class_list":["post-88213","page","type-page","status-publish","hentry"],"acf":[],"yoast_head":"<!-- This site is optimized with the Yoast SEO plugin v26.8 - https:\/\/yoast.com\/product\/yoast-seo-wordpress\/ -->\n<title>Nuestros recursos - AIVP<\/title>\n<meta name=\"robots\" content=\"index, follow, max-snippet:-1, max-image-preview:large, max-video-preview:-1\" \/>\n<link rel=\"canonical\" href=\"https:\/\/www.aivp.org\/es\/accueil\/nuestros-servicios\/nuestros-recursos\/\" \/>\n<meta property=\"og:locale\" content=\"es_ES\" \/>\n<meta property=\"og:type\" content=\"article\" \/>\n<meta property=\"og:title\" content=\"Nuestros recursos - AIVP\" \/>\n<meta property=\"og:url\" content=\"https:\/\/www.aivp.org\/es\/accueil\/nuestros-servicios\/nuestros-recursos\/\" \/>\n<meta property=\"og:site_name\" content=\"AIVP\" \/>\n<meta property=\"article:modified_time\" content=\"2024-03-21T11:56:20+00:00\" \/>\n<meta name=\"twitter:card\" content=\"summary_large_image\" \/>\n<script type=\"application\/ld+json\" class=\"yoast-schema-graph\">{\"@context\":\"https:\/\/schema.org\",\"@graph\":[{\"@type\":\"WebPage\",\"@id\":\"https:\/\/www.aivp.org\/es\/accueil\/nuestros-servicios\/nuestros-recursos\/\",\"url\":\"https:\/\/www.aivp.org\/es\/accueil\/nuestros-servicios\/nuestros-recursos\/\",\"name\":\"Nuestros recursos - AIVP\",\"isPartOf\":{\"@id\":\"https:\/\/www.aivp.org\/es\/#website\"},\"datePublished\":\"2023-02-14T10:14:48+00:00\",\"dateModified\":\"2024-03-21T11:56:20+00:00\",\"breadcrumb\":{\"@id\":\"https:\/\/www.aivp.org\/es\/accueil\/nuestros-servicios\/nuestros-recursos\/#breadcrumb\"},\"inLanguage\":\"es\",\"potentialAction\":[{\"@type\":\"ReadAction\",\"target\":[\"https:\/\/www.aivp.org\/es\/accueil\/nuestros-servicios\/nuestros-recursos\/\"]}]},{\"@type\":\"BreadcrumbList\",\"@id\":\"https:\/\/www.aivp.org\/es\/accueil\/nuestros-servicios\/nuestros-recursos\/#breadcrumb\",\"itemListElement\":[{\"@type\":\"ListItem\",\"position\":1,\"name\":\"Home\",\"item\":\"https:\/\/www.aivp.org\/es\/\"},{\"@type\":\"ListItem\",\"position\":2,\"name\":\"P\u00e1gina de inicio\",\"item\":\"https:\/\/www.aivp.org\/es\/\"},{\"@type\":\"ListItem\",\"position\":3,\"name\":\"Nuestros servicios\",\"item\":\"https:\/\/www.aivp.org\/es\/accueil\/nuestros-servicios\/\"},{\"@type\":\"ListItem\",\"position\":4,\"name\":\"Nuestros recursos\"}]},{\"@type\":\"WebSite\",\"@id\":\"https:\/\/www.aivp.org\/es\/#website\",\"url\":\"https:\/\/www.aivp.org\/es\/\",\"name\":\"AIVP\",\"description\":\"Inspiring people of port cities\",\"publisher\":{\"@id\":\"https:\/\/www.aivp.org\/es\/#organization\"},\"potentialAction\":[{\"@type\":\"SearchAction\",\"target\":{\"@type\":\"EntryPoint\",\"urlTemplate\":\"https:\/\/www.aivp.org\/es\/?s={search_term_string}\"},\"query-input\":{\"@type\":\"PropertyValueSpecification\",\"valueRequired\":true,\"valueName\":\"search_term_string\"}}],\"inLanguage\":\"es\"},{\"@type\":\"Organization\",\"@id\":\"https:\/\/www.aivp.org\/es\/#organization\",\"name\":\"AIVP\",\"url\":\"https:\/\/www.aivp.org\/es\/\",\"logo\":{\"@type\":\"ImageObject\",\"inLanguage\":\"es\",\"@id\":\"https:\/\/www.aivp.org\/es\/#\/schema\/logo\/image\/\",\"url\":\"https:\/\/www.aivp.org\/wp-content\/uploads\/2020\/07\/cropped-favicon.png\",\"contentUrl\":\"https:\/\/www.aivp.org\/wp-content\/uploads\/2020\/07\/cropped-favicon.png\",\"width\":512,\"height\":512,\"caption\":\"AIVP\"},\"image\":{\"@id\":\"https:\/\/www.aivp.org\/es\/#\/schema\/logo\/image\/\"}}]}<\/script>\n<!-- \/ Yoast SEO plugin. -->","yoast_head_json":{"title":"Nuestros recursos - AIVP","robots":{"index":"index","follow":"follow","max-snippet":"max-snippet:-1","max-image-preview":"max-image-preview:large","max-video-preview":"max-video-preview:-1"},"canonical":"https:\/\/www.aivp.org\/es\/accueil\/nuestros-servicios\/nuestros-recursos\/","og_locale":"es_ES","og_type":"article","og_title":"Nuestros recursos - AIVP","og_url":"https:\/\/www.aivp.org\/es\/accueil\/nuestros-servicios\/nuestros-recursos\/","og_site_name":"AIVP","article_modified_time":"2024-03-21T11:56:20+00:00","twitter_card":"summary_large_image","schema":{"@context":"https:\/\/schema.org","@graph":[{"@type":"WebPage","@id":"https:\/\/www.aivp.org\/es\/accueil\/nuestros-servicios\/nuestros-recursos\/","url":"https:\/\/www.aivp.org\/es\/accueil\/nuestros-servicios\/nuestros-recursos\/","name":"Nuestros recursos - AIVP","isPartOf":{"@id":"https:\/\/www.aivp.org\/es\/#website"},"datePublished":"2023-02-14T10:14:48+00:00","dateModified":"2024-03-21T11:56:20+00:00","breadcrumb":{"@id":"https:\/\/www.aivp.org\/es\/accueil\/nuestros-servicios\/nuestros-recursos\/#breadcrumb"},"inLanguage":"es","potentialAction":[{"@type":"ReadAction","target":["https:\/\/www.aivp.org\/es\/accueil\/nuestros-servicios\/nuestros-recursos\/"]}]},{"@type":"BreadcrumbList","@id":"https:\/\/www.aivp.org\/es\/accueil\/nuestros-servicios\/nuestros-recursos\/#breadcrumb","itemListElement":[{"@type":"ListItem","position":1,"name":"Home","item":"https:\/\/www.aivp.org\/es\/"},{"@type":"ListItem","position":2,"name":"P\u00e1gina de inicio","item":"https:\/\/www.aivp.org\/es\/"},{"@type":"ListItem","position":3,"name":"Nuestros servicios","item":"https:\/\/www.aivp.org\/es\/accueil\/nuestros-servicios\/"},{"@type":"ListItem","position":4,"name":"Nuestros recursos"}]},{"@type":"WebSite","@id":"https:\/\/www.aivp.org\/es\/#website","url":"https:\/\/www.aivp.org\/es\/","name":"AIVP","description":"Inspiring people of port cities","publisher":{"@id":"https:\/\/www.aivp.org\/es\/#organization"},"potentialAction":[{"@type":"SearchAction","target":{"@type":"EntryPoint","urlTemplate":"https:\/\/www.aivp.org\/es\/?s={search_term_string}"},"query-input":{"@type":"PropertyValueSpecification","valueRequired":true,"valueName":"search_term_string"}}],"inLanguage":"es"},{"@type":"Organization","@id":"https:\/\/www.aivp.org\/es\/#organization","name":"AIVP","url":"https:\/\/www.aivp.org\/es\/","logo":{"@type":"ImageObject","inLanguage":"es","@id":"https:\/\/www.aivp.org\/es\/#\/schema\/logo\/image\/","url":"https:\/\/www.aivp.org\/wp-content\/uploads\/2020\/07\/cropped-favicon.png","contentUrl":"https:\/\/www.aivp.org\/wp-content\/uploads\/2020\/07\/cropped-favicon.png","width":512,"height":512,"caption":"AIVP"},"image":{"@id":"https:\/\/www.aivp.org\/es\/#\/schema\/logo\/image\/"}}]}},"_links":{"self":[{"href":"https:\/\/www.aivp.org\/es\/wp-json\/wp\/v2\/pages\/88213","targetHints":{"allow":["GET"]}}],"collection":[{"href":"https:\/\/www.aivp.org\/es\/wp-json\/wp\/v2\/pages"}],"about":[{"href":"https:\/\/www.aivp.org\/es\/wp-json\/wp\/v2\/types\/page"}],"author":[{"embeddable":true,"href":"https:\/\/www.aivp.org\/es\/wp-json\/wp\/v2\/users\/119"}],"replies":[{"embeddable":true,"href":"https:\/\/www.aivp.org\/es\/wp-json\/wp\/v2\/comments?post=88213"}],"version-history":[{"count":1,"href":"https:\/\/www.aivp.org\/es\/wp-json\/wp\/v2\/pages\/88213\/revisions"}],"predecessor-version":[{"id":118088,"href":"https:\/\/www.aivp.org\/es\/wp-json\/wp\/v2\/pages\/88213\/revisions\/118088"}],"up":[{"embeddable":true,"href":"https:\/\/www.aivp.org\/es\/wp-json\/wp\/v2\/pages\/89653"}],"wp:attachment":[{"href":"https:\/\/www.aivp.org\/es\/wp-json\/wp\/v2\/media?parent=88213"}],"curies":[{"name":"wp","href":"https:\/\/api.w.org\/{rel}","templated":true}]}}