{"id":88833,"date":"2023-02-15T16:25:07","date_gmt":"2023-02-15T15:25:07","guid":{"rendered":"https:\/\/www.aivp.org\/?page_id=88833"},"modified":"2023-02-17T14:35:06","modified_gmt":"2023-02-17T13:35:06","slug":"aivp-benchmark","status":"publish","type":"page","link":"https:\/\/www.aivp.org\/es\/accueil\/nuestros-servicios\/aivp-benchmark\/aivp-benchmark\/","title":{"rendered":"AIVP benchmark"},"content":{"rendered":"<div class=\"block block-deux-colonnes py-5   bg-white\" id=\"block_19bf75df1bfcebc001e4ee011b69f302\">\n\n\t<div class=\"container with-waves\">\n\n\t\t<div class=\"row\">\n\t\t\t\n\t\t\t<div class=\"col-lg-6\">\n\n\t\t\t\t<div>\n\t\t\t\t\n\t\t\t\t\t\n\t\t\t\t\t\t<div class=\"anime-in-view\"><p>A lo largo de los a\u00f1os, <strong>la AIVP ha constituido una comunidad din\u00e1mica de expertos y profesionales que aplican las buenas pr\u00e1cticas de la relaci\u00f3n Ciudad-Puerto.<\/strong> Gracias a ellos, la AIVP ha constituido un centro de recursos \u00fanico en el mundo. Dotada de esta capacidad multiplicada de evaluaci\u00f3n comparativa, la AIVP responde eficazmente a las preguntas de sus miembros y les ayuda a calibrar sus propios proyectos.<\/p>\n<\/div>\n\n\t\t\t\t<\/div>\n\n\t\t\t<\/div>\n\n\t\t\t<div class=\"col-lg-6 mt-lg-0 mt-5\">\n\t\t\t\t\n\t\t\t\t\n\t\t\t\t\t<div class=\"anime-in-view\"><p><img loading=\"lazy\" decoding=\"async\" class=\"wp-image-88330 aligncenter\" src=\"https:\/\/www.aivp.org\/wp-content\/uploads\/2023\/02\/Franck-Barske-690x690.png\" alt=\"\" width=\"283\" height=\"283\" srcset=\"https:\/\/www.aivp.org\/wp-content\/uploads\/2023\/02\/Franck-Barske-690x690.png 690w, https:\/\/www.aivp.org\/wp-content\/uploads\/2023\/02\/Franck-Barske-1140x1140.png 1140w, https:\/\/www.aivp.org\/wp-content\/uploads\/2023\/02\/Franck-Barske-150x150.png 150w, https:\/\/www.aivp.org\/wp-content\/uploads\/2023\/02\/Franck-Barske-768x768.png 768w, https:\/\/www.aivp.org\/wp-content\/uploads\/2023\/02\/Franck-Barske-255x255.png 255w, https:\/\/www.aivp.org\/wp-content\/uploads\/2023\/02\/Franck-Barske-360x360.png 360w, https:\/\/www.aivp.org\/wp-content\/uploads\/2023\/02\/Franck-Barske-171x171.png 171w, https:\/\/www.aivp.org\/wp-content\/uploads\/2023\/02\/Franck-Barske-548x548.png 548w, https:\/\/www.aivp.org\/wp-content\/uploads\/2023\/02\/Franck-Barske.png 1200w\" sizes=\"auto, (max-width: 283px) 100vw, 283px\" \/><\/p>\n<\/div>\n\n\t\t\t<\/div>\n\n\t\t<\/div>\n\n\n\t\t<div class=\"waves position-absolute d-none d-xl-block\" id=\"wave_1\" >\n    <svg xmlns=\"http:\/\/www.w3.org\/2000\/svg\" width=\"83.591\" height=\"8\" viewBox=\"0 0 83.591 8\"><g transform=\"translate(-0.001 -123.628)\"><path class=\"wave\" style=\"stroke:none;\" d=\"M355.4,126.737a12.46,12.46,0,0,1,2.682,1.837c1.744,1.431,3.72,3.054,7.539,3.054s5.8-1.622,7.539-3.054c1.632-1.34,3.042-2.5,5.985-2.5a1.224,1.224,0,0,0,0-2.449c-3.819,0-5.8,1.622-7.539,3.054-1.632,1.34-3.042,2.5-5.985,2.5s-4.353-1.157-5.985-2.5a14.548,14.548,0,0,0-3.213-2.17,1.225,1.225,0,0,0-1.023,2.225Z\" transform=\"translate(-296.78)\"\/><path class=\"wave\" style=\"stroke:none;\" d=\"M1.225,126.078c2.942,0,4.352,1.157,5.985,2.5,1.743,1.431,3.719,3.053,7.539,3.053s5.8-1.622,7.539-3.053c1.632-1.34,3.042-2.5,5.985-2.5s4.352,1.157,5.985,2.5c1.743,1.431,3.719,3.053,7.539,3.053s5.8-1.622,7.539-3.053c1.583-1.3,2.95-2.422,5.7-2.494a1.224,1.224,0,0,0-.064-2.448,10.748,10.748,0,0,0-7.195,3.049c-1.632,1.34-3.042,2.5-5.985,2.5s-4.352-1.157-5.985-2.5c-1.743-1.431-3.719-3.054-7.538-3.054s-5.8,1.622-7.539,3.054c-1.632,1.34-3.042,2.5-5.985,2.5s-4.352-1.157-5.985-2.5c-1.743-1.431-3.719-3.054-7.539-3.054a1.224,1.224,0,0,0,0,2.449Z\" transform=\"translate(0 -0.001)\"\/><\/g><\/svg><\/div>\n<div class=\"waves position-absolute d-none d-xl-block\" id=\"wave_2\" >\n    <svg xmlns=\"http:\/\/www.w3.org\/2000\/svg\" width=\"83.591\" height=\"8\" viewBox=\"0 0 83.591 8\"><path class=\"wave\" style=\"stroke:none;\" d=\"M379.658,126.737a12.46,12.46,0,0,0-2.682,1.837c-1.744,1.431-3.72,3.053-7.539,3.053s-5.8-1.622-7.539-3.053c-1.632-1.34-3.042-2.5-5.985-2.5a1.224,1.224,0,0,1,0-2.449c3.819,0,5.8,1.622,7.539,3.053,1.633,1.34,3.042,2.5,5.985,2.5s4.353-1.157,5.985-2.5a14.548,14.548,0,0,1,3.213-2.17,1.225,1.225,0,0,1,1.023,2.225Z\" transform=\"translate(-354.688 -123.628)\"\/><path class=\"wave\" style=\"stroke:none;\" d=\"M55.007,126.078c-2.942,0-4.352,1.157-5.985,2.5-1.743,1.431-3.719,3.053-7.539,3.053s-5.8-1.622-7.539-3.053c-1.632-1.34-3.042-2.5-5.985-2.5s-4.352,1.157-5.985,2.5c-1.743,1.431-3.719,3.053-7.539,3.053s-5.8-1.622-7.539-3.053c-1.583-1.3-2.95-2.422-5.7-2.494a1.224,1.224,0,0,1,.064-2.448,10.748,10.748,0,0,1,7.195,3.049c1.632,1.34,3.042,2.5,5.985,2.5s4.352-1.157,5.985-2.5c1.743-1.431,3.719-3.053,7.539-3.053s5.8,1.622,7.539,3.053c1.632,1.34,3.042,2.5,5.985,2.5s4.352-1.157,5.985-2.5c1.743-1.431,3.719-3.053,7.539-3.053a1.224,1.224,0,0,1,0,2.449Z\" transform=\"translate(27.36 -123.629)\"\/><\/svg><\/div>\n\t<\/div>\n\n<\/div>\n\n<div class=\"block block-texte py-5  bg-primary\" id=\"block_b6e4b548dbe6ac048ca3f614e65383a4\">\n\n\t<div class=\"container\">\n\n\t\t<div class=\"row\">\n\n\t\t\t<div class=\"col-12 anime-in-view\">\n\t\t\t\t\n\t\t\t\t<h3><strong><u>Referencias recientes<\/u> <\/strong><\/h3>\n<ul>\n<li>2021-2022 : \u00abPuertos Verdes del Oc\u00e9ano \u00cdndico\u00bb (Mauricio, Reuni\u00f3n, Mayotte, Madagascar, Comoras, Seychelles)<\/li>\n<\/ul>\n<p>o Realizaci\u00f3n de un inventario de equipamientos y propuesta de un plan de acci\u00f3n para los puertos de 6 islas, sobre los retos medioambientales y la interfaz ciudad-puerto.<\/p>\n<ul>\n<li>2021: \u00abEstudio preliminar para la aplicaci\u00f3n de la Carta Ciudad-Puerto de Kribi\u00bb (Camer\u00fan)<\/li>\n<\/ul>\n<p>o Realizaci\u00f3n de un punto de referencia y una hoja de recomendaciones para la aplicaci\u00f3n de un acuerdo de colaboraci\u00f3n entre un puerto y su comunidad urbana.<\/p>\n<ul>\n<li>2021: \u00abEstudio de oportunidad para el despliegue de electricidad en los muelles de Rouen y Honfleur\u00bb (Francia)<\/li>\n<\/ul>\n<p>o Referencia internacional para evaluar la rentabilidad y los beneficios medioambientales del despliegue de electricidad en puerto en ciudades portuarias de segundo nivel.<\/p>\n<p>&nbsp;<\/p>\n\n\t\t\t<\/div>\n\t\t\t\n\t\t<\/div>\n\n\t<\/div>\n\n<\/div>\n\n<div class=\"block cta-contact py-5 \" id=\"block_693fa07ad8926ab882fb22dcfe122e64\">\n\n\t<div class=\"container p-4 bg-secondary\">\n\n\t\t<div class=\"row\">\n\n\t\t\t<div class=\"col-12 d-flex flex-lg-row flex-column justify-content-between align-items-center\">\n\n\t\t\t\t<div class=\"w-100 anime-in-view\">\n\t\t\t\t\t<svg xmlns=\"http:\/\/www.w3.org\/2000\/svg\" width=\"25.683\" height=\"8\" viewBox=\"0 0 25.683 8\"><path class=\"a\" style=\"stroke:none;\" d=\"M379.658,126.737a12.46,12.46,0,0,0-2.682,1.837c-1.744,1.431-3.72,3.053-7.539,3.053s-5.8-1.622-7.539-3.053c-1.632-1.34-3.042-2.5-5.985-2.5a1.224,1.224,0,0,1,0-2.449c3.819,0,5.8,1.622,7.539,3.053,1.633,1.34,3.042,2.5,5.985,2.5s4.353-1.157,5.985-2.5a14.548,14.548,0,0,1,3.213-2.17,1.225,1.225,0,0,1,1.023,2.225Z\" transform=\"translate(-354.688 -123.628)\"\/><\/svg>\t\t\t\t\t<h3 class=\"title my-4\"> \u00bfNecesita un estudio? <\/h3>\n\t\t\t\t\t\t\t\t\t<\/div>\n\n\t\t\t\t\n\t<a href=\"https:\/\/www.aivp.org\/es\/contacto\/\" target=\"_blank\"  class=\"btn icons-animation cercles cercles-white mt-4 mt-lg-0 anime-in-view\">Contacto<\/a>\n\t\t\t\t\t\n\n\t\t\t<\/div>\n\t\t\t\n\t\t<\/div>\n\n\t<\/div>\n\n<\/div>","protected":false},"excerpt":{"rendered":"","protected":false},"author":119,"featured_media":0,"parent":88580,"menu_order":0,"comment_status":"closed","ping_status":"closed","template":"","meta":{"_acf_changed":false,"footnotes":""},"class_list":["post-88833","page","type-page","status-publish","hentry"],"acf":[],"yoast_head":"<!-- This site is optimized with the Yoast SEO plugin v26.8 - https:\/\/yoast.com\/product\/yoast-seo-wordpress\/ -->\n<title>AIVP benchmark - AIVP<\/title>\n<meta name=\"robots\" content=\"index, follow, max-snippet:-1, max-image-preview:large, max-video-preview:-1\" \/>\n<link rel=\"canonical\" href=\"https:\/\/www.aivp.org\/es\/accueil\/nuestros-servicios\/aivp-benchmark\/aivp-benchmark\/\" \/>\n<meta property=\"og:locale\" content=\"es_ES\" \/>\n<meta property=\"og:type\" content=\"article\" \/>\n<meta property=\"og:title\" content=\"AIVP benchmark - AIVP\" \/>\n<meta property=\"og:url\" content=\"https:\/\/www.aivp.org\/es\/accueil\/nuestros-servicios\/aivp-benchmark\/aivp-benchmark\/\" \/>\n<meta property=\"og:site_name\" content=\"AIVP\" \/>\n<meta property=\"article:modified_time\" content=\"2023-02-17T13:35:06+00:00\" \/>\n<meta name=\"twitter:card\" content=\"summary_large_image\" \/>\n<script type=\"application\/ld+json\" class=\"yoast-schema-graph\">{\"@context\":\"https:\/\/schema.org\",\"@graph\":[{\"@type\":\"WebPage\",\"@id\":\"https:\/\/www.aivp.org\/es\/accueil\/nuestros-servicios\/aivp-benchmark\/aivp-benchmark\/\",\"url\":\"https:\/\/www.aivp.org\/es\/accueil\/nuestros-servicios\/aivp-benchmark\/aivp-benchmark\/\",\"name\":\"AIVP benchmark - AIVP\",\"isPartOf\":{\"@id\":\"https:\/\/www.aivp.org\/es\/#website\"},\"datePublished\":\"2023-02-15T15:25:07+00:00\",\"dateModified\":\"2023-02-17T13:35:06+00:00\",\"breadcrumb\":{\"@id\":\"https:\/\/www.aivp.org\/es\/accueil\/nuestros-servicios\/aivp-benchmark\/aivp-benchmark\/#breadcrumb\"},\"inLanguage\":\"es\",\"potentialAction\":[{\"@type\":\"ReadAction\",\"target\":[\"https:\/\/www.aivp.org\/es\/accueil\/nuestros-servicios\/aivp-benchmark\/aivp-benchmark\/\"]}]},{\"@type\":\"BreadcrumbList\",\"@id\":\"https:\/\/www.aivp.org\/es\/accueil\/nuestros-servicios\/aivp-benchmark\/aivp-benchmark\/#breadcrumb\",\"itemListElement\":[{\"@type\":\"ListItem\",\"position\":1,\"name\":\"Home\",\"item\":\"https:\/\/www.aivp.org\/es\/\"},{\"@type\":\"ListItem\",\"position\":2,\"name\":\"P\u00e1gina de inicio\",\"item\":\"https:\/\/www.aivp.org\/es\/\"},{\"@type\":\"ListItem\",\"position\":3,\"name\":\"Nuestros servicios\",\"item\":\"https:\/\/www.aivp.org\/es\/accueil\/nuestros-servicios\/\"},{\"@type\":\"ListItem\",\"position\":4,\"name\":\"Benchmark\",\"item\":\"https:\/\/www.aivp.org\/es\/accueil\/nuestros-servicios\/aivp-benchmark\/\"},{\"@type\":\"ListItem\",\"position\":5,\"name\":\"AIVP benchmark\"}]},{\"@type\":\"WebSite\",\"@id\":\"https:\/\/www.aivp.org\/es\/#website\",\"url\":\"https:\/\/www.aivp.org\/es\/\",\"name\":\"AIVP\",\"description\":\"Inspiring people of port cities\",\"publisher\":{\"@id\":\"https:\/\/www.aivp.org\/es\/#organization\"},\"potentialAction\":[{\"@type\":\"SearchAction\",\"target\":{\"@type\":\"EntryPoint\",\"urlTemplate\":\"https:\/\/www.aivp.org\/es\/?s={search_term_string}\"},\"query-input\":{\"@type\":\"PropertyValueSpecification\",\"valueRequired\":true,\"valueName\":\"search_term_string\"}}],\"inLanguage\":\"es\"},{\"@type\":\"Organization\",\"@id\":\"https:\/\/www.aivp.org\/es\/#organization\",\"name\":\"AIVP\",\"url\":\"https:\/\/www.aivp.org\/es\/\",\"logo\":{\"@type\":\"ImageObject\",\"inLanguage\":\"es\",\"@id\":\"https:\/\/www.aivp.org\/es\/#\/schema\/logo\/image\/\",\"url\":\"https:\/\/www.aivp.org\/wp-content\/uploads\/2020\/07\/cropped-favicon.png\",\"contentUrl\":\"https:\/\/www.aivp.org\/wp-content\/uploads\/2020\/07\/cropped-favicon.png\",\"width\":512,\"height\":512,\"caption\":\"AIVP\"},\"image\":{\"@id\":\"https:\/\/www.aivp.org\/es\/#\/schema\/logo\/image\/\"}}]}<\/script>\n<!-- \/ Yoast SEO plugin. -->","yoast_head_json":{"title":"AIVP benchmark - AIVP","robots":{"index":"index","follow":"follow","max-snippet":"max-snippet:-1","max-image-preview":"max-image-preview:large","max-video-preview":"max-video-preview:-1"},"canonical":"https:\/\/www.aivp.org\/es\/accueil\/nuestros-servicios\/aivp-benchmark\/aivp-benchmark\/","og_locale":"es_ES","og_type":"article","og_title":"AIVP benchmark - AIVP","og_url":"https:\/\/www.aivp.org\/es\/accueil\/nuestros-servicios\/aivp-benchmark\/aivp-benchmark\/","og_site_name":"AIVP","article_modified_time":"2023-02-17T13:35:06+00:00","twitter_card":"summary_large_image","schema":{"@context":"https:\/\/schema.org","@graph":[{"@type":"WebPage","@id":"https:\/\/www.aivp.org\/es\/accueil\/nuestros-servicios\/aivp-benchmark\/aivp-benchmark\/","url":"https:\/\/www.aivp.org\/es\/accueil\/nuestros-servicios\/aivp-benchmark\/aivp-benchmark\/","name":"AIVP benchmark - AIVP","isPartOf":{"@id":"https:\/\/www.aivp.org\/es\/#website"},"datePublished":"2023-02-15T15:25:07+00:00","dateModified":"2023-02-17T13:35:06+00:00","breadcrumb":{"@id":"https:\/\/www.aivp.org\/es\/accueil\/nuestros-servicios\/aivp-benchmark\/aivp-benchmark\/#breadcrumb"},"inLanguage":"es","potentialAction":[{"@type":"ReadAction","target":["https:\/\/www.aivp.org\/es\/accueil\/nuestros-servicios\/aivp-benchmark\/aivp-benchmark\/"]}]},{"@type":"BreadcrumbList","@id":"https:\/\/www.aivp.org\/es\/accueil\/nuestros-servicios\/aivp-benchmark\/aivp-benchmark\/#breadcrumb","itemListElement":[{"@type":"ListItem","position":1,"name":"Home","item":"https:\/\/www.aivp.org\/es\/"},{"@type":"ListItem","position":2,"name":"P\u00e1gina de inicio","item":"https:\/\/www.aivp.org\/es\/"},{"@type":"ListItem","position":3,"name":"Nuestros servicios","item":"https:\/\/www.aivp.org\/es\/accueil\/nuestros-servicios\/"},{"@type":"ListItem","position":4,"name":"Benchmark","item":"https:\/\/www.aivp.org\/es\/accueil\/nuestros-servicios\/aivp-benchmark\/"},{"@type":"ListItem","position":5,"name":"AIVP benchmark"}]},{"@type":"WebSite","@id":"https:\/\/www.aivp.org\/es\/#website","url":"https:\/\/www.aivp.org\/es\/","name":"AIVP","description":"Inspiring people of port cities","publisher":{"@id":"https:\/\/www.aivp.org\/es\/#organization"},"potentialAction":[{"@type":"SearchAction","target":{"@type":"EntryPoint","urlTemplate":"https:\/\/www.aivp.org\/es\/?s={search_term_string}"},"query-input":{"@type":"PropertyValueSpecification","valueRequired":true,"valueName":"search_term_string"}}],"inLanguage":"es"},{"@type":"Organization","@id":"https:\/\/www.aivp.org\/es\/#organization","name":"AIVP","url":"https:\/\/www.aivp.org\/es\/","logo":{"@type":"ImageObject","inLanguage":"es","@id":"https:\/\/www.aivp.org\/es\/#\/schema\/logo\/image\/","url":"https:\/\/www.aivp.org\/wp-content\/uploads\/2020\/07\/cropped-favicon.png","contentUrl":"https:\/\/www.aivp.org\/wp-content\/uploads\/2020\/07\/cropped-favicon.png","width":512,"height":512,"caption":"AIVP"},"image":{"@id":"https:\/\/www.aivp.org\/es\/#\/schema\/logo\/image\/"}}]}},"_links":{"self":[{"href":"https:\/\/www.aivp.org\/es\/wp-json\/wp\/v2\/pages\/88833","targetHints":{"allow":["GET"]}}],"collection":[{"href":"https:\/\/www.aivp.org\/es\/wp-json\/wp\/v2\/pages"}],"about":[{"href":"https:\/\/www.aivp.org\/es\/wp-json\/wp\/v2\/types\/page"}],"author":[{"embeddable":true,"href":"https:\/\/www.aivp.org\/es\/wp-json\/wp\/v2\/users\/119"}],"replies":[{"embeddable":true,"href":"https:\/\/www.aivp.org\/es\/wp-json\/wp\/v2\/comments?post=88833"}],"version-history":[{"count":3,"href":"https:\/\/www.aivp.org\/es\/wp-json\/wp\/v2\/pages\/88833\/revisions"}],"predecessor-version":[{"id":89065,"href":"https:\/\/www.aivp.org\/es\/wp-json\/wp\/v2\/pages\/88833\/revisions\/89065"}],"up":[{"embeddable":true,"href":"https:\/\/www.aivp.org\/es\/wp-json\/wp\/v2\/pages\/88580"}],"wp:attachment":[{"href":"https:\/\/www.aivp.org\/es\/wp-json\/wp\/v2\/media?parent=88833"}],"curies":[{"name":"wp","href":"https:\/\/api.w.org\/{rel}","templated":true}]}}