{"id":88847,"date":"2023-02-15T16:31:55","date_gmt":"2023-02-15T15:31:55","guid":{"rendered":"https:\/\/www.aivp.org\/?page_id=88847"},"modified":"2023-02-17T14:28:25","modified_gmt":"2023-02-17T13:28:25","slug":"afd","status":"publish","type":"page","link":"https:\/\/www.aivp.org\/es\/proyectos-de-cooperacion-internacional\/afd\/","title":{"rendered":"AFD"},"content":{"rendered":"<div class=\"block block-texte py-5  bg-white\" id=\"block_c4e173b3d842d8e3559033d74bf58ac0\">\n\n\t<div class=\"container\">\n\n\t\t<div class=\"row\">\n\n\t\t\t<div class=\"col-12 anime-in-view\">\n\t\t\t\t\n\t\t\t\t<h1 style=\"text-align: center\">\u00abPuertos verdes del Oc\u00e9ano \u00cdndico\u00bb &#8211; asociaci\u00f3n con la AFD y la Asociaci\u00f3n de Puertos del Oc\u00e9ano \u00cdndico<\/h1>\n\n\t\t\t<\/div>\n\t\t\t\n\t\t<\/div>\n\n\t<\/div>\n\n<\/div>\n\n<div class=\"block block-deux-colonnes py-5   bg-white\" id=\"block_717d6aa4a03ec26cf7372f18e9946f30\">\n\n\t<div class=\"container with-waves\">\n\n\t\t<div class=\"row\">\n\t\t\t\n\t\t\t<div class=\"col-lg-6\">\n\n\t\t\t\t<div>\n\t\t\t\t\n\t\t\t\t\t\n\t\t\t\t\t\t<div class=\"anime-in-view\"><p>La AIVP cuenta con un gran n\u00famero de puertos y ciudades portuarias miembros en todo el Oc\u00e9ano \u00cdndico. En 2020\/21 realiz\u00f3 un estudio por encargo de la Asociaci\u00f3n de Puertos del Oc\u00e9ano \u00cdndico (APIOI), destinado a acelerar su transici\u00f3n ecol\u00f3gica. Los tres temas de trabajo fueron la adaptaci\u00f3n al cambio clim\u00e1tico; la transici\u00f3n energ\u00e9tica y la econom\u00eda circular; y el desarrollo de la interfaz ciudad-puerto. Un equipo de expertos de la red AIVP elabor\u00f3 un diagn\u00f3stico territorial. Se han dado recomendaciones a la APIOI para que elabore conjuntamente una \u00abhoja de ruta para la ecologizaci\u00f3n\u00bb. Para el sector energ\u00e9tico, cuyo potencial es fuerte en esta regi\u00f3n, se han emitido recomendaciones relativas a diversas tecnolog\u00edas verdes: energ\u00eda talasot\u00e9rmica, energ\u00eda de las olas, o incluso la valorizaci\u00f3n de los biorresiduos. El potencial de los puertos del Oc\u00e9ano \u00cdndico en el sector energ\u00e9tico es especialmente fuerte. En cuanto a la subida del nivel del mar, se formularon recomendaciones muy concretas para preparar a archipi\u00e9lagos fr\u00e1giles como las Comoras, las Seychelles o Mauricio para los horizontes de 2050 y 2100. Por \u00faltimo, como el valor cultural de los puertos de la zona es innegable, dada la historia portuaria de cada isla, durante este estudio se desarroll\u00f3 el concepto de Centro Portuario. El producto final se entreg\u00f3 en diciembre de 2022. La APIOI lanzar\u00e1 convocatorias de proyectos en 2023 para continuar los trabajos a nivel de viabilidad y predise\u00f1o.<\/p>\n<p>Este proyecto ha recibido apoyo financiero de la Agencia Francesa de Desarrollo (AFD), dentro de su programa FEXTE.<\/p>\n<\/div>\n\n\t\t\t\t<\/div>\n\n\t\t\t<\/div>\n\n\t\t\t<div class=\"col-lg-6 mt-lg-0 mt-5\">\n\t\t\t\t\n\t\t\t\t\n\t\t\t\t\t<div class=\"anime-in-view\"><p><img loading=\"lazy\" decoding=\"async\" class=\"alignnone size-medium wp-image-88260\" src=\"https:\/\/www.aivp.org\/wp-content\/uploads\/2023\/02\/Agence-Francaise-de-Developpement-AFD-690x287.jpg\" alt=\"\" width=\"690\" height=\"287\" srcset=\"https:\/\/www.aivp.org\/wp-content\/uploads\/2023\/02\/Agence-Francaise-de-Developpement-AFD-690x287.jpg 690w, https:\/\/www.aivp.org\/wp-content\/uploads\/2023\/02\/Agence-Francaise-de-Developpement-AFD-1140x474.jpg 1140w, https:\/\/www.aivp.org\/wp-content\/uploads\/2023\/02\/Agence-Francaise-de-Developpement-AFD-768x320.jpg 768w, https:\/\/www.aivp.org\/wp-content\/uploads\/2023\/02\/Agence-Francaise-de-Developpement-AFD-255x106.jpg 255w, https:\/\/www.aivp.org\/wp-content\/uploads\/2023\/02\/Agence-Francaise-de-Developpement-AFD-360x150.jpg 360w, https:\/\/www.aivp.org\/wp-content\/uploads\/2023\/02\/Agence-Francaise-de-Developpement-AFD-171x71.jpg 171w, https:\/\/www.aivp.org\/wp-content\/uploads\/2023\/02\/Agence-Francaise-de-Developpement-AFD-548x228.jpg 548w, https:\/\/www.aivp.org\/wp-content\/uploads\/2023\/02\/Agence-Francaise-de-Developpement-AFD.jpg 1341w\" sizes=\"auto, (max-width: 690px) 100vw, 690px\" \/><\/p>\n<\/div>\n\n\t\t\t<\/div>\n\n\t\t<\/div>\n\n\n\t\t<div class=\"waves position-absolute d-none d-xl-block\" id=\"wave_1\" >\n    <svg xmlns=\"http:\/\/www.w3.org\/2000\/svg\" width=\"83.591\" height=\"8\" viewBox=\"0 0 83.591 8\"><g transform=\"translate(-0.001 -123.628)\"><path class=\"wave\" style=\"stroke:none;\" d=\"M355.4,126.737a12.46,12.46,0,0,1,2.682,1.837c1.744,1.431,3.72,3.054,7.539,3.054s5.8-1.622,7.539-3.054c1.632-1.34,3.042-2.5,5.985-2.5a1.224,1.224,0,0,0,0-2.449c-3.819,0-5.8,1.622-7.539,3.054-1.632,1.34-3.042,2.5-5.985,2.5s-4.353-1.157-5.985-2.5a14.548,14.548,0,0,0-3.213-2.17,1.225,1.225,0,0,0-1.023,2.225Z\" transform=\"translate(-296.78)\"\/><path class=\"wave\" style=\"stroke:none;\" d=\"M1.225,126.078c2.942,0,4.352,1.157,5.985,2.5,1.743,1.431,3.719,3.053,7.539,3.053s5.8-1.622,7.539-3.053c1.632-1.34,3.042-2.5,5.985-2.5s4.352,1.157,5.985,2.5c1.743,1.431,3.719,3.053,7.539,3.053s5.8-1.622,7.539-3.053c1.583-1.3,2.95-2.422,5.7-2.494a1.224,1.224,0,0,0-.064-2.448,10.748,10.748,0,0,0-7.195,3.049c-1.632,1.34-3.042,2.5-5.985,2.5s-4.352-1.157-5.985-2.5c-1.743-1.431-3.719-3.054-7.538-3.054s-5.8,1.622-7.539,3.054c-1.632,1.34-3.042,2.5-5.985,2.5s-4.352-1.157-5.985-2.5c-1.743-1.431-3.719-3.054-7.539-3.054a1.224,1.224,0,0,0,0,2.449Z\" transform=\"translate(0 -0.001)\"\/><\/g><\/svg><\/div>\n<div class=\"waves position-absolute d-none d-xl-block\" id=\"wave_2\" >\n    <svg xmlns=\"http:\/\/www.w3.org\/2000\/svg\" width=\"83.591\" height=\"8\" viewBox=\"0 0 83.591 8\"><path class=\"wave\" style=\"stroke:none;\" d=\"M379.658,126.737a12.46,12.46,0,0,0-2.682,1.837c-1.744,1.431-3.72,3.053-7.539,3.053s-5.8-1.622-7.539-3.053c-1.632-1.34-3.042-2.5-5.985-2.5a1.224,1.224,0,0,1,0-2.449c3.819,0,5.8,1.622,7.539,3.053,1.633,1.34,3.042,2.5,5.985,2.5s4.353-1.157,5.985-2.5a14.548,14.548,0,0,1,3.213-2.17,1.225,1.225,0,0,1,1.023,2.225Z\" transform=\"translate(-354.688 -123.628)\"\/><path class=\"wave\" style=\"stroke:none;\" d=\"M55.007,126.078c-2.942,0-4.352,1.157-5.985,2.5-1.743,1.431-3.719,3.053-7.539,3.053s-5.8-1.622-7.539-3.053c-1.632-1.34-3.042-2.5-5.985-2.5s-4.352,1.157-5.985,2.5c-1.743,1.431-3.719,3.053-7.539,3.053s-5.8-1.622-7.539-3.053c-1.583-1.3-2.95-2.422-5.7-2.494a1.224,1.224,0,0,1,.064-2.448,10.748,10.748,0,0,1,7.195,3.049c1.632,1.34,3.042,2.5,5.985,2.5s4.352-1.157,5.985-2.5c1.743-1.431,3.719-3.053,7.539-3.053s5.8,1.622,7.539,3.053c1.632,1.34,3.042,2.5,5.985,2.5s4.352-1.157,5.985-2.5c1.743-1.431,3.719-3.053,7.539-3.053a1.224,1.224,0,0,1,0,2.449Z\" transform=\"translate(27.36 -123.629)\"\/><\/svg><\/div>\n\t<\/div>\n\n<\/div>","protected":false},"excerpt":{"rendered":"","protected":false},"author":119,"featured_media":0,"parent":86805,"menu_order":0,"comment_status":"closed","ping_status":"closed","template":"","meta":{"_acf_changed":false,"footnotes":""},"class_list":["post-88847","page","type-page","status-publish","hentry"],"acf":[],"yoast_head":"<!-- This site is optimized with the Yoast SEO plugin v26.8 - https:\/\/yoast.com\/product\/yoast-seo-wordpress\/ -->\n<title>AFD - AIVP<\/title>\n<meta name=\"robots\" content=\"index, follow, max-snippet:-1, max-image-preview:large, max-video-preview:-1\" \/>\n<link rel=\"canonical\" href=\"https:\/\/www.aivp.org\/es\/proyectos-de-cooperacion-internacional\/afd\/\" \/>\n<meta property=\"og:locale\" content=\"es_ES\" \/>\n<meta property=\"og:type\" content=\"article\" \/>\n<meta property=\"og:title\" content=\"AFD - AIVP\" \/>\n<meta property=\"og:url\" content=\"https:\/\/www.aivp.org\/es\/proyectos-de-cooperacion-internacional\/afd\/\" \/>\n<meta property=\"og:site_name\" content=\"AIVP\" \/>\n<meta property=\"article:modified_time\" content=\"2023-02-17T13:28:25+00:00\" \/>\n<meta name=\"twitter:card\" content=\"summary_large_image\" \/>\n<script type=\"application\/ld+json\" class=\"yoast-schema-graph\">{\"@context\":\"https:\/\/schema.org\",\"@graph\":[{\"@type\":\"WebPage\",\"@id\":\"https:\/\/www.aivp.org\/es\/proyectos-de-cooperacion-internacional\/afd\/\",\"url\":\"https:\/\/www.aivp.org\/es\/proyectos-de-cooperacion-internacional\/afd\/\",\"name\":\"AFD - AIVP\",\"isPartOf\":{\"@id\":\"https:\/\/www.aivp.org\/es\/#website\"},\"datePublished\":\"2023-02-15T15:31:55+00:00\",\"dateModified\":\"2023-02-17T13:28:25+00:00\",\"breadcrumb\":{\"@id\":\"https:\/\/www.aivp.org\/es\/proyectos-de-cooperacion-internacional\/afd\/#breadcrumb\"},\"inLanguage\":\"es\",\"potentialAction\":[{\"@type\":\"ReadAction\",\"target\":[\"https:\/\/www.aivp.org\/es\/proyectos-de-cooperacion-internacional\/afd\/\"]}]},{\"@type\":\"BreadcrumbList\",\"@id\":\"https:\/\/www.aivp.org\/es\/proyectos-de-cooperacion-internacional\/afd\/#breadcrumb\",\"itemListElement\":[{\"@type\":\"ListItem\",\"position\":1,\"name\":\"Home\",\"item\":\"https:\/\/www.aivp.org\/es\/\"},{\"@type\":\"ListItem\",\"position\":2,\"name\":\"Proyectos de cooperaci\u00f3n internacional\",\"item\":\"https:\/\/www.aivp.org\/es\/proyectos-de-cooperacion-internacional\/\"},{\"@type\":\"ListItem\",\"position\":3,\"name\":\"AFD\"}]},{\"@type\":\"WebSite\",\"@id\":\"https:\/\/www.aivp.org\/es\/#website\",\"url\":\"https:\/\/www.aivp.org\/es\/\",\"name\":\"AIVP\",\"description\":\"Inspiring people of port cities\",\"publisher\":{\"@id\":\"https:\/\/www.aivp.org\/es\/#organization\"},\"potentialAction\":[{\"@type\":\"SearchAction\",\"target\":{\"@type\":\"EntryPoint\",\"urlTemplate\":\"https:\/\/www.aivp.org\/es\/?s={search_term_string}\"},\"query-input\":{\"@type\":\"PropertyValueSpecification\",\"valueRequired\":true,\"valueName\":\"search_term_string\"}}],\"inLanguage\":\"es\"},{\"@type\":\"Organization\",\"@id\":\"https:\/\/www.aivp.org\/es\/#organization\",\"name\":\"AIVP\",\"url\":\"https:\/\/www.aivp.org\/es\/\",\"logo\":{\"@type\":\"ImageObject\",\"inLanguage\":\"es\",\"@id\":\"https:\/\/www.aivp.org\/es\/#\/schema\/logo\/image\/\",\"url\":\"https:\/\/www.aivp.org\/wp-content\/uploads\/2020\/07\/cropped-favicon.png\",\"contentUrl\":\"https:\/\/www.aivp.org\/wp-content\/uploads\/2020\/07\/cropped-favicon.png\",\"width\":512,\"height\":512,\"caption\":\"AIVP\"},\"image\":{\"@id\":\"https:\/\/www.aivp.org\/es\/#\/schema\/logo\/image\/\"}}]}<\/script>\n<!-- \/ Yoast SEO plugin. -->","yoast_head_json":{"title":"AFD - AIVP","robots":{"index":"index","follow":"follow","max-snippet":"max-snippet:-1","max-image-preview":"max-image-preview:large","max-video-preview":"max-video-preview:-1"},"canonical":"https:\/\/www.aivp.org\/es\/proyectos-de-cooperacion-internacional\/afd\/","og_locale":"es_ES","og_type":"article","og_title":"AFD - AIVP","og_url":"https:\/\/www.aivp.org\/es\/proyectos-de-cooperacion-internacional\/afd\/","og_site_name":"AIVP","article_modified_time":"2023-02-17T13:28:25+00:00","twitter_card":"summary_large_image","schema":{"@context":"https:\/\/schema.org","@graph":[{"@type":"WebPage","@id":"https:\/\/www.aivp.org\/es\/proyectos-de-cooperacion-internacional\/afd\/","url":"https:\/\/www.aivp.org\/es\/proyectos-de-cooperacion-internacional\/afd\/","name":"AFD - AIVP","isPartOf":{"@id":"https:\/\/www.aivp.org\/es\/#website"},"datePublished":"2023-02-15T15:31:55+00:00","dateModified":"2023-02-17T13:28:25+00:00","breadcrumb":{"@id":"https:\/\/www.aivp.org\/es\/proyectos-de-cooperacion-internacional\/afd\/#breadcrumb"},"inLanguage":"es","potentialAction":[{"@type":"ReadAction","target":["https:\/\/www.aivp.org\/es\/proyectos-de-cooperacion-internacional\/afd\/"]}]},{"@type":"BreadcrumbList","@id":"https:\/\/www.aivp.org\/es\/proyectos-de-cooperacion-internacional\/afd\/#breadcrumb","itemListElement":[{"@type":"ListItem","position":1,"name":"Home","item":"https:\/\/www.aivp.org\/es\/"},{"@type":"ListItem","position":2,"name":"Proyectos de cooperaci\u00f3n internacional","item":"https:\/\/www.aivp.org\/es\/proyectos-de-cooperacion-internacional\/"},{"@type":"ListItem","position":3,"name":"AFD"}]},{"@type":"WebSite","@id":"https:\/\/www.aivp.org\/es\/#website","url":"https:\/\/www.aivp.org\/es\/","name":"AIVP","description":"Inspiring people of port cities","publisher":{"@id":"https:\/\/www.aivp.org\/es\/#organization"},"potentialAction":[{"@type":"SearchAction","target":{"@type":"EntryPoint","urlTemplate":"https:\/\/www.aivp.org\/es\/?s={search_term_string}"},"query-input":{"@type":"PropertyValueSpecification","valueRequired":true,"valueName":"search_term_string"}}],"inLanguage":"es"},{"@type":"Organization","@id":"https:\/\/www.aivp.org\/es\/#organization","name":"AIVP","url":"https:\/\/www.aivp.org\/es\/","logo":{"@type":"ImageObject","inLanguage":"es","@id":"https:\/\/www.aivp.org\/es\/#\/schema\/logo\/image\/","url":"https:\/\/www.aivp.org\/wp-content\/uploads\/2020\/07\/cropped-favicon.png","contentUrl":"https:\/\/www.aivp.org\/wp-content\/uploads\/2020\/07\/cropped-favicon.png","width":512,"height":512,"caption":"AIVP"},"image":{"@id":"https:\/\/www.aivp.org\/es\/#\/schema\/logo\/image\/"}}]}},"_links":{"self":[{"href":"https:\/\/www.aivp.org\/es\/wp-json\/wp\/v2\/pages\/88847","targetHints":{"allow":["GET"]}}],"collection":[{"href":"https:\/\/www.aivp.org\/es\/wp-json\/wp\/v2\/pages"}],"about":[{"href":"https:\/\/www.aivp.org\/es\/wp-json\/wp\/v2\/types\/page"}],"author":[{"embeddable":true,"href":"https:\/\/www.aivp.org\/es\/wp-json\/wp\/v2\/users\/119"}],"replies":[{"embeddable":true,"href":"https:\/\/www.aivp.org\/es\/wp-json\/wp\/v2\/comments?post=88847"}],"version-history":[{"count":3,"href":"https:\/\/www.aivp.org\/es\/wp-json\/wp\/v2\/pages\/88847\/revisions"}],"predecessor-version":[{"id":89054,"href":"https:\/\/www.aivp.org\/es\/wp-json\/wp\/v2\/pages\/88847\/revisions\/89054"}],"up":[{"embeddable":true,"href":"https:\/\/www.aivp.org\/es\/wp-json\/wp\/v2\/pages\/86805"}],"wp:attachment":[{"href":"https:\/\/www.aivp.org\/es\/wp-json\/wp\/v2\/media?parent=88847"}],"curies":[{"name":"wp","href":"https:\/\/api.w.org\/{rel}","templated":true}]}}